{"id":736,"date":"2024-09-06T11:02:57","date_gmt":"2024-09-06T09:02:57","guid":{"rendered":"https:\/\/preproduccion.pinkstone.es\/maipu\/?page_id=736"},"modified":"2026-04-13T11:26:49","modified_gmt":"2026-04-13T09:26:49","slug":"contacta","status":"publish","type":"page","link":"https:\/\/grupomaipu.com\/es-ch\/contacta\/","title":{"rendered":"Contacta"},"content":{"rendered":"<section class=\"l-section wpb_row us_custom_d76af2de height_medium with_img parallax_ver with_shape\"><div class=\"l-section-img\" role=\"img\" data-img-width=\"1380\" data-img-height=\"776\" style=\"background-image: url(https:\/\/grupomaipu.com\/es-ch\/wp-content\/uploads\/sites\/3\/2024\/09\/primer-hombre-revisando-movil_23-2148479529.jpg);background-repeat: no-repeat;\"><\/div><div class=\"l-section-overlay\" style=\"background:rgba(24,62,115,0.64)\"><\/div><div class=\"l-section-shape type_triangle pos_bottom\" style=\"height:7vmin;\"><svg xmlns=\"http:\/\/www.w3.org\/2000\/svg\" viewBox=\"0 0 64 8\" preserveAspectRatio=\"none\" width=\"100%\" height=\"100%\">\r\n\t<path fill=\"currentColor\" d=\"M64 8 L0 8 L0 0 L32 7.9 L64 0 Z\"\/>\r\n<\/svg><\/div><div class=\"l-section-h i-cf\"><div class=\"g-cols vc_row via_grid cols_1 laptops-cols_inherit tablets-cols_inherit mobiles-cols_1 valign_top type_default stacking_default\"><div class=\"wpb_column vc_column_container\"><div class=\"vc_column-inner\"><h1 class=\"w-post-elm post_title us_custom_345590ef has_text_color align_center entry-title color_link_inherit\">Contacta<\/h1><div class=\"w-separator size_small with_line width_30 thick_1 style_solid color_border align_center\"><div class=\"w-separator-h\"><\/div><\/div><\/div><\/div><\/div><\/div><\/section><section class=\"l-section wpb_row us_custom_ea56f62c height_medium\"><div class=\"l-section-h i-cf\"><div class=\"g-cols vc_row via_grid cols_2 laptops-cols_inherit tablets-cols_inherit mobiles-cols_1 valign_top type_default stacking_default\"><div class=\"wpb_column vc_column_container us_custom_ca3d0ba2 has_bg_color\"><div class=\"vc_column-inner\"><div class=\"wpb_text_column us_custom_88a41599 has_text_color\"><div class=\"wpb_wrapper\"><p style=\"text-align: center;\">Ll\u00e1manos al <a href=\"tel:56232033310\">56 2 3203 3310<\/a> o rellene el siguiente formulario y nosotros te llamamos<\/p>\n<\/div><\/div>\n<div class=\"wpcf7 no-js\" id=\"wpcf7-f1478-o1\" lang=\"es-ES\" dir=\"ltr\" data-wpcf7-id=\"1478\">\n<div class=\"screen-reader-response\"><p role=\"status\" aria-live=\"polite\" aria-atomic=\"true\"><\/p> <ul><\/ul><\/div>\n<form action=\"\/es-ch\/wp-json\/wp\/v2\/pages\/736#wpcf7-f1478-o1\" method=\"post\" class=\"wpcf7-form init\" aria-label=\"Formulario de contacto\" novalidate=\"novalidate\" data-status=\"init\">\n<div style=\"display: none;\">\n<input type=\"hidden\" name=\"_wpcf7\" value=\"1478\" \/>\n<input type=\"hidden\" name=\"_wpcf7_version\" value=\"6.0\" \/>\n<input type=\"hidden\" name=\"_wpcf7_locale\" value=\"es_ES\" \/>\n<input type=\"hidden\" name=\"_wpcf7_unit_tag\" value=\"wpcf7-f1478-o1\" \/>\n<input type=\"hidden\" name=\"_wpcf7_container_post\" value=\"0\" \/>\n<input type=\"hidden\" name=\"_wpcf7_posted_data_hash\" value=\"\" \/>\n<\/div>\n<div id=\"responsive-form\" class=\"clearfix\">\n\t<div class=\"form-row\">\n\t\t<div class=\"column-full\">\n\t\t\t<p><span class=\"wpcf7-form-control-wrap\" data-name=\"nombre2\"><input size=\"40\" maxlength=\"400\" class=\"wpcf7-form-control wpcf7-text wpcf7-validates-as-required\" aria-required=\"true\" aria-invalid=\"false\" placeholder=\"Nombre\" value=\"\" type=\"text\" name=\"nombre2\" \/><\/span>\n\t\t\t<\/p>\n\t\t<\/div>\n\t<\/div>\n\t<div class=\"form-row\">\n\t\t<div class=\"column-half\">\n\t\t\t<p><span class=\"wpcf7-form-control-wrap\" data-name=\"email\"><input size=\"40\" maxlength=\"400\" class=\"wpcf7-form-control wpcf7-email wpcf7-validates-as-required wpcf7-text wpcf7-validates-as-email\" aria-required=\"true\" aria-invalid=\"false\" placeholder=\"Email\" value=\"\" type=\"email\" name=\"email\" \/><\/span>\n\t\t\t<\/p>\n\t\t<\/div>\n\t\t<div class=\"column-half\">\n\t\t\t<p><span class=\"wpcf7-form-control-wrap\" data-name=\"tel\"><input size=\"40\" maxlength=\"400\" class=\"wpcf7-form-control wpcf7-tel wpcf7-validates-as-required wpcf7-text wpcf7-validates-as-tel\" aria-required=\"true\" aria-invalid=\"false\" placeholder=\"Tel\u00e9fono\" value=\"\" type=\"tel\" name=\"tel\" \/><\/span>\n\t\t\t<\/p>\n\t\t<\/div>\n\t<\/div>\n\t<div class=\"form-row\">\n\t\t<div class=\"column-full\">\n\t\t\t<p><span class=\"wpcf7-form-control-wrap\" data-name=\"textarea-207\"><textarea cols=\"40\" rows=\"10\" maxlength=\"2000\" class=\"wpcf7-form-control wpcf7-textarea\" aria-invalid=\"false\" placeholder=\"Descripci\u00f3n\" name=\"textarea-207\"><\/textarea><\/span>\n\t\t\t<\/p>\n\t\t<\/div>\n\t<\/div>\n\t<div class=\"form-row\">\n\t\t<div class=\"column-full\">\n\t\t\t<div id=\"cf7sr-69f169c11a214\" class=\"cf7sr-g-recaptcha\" data-theme=\"light\" data-type=\"image\" data-size=\"normal\" data-sitekey=\"6LcrMzcqAAAAAA3KUIlNhonPvTAyGF7JEpgle6zf\"><\/div><span class=\"wpcf7-form-control-wrap cf7sr-recaptcha\" data-name=\"cf7sr-recaptcha\"><input type=\"hidden\" name=\"cf7sr-recaptcha\" value=\"\" class=\"wpcf7-form-control\"><\/span>\n\t\t\t<\/p>\n\t\t<\/div>\n\t<\/div>\n\t<p><span id=\"wpcf7-69f169c11a0d2-wrapper\" class=\"wpcf7-form-control-wrap honeypot-750-wrap\" style=\"display:none !important; visibility:hidden !important;\"><label for=\"wpcf7-69f169c11a0d2-field\" class=\"hp-message\">Por favor, deja este campo vac\u00edo.<\/label><input id=\"wpcf7-69f169c11a0d2-field\"  class=\"wpcf7-form-control wpcf7-text\" type=\"text\" name=\"honeypot-750\" value=\"\" size=\"40\" tabindex=\"-1\" autocomplete=\"new-password\" \/><\/span>\n\t<\/p>\n\t<div class=\"column-full\">\n\t\t<p><span class=\"wpcf7-form-control-wrap\" data-name=\"acceptance-101\"><span class=\"wpcf7-form-control wpcf7-acceptance\"><span class=\"wpcf7-list-item\"><label><input type=\"checkbox\" name=\"acceptance-101\" value=\"1\" aria-invalid=\"false\" \/><span class=\"wpcf7-list-item-label\">He le\u00eddo y acepto la <a href=\"https:\/\/grupomaipu.com\/\/politica-de-privacidad\/\" target=\"_blank\">Pol\u00edtica de Privacidad<\/a><\/span><\/label><\/span><\/span><\/span>\n\t\t<\/p>\n\t<\/div>\n\t<div class=\"form-row\">\n\t\t<div class=\"column-full\">\n\t\t\t<p><input class=\"wpcf7-form-control wpcf7-submit has-spinner\" type=\"submit\" value=\"Enviar\" \/>\n\t\t\t<\/p>\n\t\t<\/div>\n\t<\/div>\n<\/div><!--end responsive-form--><div class=\"wpcf7-response-output\" aria-hidden=\"true\"><\/div>\n<\/form>\n<\/div>\n<\/div><\/div><div class=\"wpb_column vc_column_container\"><div class=\"vc_column-inner\"><div class=\"g-cols wpb_row us_custom_175defb7 via_grid cols_1 laptops-cols_inherit tablets-cols_inherit mobiles-cols_1 valign_middle type_default stacking_default\" style=\"--gap:3rem;\"><div class=\"wpb_column vc_column_container\"><div class=\"vc_column-inner\"><h2 class=\"w-text us_custom_c1943386 has_text_color\"><span class=\"w-text-h\"><span class=\"w-text-value\">\u00bfNecesitas ayuda? \u00a1Cont\u00e1ctanos hoy mismo!<\/span><\/span><\/h2><div class=\"wpb_text_column us_custom_4a13489a has_text_color\"><div class=\"wpb_wrapper\"><p>Te ofrecemos una consulta gratuita para analizar tus necesidades y ofrecerte una propuesta a medida.<\/p>\n<\/div><\/div><div class=\"w-separator size_small\"><\/div><div class=\"w-iconbox us_custom_8b3d6790 has_text_color iconpos_left style_default color_primary align_left no_title\" id=\"email\"><div class=\"w-iconbox-icon\" style=\"font-size:1.2rem;\"><i class=\"fas fa-envelope\"><\/i><\/div><div class=\"w-iconbox-meta\"><div class=\"w-iconbox-text\"><p><strong>Email:<\/strong> <a href=\"mailto:info.cl@grupomaipu.com\">info.cl@grupomaipu.com<\/a><\/p>\n<\/div><\/div><\/div><\/div><\/div><\/div><div class=\"w-separator size_small\"><\/div><div class=\"w-vwrapper us_custom_19113836 us_animate_this align_none valign_top\" style=\"--vwrapper-gap:0.3rem\"><div class=\"w-text us_custom_a9853ae7\"><span class=\"w-text-h\"><span class=\"w-text-value\">Tel\u00e9fonos:<\/span><\/span><\/div><div class=\"w-iconbox us_custom_1e0e9307 iconpos_left style_default color_primary align_left no_title\"><div class=\"w-iconbox-icon\" style=\"font-size:1.5rem;\"><i class=\"fas fa-phone\"><\/i><\/div><div class=\"w-iconbox-meta\"><div class=\"w-iconbox-text\"><p><a href=\"tel:+56941562699\">+56 9 41562699<\/a><\/p>\n<\/div><\/div><\/div><div class=\"w-iconbox us_custom_1e0e9307 iconpos_left style_default color_primary align_left no_title\"><div class=\"w-iconbox-icon\" style=\"font-size:1.5rem;\"><i class=\"fas fa-phone\"><\/i><\/div><div class=\"w-iconbox-meta\"><div class=\"w-iconbox-text\"><p><a href=\"tel:+56 964868700\">+56 964868700<\/a><\/p>\n<\/div><\/div><\/div><div class=\"w-iconbox us_custom_1e0e9307 iconpos_left style_default color_primary align_left no_title\"><div class=\"w-iconbox-icon\" style=\"font-size:1.5rem;\"><i class=\"fas fa-phone\"><\/i><\/div><div class=\"w-iconbox-meta\"><div class=\"w-iconbox-text\"><p>+56 992355953<\/p>\n<\/div><\/div><\/div><\/div><div class=\"w-separator size_custom\" style=\"height:20px\"><\/div><div class=\"w-iconbox iconpos_left style_default color_primary align_left no_title\"><div class=\"w-iconbox-icon\" style=\"font-size:1.5rem;\"><i class=\"fas fa-map-marker-alt\"><\/i><\/div><div class=\"w-iconbox-meta\"><div class=\"w-iconbox-text\"><p><span>Calle Serrano 73 Oficina 609, c<\/span><span>\u00f3digo postal 8330128.<\/span><br \/>\n<b>Santiago, Regi\u00f3n Metropolitana.<\/b><\/p>\n<\/div><\/div><\/div><div class=\"w-separator size_small\"><\/div><div class=\"w-html\"><iframe style=\"border-radius: 10px;\"src=\"https:\/\/www.google.com\/maps\/embed?pb=!1m18!1m12!1m3!1d208.071701245691!2d-70.64940102537093!3d-33.445470785853466!2m3!1f0!2f0!3f0!3m2!1i1024!2i768!4f13.1!3m3!1m2!1s0x9662c553268f4893%3A0x796f479f35277908!2sSerrano%2073%2C%20Oficina%20609%2C%208330128%20Santiago%2C%20Regi%C3%B3n%20Metropolitana%2C%20Chile!5e0!3m2!1ses!2ses!4v1731436593144!5m2!1ses!2ses\" width=\"100%\" height=\"200\" style=\"border:0;\" allowfullscreen=\"\" loading=\"lazy\" referrerpolicy=\"no-referrer-when-downgrade\"><\/iframe><\/div><\/div><\/div><\/div><\/div><\/section>\n","protected":false},"excerpt":{"rendered":"ContactaLl\u00e1manos al 56 2 3203 3310 o rellene el siguiente formulario y nosotros te llamamos Por favor, deja este campo vac\u00edo. He le\u00eddo y acepto la Pol\u00edtica de Privacidad \u00bfNecesitas ayuda? \u00a1Cont\u00e1ctanos hoy mismo!Te ofrecemos una consulta gratuita para analizar tus necesidades y ofrecerte una propuesta a medida. Email: info.cl@grupomaipu.com Tel\u00e9fonos:+56 9 41562699 +56 964868700...","protected":false},"author":1,"featured_media":0,"parent":0,"menu_order":0,"comment_status":"closed","ping_status":"closed","template":"","meta":{"_acf_changed":false,"_joinchat":[],"footnotes":""},"class_list":["post-736","page","type-page","status-publish","hentry"],"acf":[],"yoast_head":"<!-- This site is optimized with the Yoast SEO plugin v23.9 - https:\/\/yoast.com\/wordpress\/plugins\/seo\/ -->\n<title>Contacta - Grupo Maip\u00fa Chile<\/title>\n<meta name=\"description\" content=\"\u00a1Estamos aqu\u00ed para ayudarte! Cont\u00e1ctanos para una consulta gratuita y descubre c\u00f3mo podemos atender tus necesidades de subcontrataci\u00f3n.\" \/>\n<meta name=\"robots\" content=\"index, follow, max-snippet:-1, max-image-preview:large, max-video-preview:-1\" \/>\n<link rel=\"canonical\" href=\"https:\/\/grupomaipu.com\/es-ch\/contacta\/\" \/>\n<meta property=\"og:locale\" content=\"es_ES\" \/>\n<meta property=\"og:type\" content=\"article\" \/>\n<meta property=\"og:title\" content=\"Contacta - Grupo Maip\u00fa Chile\" \/>\n<meta property=\"og:description\" content=\"\u00a1Estamos aqu\u00ed para ayudarte! Cont\u00e1ctanos para una consulta gratuita y descubre c\u00f3mo podemos atender tus necesidades de subcontrataci\u00f3n.\" \/>\n<meta property=\"og:url\" content=\"https:\/\/grupomaipu.com\/es-ch\/contacta\/\" \/>\n<meta property=\"og:site_name\" content=\"Grupo Maip\u00fa Chile\" \/>\n<meta property=\"article:modified_time\" content=\"2026-04-13T09:26:49+00:00\" \/>\n<meta name=\"twitter:card\" content=\"summary_large_image\" \/>\n<meta name=\"twitter:label1\" content=\"Tiempo de lectura\" \/>\n\t<meta name=\"twitter:data1\" content=\"1 minuto\" \/>\n<script type=\"application\/ld+json\" class=\"yoast-schema-graph\">{\"@context\":\"https:\/\/schema.org\",\"@graph\":[{\"@type\":\"WebPage\",\"@id\":\"https:\/\/grupomaipu.com\/es-ch\/contacta\/\",\"url\":\"https:\/\/grupomaipu.com\/es-ch\/contacta\/\",\"name\":\"Contacta - Grupo Maip\u00fa Chile\",\"isPartOf\":{\"@id\":\"\/#website\"},\"datePublished\":\"2024-09-06T09:02:57+00:00\",\"dateModified\":\"2026-04-13T09:26:49+00:00\",\"description\":\"\u00a1Estamos aqu\u00ed para ayudarte! Cont\u00e1ctanos para una consulta gratuita y descubre c\u00f3mo podemos atender tus necesidades de subcontrataci\u00f3n.\",\"breadcrumb\":{\"@id\":\"https:\/\/grupomaipu.com\/es-ch\/contacta\/#breadcrumb\"},\"inLanguage\":\"es\",\"potentialAction\":[{\"@type\":\"ReadAction\",\"target\":[\"https:\/\/grupomaipu.com\/es-ch\/contacta\/\"]}]},{\"@type\":\"BreadcrumbList\",\"@id\":\"https:\/\/grupomaipu.com\/es-ch\/contacta\/#breadcrumb\",\"itemListElement\":[{\"@type\":\"ListItem\",\"position\":1,\"name\":\"Portada\",\"item\":\"https:\/\/grupomaipu.com\/es-ch\/\"},{\"@type\":\"ListItem\",\"position\":2,\"name\":\"Contacta\"}]},{\"@type\":\"WebSite\",\"@id\":\"\/#website\",\"url\":\"\/\",\"name\":\"Grupo Maip\u00fa Chile\",\"description\":\"\",\"publisher\":{\"@id\":\"\/#organization\"},\"potentialAction\":[{\"@type\":\"SearchAction\",\"target\":{\"@type\":\"EntryPoint\",\"urlTemplate\":\"\/?s={search_term_string}\"},\"query-input\":{\"@type\":\"PropertyValueSpecification\",\"valueRequired\":true,\"valueName\":\"search_term_string\"}}],\"inLanguage\":\"es\"},{\"@type\":\"Organization\",\"@id\":\"\/#organization\",\"name\":\"Grupo Maip\u00fa Chile\",\"url\":\"\/\",\"logo\":{\"@type\":\"ImageObject\",\"inLanguage\":\"es\",\"@id\":\"\/#\/schema\/logo\/image\/\",\"url\":\"https:\/\/grupomaipu.com\/es-ch\/wp-content\/uploads\/sites\/3\/2024\/08\/Maipu-principal-todosloslogotipos-01.png\",\"contentUrl\":\"https:\/\/grupomaipu.com\/es-ch\/wp-content\/uploads\/sites\/3\/2024\/08\/Maipu-principal-todosloslogotipos-01.png\",\"width\":1612,\"height\":793,\"caption\":\"Grupo Maip\u00fa Chile\"},\"image\":{\"@id\":\"\/#\/schema\/logo\/image\/\"}}]}<\/script>\n<!-- \/ Yoast SEO plugin. -->","yoast_head_json":{"title":"Contacta - Grupo Maip\u00fa Chile","description":"\u00a1Estamos aqu\u00ed para ayudarte! Cont\u00e1ctanos para una consulta gratuita y descubre c\u00f3mo podemos atender tus necesidades de subcontrataci\u00f3n.","robots":{"index":"index","follow":"follow","max-snippet":"max-snippet:-1","max-image-preview":"max-image-preview:large","max-video-preview":"max-video-preview:-1"},"canonical":"https:\/\/grupomaipu.com\/es-ch\/contacta\/","og_locale":"es_ES","og_type":"article","og_title":"Contacta - Grupo Maip\u00fa Chile","og_description":"\u00a1Estamos aqu\u00ed para ayudarte! Cont\u00e1ctanos para una consulta gratuita y descubre c\u00f3mo podemos atender tus necesidades de subcontrataci\u00f3n.","og_url":"https:\/\/grupomaipu.com\/es-ch\/contacta\/","og_site_name":"Grupo Maip\u00fa Chile","article_modified_time":"2026-04-13T09:26:49+00:00","twitter_card":"summary_large_image","twitter_misc":{"Tiempo de lectura":"1 minuto"},"schema":{"@context":"https:\/\/schema.org","@graph":[{"@type":"WebPage","@id":"https:\/\/grupomaipu.com\/es-ch\/contacta\/","url":"https:\/\/grupomaipu.com\/es-ch\/contacta\/","name":"Contacta - Grupo Maip\u00fa Chile","isPartOf":{"@id":"\/#website"},"datePublished":"2024-09-06T09:02:57+00:00","dateModified":"2026-04-13T09:26:49+00:00","description":"\u00a1Estamos aqu\u00ed para ayudarte! Cont\u00e1ctanos para una consulta gratuita y descubre c\u00f3mo podemos atender tus necesidades de subcontrataci\u00f3n.","breadcrumb":{"@id":"https:\/\/grupomaipu.com\/es-ch\/contacta\/#breadcrumb"},"inLanguage":"es","potentialAction":[{"@type":"ReadAction","target":["https:\/\/grupomaipu.com\/es-ch\/contacta\/"]}]},{"@type":"BreadcrumbList","@id":"https:\/\/grupomaipu.com\/es-ch\/contacta\/#breadcrumb","itemListElement":[{"@type":"ListItem","position":1,"name":"Portada","item":"https:\/\/grupomaipu.com\/es-ch\/"},{"@type":"ListItem","position":2,"name":"Contacta"}]},{"@type":"WebSite","@id":"\/#website","url":"\/","name":"Grupo Maip\u00fa Chile","description":"","publisher":{"@id":"\/#organization"},"potentialAction":[{"@type":"SearchAction","target":{"@type":"EntryPoint","urlTemplate":"\/?s={search_term_string}"},"query-input":{"@type":"PropertyValueSpecification","valueRequired":true,"valueName":"search_term_string"}}],"inLanguage":"es"},{"@type":"Organization","@id":"\/#organization","name":"Grupo Maip\u00fa Chile","url":"\/","logo":{"@type":"ImageObject","inLanguage":"es","@id":"\/#\/schema\/logo\/image\/","url":"https:\/\/grupomaipu.com\/es-ch\/wp-content\/uploads\/sites\/3\/2024\/08\/Maipu-principal-todosloslogotipos-01.png","contentUrl":"https:\/\/grupomaipu.com\/es-ch\/wp-content\/uploads\/sites\/3\/2024\/08\/Maipu-principal-todosloslogotipos-01.png","width":1612,"height":793,"caption":"Grupo Maip\u00fa Chile"},"image":{"@id":"\/#\/schema\/logo\/image\/"}}]}},"_links":{"self":[{"href":"https:\/\/grupomaipu.com\/es-ch\/wp-json\/wp\/v2\/pages\/736"}],"collection":[{"href":"https:\/\/grupomaipu.com\/es-ch\/wp-json\/wp\/v2\/pages"}],"about":[{"href":"https:\/\/grupomaipu.com\/es-ch\/wp-json\/wp\/v2\/types\/page"}],"author":[{"embeddable":true,"href":"https:\/\/grupomaipu.com\/es-ch\/wp-json\/wp\/v2\/users\/1"}],"replies":[{"embeddable":true,"href":"https:\/\/grupomaipu.com\/es-ch\/wp-json\/wp\/v2\/comments?post=736"}],"version-history":[{"count":12,"href":"https:\/\/grupomaipu.com\/es-ch\/wp-json\/wp\/v2\/pages\/736\/revisions"}],"predecessor-version":[{"id":4189,"href":"https:\/\/grupomaipu.com\/es-ch\/wp-json\/wp\/v2\/pages\/736\/revisions\/4189"}],"wp:attachment":[{"href":"https:\/\/grupomaipu.com\/es-ch\/wp-json\/wp\/v2\/media?parent=736"}],"curies":[{"name":"wp","href":"https:\/\/api.w.org\/{rel}","templated":true}]}}