{"id":476,"date":"2024-09-05T09:19:30","date_gmt":"2024-09-05T07:19:30","guid":{"rendered":"https:\/\/preproduccion.pinkstone.es\/maipu\/?page_id=476"},"modified":"2024-11-13T10:04:53","modified_gmt":"2024-11-13T09:04:53","slug":"politica-de-cookies-chile","status":"publish","type":"page","link":"https:\/\/grupomaipu.com\/es-ch\/politica-de-cookies-chile\/","title":{"rendered":"Pol\u00edtica de cookies"},"content":{"rendered":"<h1>Pol\u00edtica de Cookies<\/h1>\n<p>En caso de que la p\u00e1gina web utilice cookies, se deber\u00e1 informar debidamente a las personas que accedan a la p\u00e1gina mediante un pop up que aparezca en el momento del primer acceso de la persona a la p\u00e1gina web. Dicho aviso deber\u00e1 decir lo siguiente:<\/p>\n<p>\u201cPol\u00edtica de cookies: Utilizamos \u00abcookies\u00bb propias y de terceros, algunas son necesarias para el funcionamiento de la web y otras nos permiten analizar tu navegaci\u00f3n para inferir tus intereses.<strong><u>\u00a0Aceptar \u2013 Rechazar \u2013 M\u00e1s informaci\u00f3n y pol\u00edtica de cookies<\/u><\/strong>\u201d.<\/p>\n<p>El texto se\u00f1alado puede ser objeto de modificaci\u00f3n en funci\u00f3n del perfil de la organizaci\u00f3n y las finalidades para las que emplea cookies. Debe de configurarse un mecanismo de aceptaci\u00f3n\/rechazo de las cookies de terceros, anal\u00edticas y publicitarias, antes de su efectiva instalaci\u00f3n.<\/p>\n<p>En el texto subrayado y en negrita, deber\u00e1 ponerse un enlace a la pol\u00edtica m\u00e1s extensa de cookies, que deber\u00e1 ser similar a la que a continuaci\u00f3n se propone:<\/p>\n<h2><strong><u>PROPUESTA DE POL\u00cdTICA DE COOKIES<\/u><\/strong><\/h2>\n<p>Una cookie es un fichero que se descarga en el dispositivo del usuario (ordenador, smartphone, tablet) al acceder a determinadas p\u00e1ginas web para almacenar y recuperar informaci\u00f3n sobre la navegaci\u00f3n que se efect\u00faa desde dicho equipo, siendo que existen diferentes tipos de cookie. En ese sentido, encontramos las siguientes clasificaciones y modalidades:<\/p>\n<p>Cookies seg\u00fan la entidad que las gestiona:<\/p>\n<ul>\n<li>Cookies propias: aquellas que se env\u00edan al equipo terminal del usuario desde un equipo o dominio gestionado por el propio prestador del servicio de la sociedad de la informaci\u00f3n.<\/li>\n<\/ul>\n<ul>\n<li>Cookies de terceros: aquellas que se env\u00edan al equipo terminal del usuario desde un equipo o dominio no gestionado por el propio prestador del servicio de la sociedad de la informaci\u00f3n.<\/li>\n<\/ul>\n<p>Cookies seg\u00fan el tiempo que est\u00e1n activas:<\/p>\n<ul>\n<li>Cookies de sesi\u00f3n: recaban y almacenan datos en tanto el usuario permanezca en el sitio web, es decir, \u00fanicamente mientras sea necesario para prestar el servicio solicitado.<\/li>\n<\/ul>\n<ul>\n<li>Cookies persistentes: permanecen almacenadas en el terminal y el sitio web puede acceder a ellas hasta la fecha de expiraci\u00f3n definida por el prestador de servicios de sociedad de la informaci\u00f3n.<\/li>\n<\/ul>\n<p>Cookies seg\u00fan su finalidad:<\/p>\n<ul>\n<li>Cookies t\u00e9cnicas y funcionales: permiten la navegaci\u00f3n por el sitio web y la utilizaci\u00f3n de las distintas opciones o servicios que se ofrecen a trav\u00e9s de \u00e9ste. Estas cookies son necesarias para garantizar el correcto funcionamiento del sitio web.<\/li>\n<\/ul>\n<ul>\n<li>Cookies de personalizaci\u00f3n: permiten al usuario acceder al servicio con algunas caracter\u00edsticas predefinidas, como pueden ser el idioma, el tipo de navegador, o la configuraci\u00f3n regional del equipo.<\/li>\n<\/ul>\n<ul>\n<li>Cookies de an\u00e1lisis: permiten hacer seguimiento y an\u00e1lisis del comportamiento de los usuarios que visitan el sitio web, as\u00ed como una medici\u00f3n de la actividad dentro del mismo, con el prop\u00f3sito de introducir mejoras.<\/li>\n<\/ul>\n<ul>\n<li>Cookies publicitarias y comportamentales: recogen informaci\u00f3n sobre las preferencias y elecciones personales del usuario a trav\u00e9s de una observaci\u00f3n continuada de sus h\u00e1bitos de navegaci\u00f3n, permitiendo el desarrollo de un perfil espec\u00edfico.<\/li>\n<\/ul>\n<p>Las cookies utilizadas por nuestra p\u00e1gina web son de los siguientes tipos:<\/p>\n<ul>\n<li>Cookies estrictamente necesarias para la prestaci\u00f3n de determinados servicios solicitados expresamente por el usuario: si se desactivan estas cookies, no podr\u00e1 recibir correctamente nuestros contenidos y servicios; y<\/li>\n<\/ul>\n<ul>\n<li>Cookies anal\u00edticas (para el seguimiento y an\u00e1lisis estad\u00edstico del comportamiento del conjunto de los usuarios), publicitarias (para la gesti\u00f3n de los espacios publicitarios en base a criterios como la frecuencia en la que se muestran los anuncios) y comportamentales (para la gesti\u00f3n de los espacios publicitarios seg\u00fan el perfil espec\u00edfico del usuario): si se desactivan estas cookies, el sitio web podr\u00e1 seguir funcionando sin perjuicio de que la informaci\u00f3n captada por estas cookies sobre el uso de nuestra web y sobre el \u00e9xito de los anuncios mostrados en ella permite mejorar nuestros servicios y obtener ingresos que nos permiten ofrecerle de forma gratuita muchos contenidos.<\/li>\n<\/ul>\n<p>La informaci\u00f3n obtenida a trav\u00e9s de estas cookies, referida al equipo del usuario, podr\u00e1 ser combinada con sus datos personales s\u00f3lo si Ud. est\u00e1 registrado en este sitio web.<\/p>\n<p>De acuerdo a la Gu\u00eda para el uso de cookies emitido por la Agencia Espa\u00f1ola de Protecci\u00f3n de Datos, se recomienda implementar un cuadro en el cual se informe a los usuarios de la p\u00e1gina web sobre determinados aspectos y caracter\u00edsticas de las cookies empleadas. A tales efectos, facilita por\u00a0<strong>GRUPO MAIP\u00da<\/strong>\u00a0el siguiente cuadro resumen sobre aquellas que utilizamos en el presente sitio web.<\/p>\n<p>\u00bfC\u00f3mo desactivar las cookies?\u00a0El usuario podr\u00e1 -en cualquier momento- elegir qu\u00e9 cookies quiere que funcionen en este sitio web mediante la configuraci\u00f3n del\u00a0navegador; por ejemplo:<\/p>\n<ul>\n<li><strong>Chrome<\/strong>, desde\u00a0<a href=\"http:\/\/support.google.com\/chrome\/bin\/answer.py?hl=es&amp;answer=95647\">http:\/\/support.google.com\/chrome\/bin\/answer.py?hl=es&amp;answer=95647<\/a><\/li>\n<li><strong>Explorer<\/strong>, desde\u00a0\u00a0<a href=\"http:\/\/windows.microsoft.com\/es-es\/windows7\/how-to-manage-cookies-in-internet-explorer-9\">http:\/\/windows.microsoft.com\/es-es\/windows7\/how-to-manage-cookies-in-internet-explorer-9<\/a><\/li>\n<li><strong>Firefox<\/strong>, desde\u00a0<a href=\"http:\/\/support.mozilla.org\/es\/kb\/habilitar-y-deshabilitar-cookies-que-los-sitios-we\">http:\/\/support.mozilla.org\/es\/kb\/habilitar-y-deshabilitar-cookies-que-los-sitios-we<\/a><\/li>\n<li><strong>Safari<\/strong>, desde\u00a0<a href=\"http:\/\/support.apple.com\/kb\/ph5042\">http:\/\/support.apple.com\/kb\/ph5042<\/a><\/li>\n<\/ul>\n","protected":false},"excerpt":{"rendered":"<p>Pol\u00edtica de Cookies En caso de que la p\u00e1gina web utilice cookies, se deber\u00e1 informar debidamente a las personas que accedan a la p\u00e1gina mediante un pop up que aparezca en el momento del primer acceso de la persona a la p\u00e1gina web. Dicho aviso deber\u00e1 decir lo siguiente: \u201cPol\u00edtica de cookies: Utilizamos \u00abcookies\u00bb propias&#8230;<\/p>\n","protected":false},"author":1,"featured_media":0,"parent":0,"menu_order":0,"comment_status":"closed","ping_status":"closed","template":"","meta":{"_acf_changed":false,"_joinchat":[],"footnotes":""},"class_list":["post-476","page","type-page","status-publish","hentry"],"acf":[],"yoast_head":"<!-- This site is optimized with the Yoast SEO plugin v23.9 - https:\/\/yoast.com\/wordpress\/plugins\/seo\/ -->\n<title>Pol\u00edtica de cookies - Grupo Maip\u00fa Chile<\/title>\n<meta name=\"robots\" content=\"index, follow, max-snippet:-1, max-image-preview:large, max-video-preview:-1\" \/>\n<link rel=\"canonical\" href=\"https:\/\/grupomaipu.com\/es-ch\/politica-de-cookies-chile\/\" \/>\n<meta property=\"og:locale\" content=\"es_ES\" \/>\n<meta property=\"og:type\" content=\"article\" \/>\n<meta property=\"og:title\" content=\"Pol\u00edtica de cookies - Grupo Maip\u00fa Chile\" \/>\n<meta property=\"og:description\" content=\"Pol\u00edtica de Cookies En caso de que la p\u00e1gina web utilice cookies, se deber\u00e1 informar debidamente a las personas que accedan a la p\u00e1gina mediante un pop up que aparezca en el momento del primer acceso de la persona a la p\u00e1gina web. Dicho aviso deber\u00e1 decir lo siguiente: \u201cPol\u00edtica de cookies: Utilizamos \u00abcookies\u00bb propias...\" \/>\n<meta property=\"og:url\" content=\"https:\/\/grupomaipu.com\/es-ch\/politica-de-cookies-chile\/\" \/>\n<meta property=\"og:site_name\" content=\"Grupo Maip\u00fa Chile\" \/>\n<meta property=\"article:modified_time\" content=\"2024-11-13T09:04:53+00:00\" \/>\n<meta name=\"twitter:card\" content=\"summary_large_image\" \/>\n<meta name=\"twitter:label1\" content=\"Tiempo de lectura\" \/>\n\t<meta name=\"twitter:data1\" content=\"4 minutos\" \/>\n<script type=\"application\/ld+json\" class=\"yoast-schema-graph\">{\"@context\":\"https:\/\/schema.org\",\"@graph\":[{\"@type\":\"WebPage\",\"@id\":\"https:\/\/grupomaipu.com\/es-ch\/politica-de-cookies-chile\/\",\"url\":\"https:\/\/grupomaipu.com\/es-ch\/politica-de-cookies-chile\/\",\"name\":\"Pol\u00edtica de cookies - Grupo Maip\u00fa Chile\",\"isPartOf\":{\"@id\":\"\/#website\"},\"datePublished\":\"2024-09-05T07:19:30+00:00\",\"dateModified\":\"2024-11-13T09:04:53+00:00\",\"breadcrumb\":{\"@id\":\"https:\/\/grupomaipu.com\/es-ch\/politica-de-cookies-chile\/#breadcrumb\"},\"inLanguage\":\"es\",\"potentialAction\":[{\"@type\":\"ReadAction\",\"target\":[\"https:\/\/grupomaipu.com\/es-ch\/politica-de-cookies-chile\/\"]}]},{\"@type\":\"BreadcrumbList\",\"@id\":\"https:\/\/grupomaipu.com\/es-ch\/politica-de-cookies-chile\/#breadcrumb\",\"itemListElement\":[{\"@type\":\"ListItem\",\"position\":1,\"name\":\"Portada\",\"item\":\"https:\/\/grupomaipu.com\/es-ch\/\"},{\"@type\":\"ListItem\",\"position\":2,\"name\":\"Pol\u00edtica de cookies\"}]},{\"@type\":\"WebSite\",\"@id\":\"\/#website\",\"url\":\"\/\",\"name\":\"Grupo Maip\u00fa Chile\",\"description\":\"\",\"publisher\":{\"@id\":\"\/#organization\"},\"potentialAction\":[{\"@type\":\"SearchAction\",\"target\":{\"@type\":\"EntryPoint\",\"urlTemplate\":\"\/?s={search_term_string}\"},\"query-input\":{\"@type\":\"PropertyValueSpecification\",\"valueRequired\":true,\"valueName\":\"search_term_string\"}}],\"inLanguage\":\"es\"},{\"@type\":\"Organization\",\"@id\":\"\/#organization\",\"name\":\"Grupo Maip\u00fa Chile\",\"url\":\"\/\",\"logo\":{\"@type\":\"ImageObject\",\"inLanguage\":\"es\",\"@id\":\"\/#\/schema\/logo\/image\/\",\"url\":\"https:\/\/grupomaipu.com\/es-ch\/wp-content\/uploads\/sites\/3\/2024\/08\/Maipu-principal-todosloslogotipos-01.png\",\"contentUrl\":\"https:\/\/grupomaipu.com\/es-ch\/wp-content\/uploads\/sites\/3\/2024\/08\/Maipu-principal-todosloslogotipos-01.png\",\"width\":1612,\"height\":793,\"caption\":\"Grupo Maip\u00fa Chile\"},\"image\":{\"@id\":\"\/#\/schema\/logo\/image\/\"}}]}<\/script>\n<!-- \/ Yoast SEO plugin. -->","yoast_head_json":{"title":"Pol\u00edtica de cookies - Grupo Maip\u00fa Chile","robots":{"index":"index","follow":"follow","max-snippet":"max-snippet:-1","max-image-preview":"max-image-preview:large","max-video-preview":"max-video-preview:-1"},"canonical":"https:\/\/grupomaipu.com\/es-ch\/politica-de-cookies-chile\/","og_locale":"es_ES","og_type":"article","og_title":"Pol\u00edtica de cookies - Grupo Maip\u00fa Chile","og_description":"Pol\u00edtica de Cookies En caso de que la p\u00e1gina web utilice cookies, se deber\u00e1 informar debidamente a las personas que accedan a la p\u00e1gina mediante un pop up que aparezca en el momento del primer acceso de la persona a la p\u00e1gina web. Dicho aviso deber\u00e1 decir lo siguiente: \u201cPol\u00edtica de cookies: Utilizamos \u00abcookies\u00bb propias...","og_url":"https:\/\/grupomaipu.com\/es-ch\/politica-de-cookies-chile\/","og_site_name":"Grupo Maip\u00fa Chile","article_modified_time":"2024-11-13T09:04:53+00:00","twitter_card":"summary_large_image","twitter_misc":{"Tiempo de lectura":"4 minutos"},"schema":{"@context":"https:\/\/schema.org","@graph":[{"@type":"WebPage","@id":"https:\/\/grupomaipu.com\/es-ch\/politica-de-cookies-chile\/","url":"https:\/\/grupomaipu.com\/es-ch\/politica-de-cookies-chile\/","name":"Pol\u00edtica de cookies - Grupo Maip\u00fa Chile","isPartOf":{"@id":"\/#website"},"datePublished":"2024-09-05T07:19:30+00:00","dateModified":"2024-11-13T09:04:53+00:00","breadcrumb":{"@id":"https:\/\/grupomaipu.com\/es-ch\/politica-de-cookies-chile\/#breadcrumb"},"inLanguage":"es","potentialAction":[{"@type":"ReadAction","target":["https:\/\/grupomaipu.com\/es-ch\/politica-de-cookies-chile\/"]}]},{"@type":"BreadcrumbList","@id":"https:\/\/grupomaipu.com\/es-ch\/politica-de-cookies-chile\/#breadcrumb","itemListElement":[{"@type":"ListItem","position":1,"name":"Portada","item":"https:\/\/grupomaipu.com\/es-ch\/"},{"@type":"ListItem","position":2,"name":"Pol\u00edtica de cookies"}]},{"@type":"WebSite","@id":"\/#website","url":"\/","name":"Grupo Maip\u00fa Chile","description":"","publisher":{"@id":"\/#organization"},"potentialAction":[{"@type":"SearchAction","target":{"@type":"EntryPoint","urlTemplate":"\/?s={search_term_string}"},"query-input":{"@type":"PropertyValueSpecification","valueRequired":true,"valueName":"search_term_string"}}],"inLanguage":"es"},{"@type":"Organization","@id":"\/#organization","name":"Grupo Maip\u00fa Chile","url":"\/","logo":{"@type":"ImageObject","inLanguage":"es","@id":"\/#\/schema\/logo\/image\/","url":"https:\/\/grupomaipu.com\/es-ch\/wp-content\/uploads\/sites\/3\/2024\/08\/Maipu-principal-todosloslogotipos-01.png","contentUrl":"https:\/\/grupomaipu.com\/es-ch\/wp-content\/uploads\/sites\/3\/2024\/08\/Maipu-principal-todosloslogotipos-01.png","width":1612,"height":793,"caption":"Grupo Maip\u00fa Chile"},"image":{"@id":"\/#\/schema\/logo\/image\/"}}]}},"_links":{"self":[{"href":"https:\/\/grupomaipu.com\/es-ch\/wp-json\/wp\/v2\/pages\/476"}],"collection":[{"href":"https:\/\/grupomaipu.com\/es-ch\/wp-json\/wp\/v2\/pages"}],"about":[{"href":"https:\/\/grupomaipu.com\/es-ch\/wp-json\/wp\/v2\/types\/page"}],"author":[{"embeddable":true,"href":"https:\/\/grupomaipu.com\/es-ch\/wp-json\/wp\/v2\/users\/1"}],"replies":[{"embeddable":true,"href":"https:\/\/grupomaipu.com\/es-ch\/wp-json\/wp\/v2\/comments?post=476"}],"version-history":[{"count":1,"href":"https:\/\/grupomaipu.com\/es-ch\/wp-json\/wp\/v2\/pages\/476\/revisions"}],"predecessor-version":[{"id":1580,"href":"https:\/\/grupomaipu.com\/es-ch\/wp-json\/wp\/v2\/pages\/476\/revisions\/1580"}],"wp:attachment":[{"href":"https:\/\/grupomaipu.com\/es-ch\/wp-json\/wp\/v2\/media?parent=476"}],"curies":[{"name":"wp","href":"https:\/\/api.w.org\/{rel}","templated":true}]}}