{"id":1224,"date":"2024-09-27T12:02:51","date_gmt":"2024-09-27T10:02:51","guid":{"rendered":"https:\/\/preproduccion.pinkstone.es\/maipu\/?page_id=1224"},"modified":"2024-11-05T14:26:04","modified_gmt":"2024-11-05T13:26:04","slug":"colectividades","status":"publish","type":"page","link":"https:\/\/grupomaipu.com\/es-ch\/colectividades\/","title":{"rendered":"Colectividades"},"content":{"rendered":"<section class=\"l-section wpb_row us_custom_be045166 height_medium with_img parallax_ver with_shape\"><div class=\"l-section-img\" role=\"img\" data-img-width=\"1024\" data-img-height=\"588\" style=\"background-image: url(https:\/\/grupomaipu.com\/es-ch\/wp-content\/uploads\/sites\/3\/2024\/09\/hombre-frente-lavavajillas-abierto-plato_169016-12824-1.jpg);background-repeat: no-repeat;\"><\/div><div class=\"l-section-overlay\" style=\"background:rgba(24,62,115,0.64)\"><\/div><div class=\"l-section-shape type_triangle pos_bottom\" style=\"height:7vmin;\"><svg xmlns=\"http:\/\/www.w3.org\/2000\/svg\" viewBox=\"0 0 64 8\" preserveAspectRatio=\"none\" width=\"100%\" height=\"100%\">\r\n\t<path fill=\"currentColor\" d=\"M64 8 L0 8 L0 0 L32 7.9 L64 0 Z\"\/>\r\n<\/svg><\/div><div class=\"l-section-h i-cf\"><div class=\"g-cols vc_row via_grid cols_1 laptops-cols_inherit tablets-cols_inherit mobiles-cols_1 valign_top type_default stacking_default\"><div class=\"wpb_column vc_column_container us_custom_f3c1321d\"><div class=\"vc_column-inner\"><h2 class=\"w-text us_custom_80657e8f has_text_color\"><span class=\"w-text-h\"><span class=\"w-text-value\">SECTORES<\/span><\/span><\/h2><h1 class=\"w-post-elm post_title us_custom_345590ef has_text_color align_center entry-title color_link_inherit\">Colectividades<\/h1><div class=\"w-separator size_small with_line width_30 thick_1 style_solid color_border align_center\"><div class=\"w-separator-h\"><\/div><\/div><\/div><\/div><\/div><\/div><\/section><section class=\"l-section wpb_row height_medium\"><div class=\"l-section-h i-cf\"><div class=\"g-cols vc_row via_grid cols_1 laptops-cols_inherit tablets-cols_inherit mobiles-cols_1 valign_top type_default stacking_default\"><div class=\"wpb_column vc_column_container\"><div class=\"vc_column-inner\"><div class=\"g-cols wpb_row via_grid cols_2-1 laptops-cols_inherit tablets-cols_inherit mobiles-cols_1 valign_middle type_default stacking_default\" style=\"--gap:3rem;\"><div class=\"wpb_column vc_column_container us_custom_302a2db5 us_animate_this\"><div class=\"vc_column-inner\"><div class=\"wpb_text_column\"><div class=\"wpb_wrapper\"><h2>Nuestro equipo <span style=\"color: #2c96d3;\">multidisciplinar <\/span><\/h2>\n<\/div><\/div><div class=\"w-separator size_small\"><\/div><div class=\"wpb_text_column\"><div class=\"wpb_wrapper\"><p>Grupo Maip\u00fa ofrece una soluci\u00f3n eficiente y especializada para instituciones como colegios, hospitales, empresas y residencias\u2026<\/p>\n<p>Este modelo de externalizaci\u00f3n permite a las organizaciones delegar la gesti\u00f3n de sus comedores o servicios de alimentaci\u00f3n a empresas expertas, optimizando recursos y garantizando un servicio de calidad.<\/p>\n<\/div><\/div><div class=\"w-separator size_small\"><\/div><div class=\"w-image us_custom_4b0951d1 align_center\"><div class=\"w-image-h\"><img decoding=\"async\" width=\"1024\" height=\"504\" src=\"https:\/\/grupomaipu.com\/es-ch\/wp-content\/uploads\/sites\/3\/2024\/08\/Maipu-principal-todosloslogotipos-01-1024x504.png\" class=\"attachment-large size-large\" alt=\"\" loading=\"lazy\" srcset=\"https:\/\/grupomaipu.com\/es-ch\/wp-content\/uploads\/sites\/3\/2024\/08\/Maipu-principal-todosloslogotipos-01-1024x504.png 1024w, https:\/\/grupomaipu.com\/es-ch\/wp-content\/uploads\/sites\/3\/2024\/08\/Maipu-principal-todosloslogotipos-01-300x148.png 300w, https:\/\/grupomaipu.com\/es-ch\/wp-content\/uploads\/sites\/3\/2024\/08\/Maipu-principal-todosloslogotipos-01.png 1612w\" sizes=\"(max-width: 1024px) 100vw, 1024px\" \/><\/div><\/div><\/div><\/div><div class=\"wpb_column vc_column_container us_custom_47474b22 us_animate_this\"><div class=\"vc_column-inner\"><div class=\"w-image us_custom_9cf479d2 has_ratio align_none\"><div class=\"w-image-h\"><div style=\"padding-bottom:100%\"><\/div><img decoding=\"async\" width=\"683\" height=\"1024\" src=\"https:\/\/grupomaipu.com\/es-ch\/wp-content\/uploads\/sites\/3\/2024\/09\/socios-comerciales-trabajando-juntos_23-2148366598-1.jpg\" class=\"attachment-large size-large\" alt=\"\" loading=\"lazy\" srcset=\"https:\/\/grupomaipu.com\/es-ch\/wp-content\/uploads\/sites\/3\/2024\/09\/socios-comerciales-trabajando-juntos_23-2148366598-1.jpg 683w, https:\/\/grupomaipu.com\/es-ch\/wp-content\/uploads\/sites\/3\/2024\/09\/socios-comerciales-trabajando-juntos_23-2148366598-1-200x300.jpg 200w\" sizes=\"(max-width: 683px) 100vw, 683px\" \/><\/div><\/div><\/div><\/div><\/div><\/div><\/div><\/div><\/div><\/section><section class=\"l-section wpb_row height_large\"><div class=\"l-section-h i-cf\"><div class=\"g-cols vc_row via_grid cols_1-2 laptops-cols_inherit tablets-cols_inherit mobiles-cols_1 valign_middle type_default stacking_default\" style=\"--gap:4rem;\"><div class=\"wpb_column vc_column_container us_custom_73afe2ba us_animate_this\"><div class=\"vc_column-inner\"><div class=\"w-image us_custom_9cf479d2 has_ratio align_center\"><div class=\"w-image-h\"><div style=\"padding-bottom:100%\"><\/div><img decoding=\"async\" width=\"1024\" height=\"681\" src=\"https:\/\/grupomaipu.com\/es-ch\/wp-content\/uploads\/sites\/3\/2024\/09\/chef-mujer-preparando-plato_23-2148763223-1.jpg\" class=\"attachment-large size-large\" alt=\"\" loading=\"lazy\" srcset=\"https:\/\/grupomaipu.com\/es-ch\/wp-content\/uploads\/sites\/3\/2024\/09\/chef-mujer-preparando-plato_23-2148763223-1.jpg 1024w, https:\/\/grupomaipu.com\/es-ch\/wp-content\/uploads\/sites\/3\/2024\/09\/chef-mujer-preparando-plato_23-2148763223-1-300x200.jpg 300w\" sizes=\"(max-width: 1024px) 100vw, 1024px\" \/><\/div><\/div><\/div><\/div><div class=\"wpb_column vc_column_container\"><div class=\"vc_column-inner\"><div class=\"g-cols wpb_row via_grid cols_3 laptops-cols_inherit tablets-cols_inherit mobiles-cols_1 valign_top type_default stacking_default\" style=\"--gap:1.1rem;\"><div class=\"wpb_column vc_column_container us_custom_b2c4c7cd has_text_color has_bg_color\"><div class=\"vc_column-inner\"><h2 class=\"w-text us_custom_9e344c1b has_text_color\"><span class=\"w-text-h\"><span class=\"w-text-value\">Ventajas<\/span><\/span><\/h2><div class=\"w-separator size_custom with_line width_50 thick_1 style_solid color_border align_center\" style=\"height:30px\"><div class=\"w-separator-h\"><\/div><\/div><\/div><\/div><div class=\"wpb_column vc_column_container us_custom_1277eea5 has_text_color has_bg_color\"><div class=\"vc_column-inner\"><div class=\"w-iconbox us_custom_2effabe8 has_text_color iconpos_top style_outlined color_light align_center no_text\"><div class=\"w-iconbox-icon\" style=\"font-size:1.5rem;\"><i class=\"fal fa-check\"><\/i><\/div><div class=\"w-iconbox-meta\"><h6 class=\"w-iconbox-title\" style=\"font-size:16px;\">AHORRO<br \/>\nDE COSTES<\/h6><\/div><\/div><\/div><\/div><div class=\"wpb_column vc_column_container us_custom_1277eea5 has_text_color has_bg_color\"><div class=\"vc_column-inner\"><div class=\"w-iconbox us_custom_2effabe8 has_text_color iconpos_top style_outlined color_light align_center no_text\"><div class=\"w-iconbox-icon\" style=\"font-size:1.5rem;\"><i class=\"fal fa-check\"><\/i><\/div><div class=\"w-iconbox-meta\"><h6 class=\"w-iconbox-title\" style=\"font-size:16px;\">FLEXIBILIDAD OPERATIVA<\/h6><\/div><\/div><\/div><\/div><\/div><div class=\"w-separator size_custom\" style=\"height:20px\"><\/div><div class=\"g-cols wpb_row via_grid cols_3 laptops-cols_inherit tablets-cols_inherit mobiles-cols_1 valign_top type_default stacking_default\" style=\"--gap:1.1rem;\"><div class=\"wpb_column vc_column_container us_custom_1277eea5 has_text_color has_bg_color\"><div class=\"vc_column-inner\"><div class=\"w-iconbox us_custom_2effabe8 has_text_color iconpos_top style_outlined color_light align_center no_text\"><div class=\"w-iconbox-icon\" style=\"font-size:1.5rem;\"><i class=\"fal fa-check\"><\/i><\/div><div class=\"w-iconbox-meta\"><h6 class=\"w-iconbox-title\" style=\"font-size:16px;\">REDUCCI\u00d3N DE RIESGOS<\/h6><\/div><\/div><\/div><\/div><div class=\"wpb_column vc_column_container us_custom_1277eea5 has_text_color has_bg_color\"><div class=\"vc_column-inner\"><div class=\"w-iconbox us_custom_2effabe8 has_text_color iconpos_top style_outlined color_light align_center no_text\"><div class=\"w-iconbox-icon\" style=\"font-size:1.5rem;\"><i class=\"fal fa-check\"><\/i><\/div><div class=\"w-iconbox-meta\"><h6 class=\"w-iconbox-title\" style=\"font-size:16px;\">CALIDAD Y SEGURIDAD ALIMENTARIA<\/h6><\/div><\/div><\/div><\/div><div class=\"wpb_column vc_column_container us_custom_1277eea5 has_text_color has_bg_color\"><div class=\"vc_column-inner\"><div class=\"w-iconbox us_custom_2effabe8 has_text_color iconpos_top style_outlined color_light align_center no_text\"><div class=\"w-iconbox-icon\" style=\"font-size:1.5rem;\"><i class=\"fal fa-check\"><\/i><\/div><div class=\"w-iconbox-meta\"><h6 class=\"w-iconbox-title\" style=\"font-size:16px;\">PROFESIONALES ESPECIALIZADOS<\/h6><\/div><\/div><\/div><\/div><\/div><\/div><\/div><\/div><\/div><\/section><section class=\"l-section wpb_row us_custom_c70c97eb height_medium with_shape\"><div class=\"l-section-shape type_triangle pos_top\" style=\"height:7vmin;color:var(--color-header-middle-bg)\"><svg xmlns=\"http:\/\/www.w3.org\/2000\/svg\" viewBox=\"0 0 64 8\" preserveAspectRatio=\"none\" width=\"100%\" height=\"100%\">\r\n\t<path fill=\"currentColor\" d=\"M64 8 L0 8 L0 0 L32 7.9 L64 0 Z\"\/>\r\n<\/svg><\/div><div class=\"l-section-h i-cf\"><div class=\"g-cols vc_row via_grid cols_1 laptops-cols_inherit tablets-cols_inherit mobiles-cols_1 valign_top type_default stacking_default\"><div class=\"wpb_column vc_column_container\"><div class=\"vc_column-inner\"><div class=\"w-separator size_medium\"><\/div><div class=\"g-cols wpb_row via_grid cols_1-2 laptops-cols_inherit tablets-cols_inherit mobiles-cols_1 valign_middle type_default stacking_default\" style=\"--gap:3rem;\"><div class=\"wpb_column vc_column_container us_custom_47474b22 us_animate_this\"><div class=\"vc_column-inner\"><div class=\"w-image us_custom_9cf479d2 has_ratio align_none\"><div class=\"w-image-h\"><div style=\"padding-bottom:150%\"><\/div><img decoding=\"async\" width=\"683\" height=\"1024\" src=\"https:\/\/grupomaipu.com\/es-ch\/wp-content\/uploads\/sites\/3\/2024\/09\/hombre-preparando-comida-llevar-entrega_23-2149025796.jpg\" class=\"attachment-large size-large\" alt=\"\" loading=\"lazy\" srcset=\"https:\/\/grupomaipu.com\/es-ch\/wp-content\/uploads\/sites\/3\/2024\/09\/hombre-preparando-comida-llevar-entrega_23-2149025796.jpg 683w, https:\/\/grupomaipu.com\/es-ch\/wp-content\/uploads\/sites\/3\/2024\/09\/hombre-preparando-comida-llevar-entrega_23-2149025796-200x300.jpg 200w\" sizes=\"(max-width: 683px) 100vw, 683px\" \/><\/div><\/div><\/div><\/div><div class=\"wpb_column vc_column_container us_custom_302a2db5 us_animate_this\"><div class=\"vc_column-inner\"><div class=\"wpb_text_column\"><div class=\"wpb_wrapper\"><h2><span style=\"color: #2c96d3;\">Categor\u00edas<\/span> laborales<span style=\"color: #2c96d3;\"><br \/>\n<\/span><\/h2>\n<\/div><\/div><div class=\"w-separator size_small\"><\/div><div class=\"w-vwrapper us_custom_dcd1f6b0 has_text_color align_left valign_top\" style=\"--vwrapper-gap:1rem\"><div class=\"wpb_text_column us_custom_b32a63db has_text_color\"><div class=\"wpb_wrapper\"><p>Nuestro objetivo principal con empresas que necesitan personal en este sector es <b>ofrecer un servicio alimentario completo<\/b>, que cumpla con las normativas de higiene y nutrici\u00f3n, garantizando un ambiente adecuado para la comida en los diferentes tipos de colectividades, garantizamos un servicio alimentario eficiente, de alta calidad y con costes optimizados.<\/p>\n<\/div><\/div><\/div><div class=\"w-separator size_small\"><\/div><div class=\"w-text us_custom_9f219ae3 has_text_color\"><span class=\"w-text-h\"><span class=\"w-text-value\">Cubrimos perfiles como:<\/span><\/span><\/div><div class=\"w-separator size_small\"><\/div><div class=\"w-vwrapper align_left valign_top\"><div class=\"w-iconbox iconpos_left style_default color_primary align_left no_text\"><div class=\"w-iconbox-icon\" style=\"font-size:1.5rem;\"><i class=\"fas fa-check\"><\/i><\/div><div class=\"w-iconbox-meta\"><div class=\"w-iconbox-title\">Cocineros.<\/div><\/div><\/div><div class=\"w-iconbox iconpos_left style_default color_primary align_left no_text\"><div class=\"w-iconbox-icon\" style=\"font-size:1.5rem;\"><i class=\"fas fa-check\"><\/i><\/div><div class=\"w-iconbox-meta\"><div class=\"w-iconbox-title\">Ayudantes de cocina.<\/div><\/div><\/div><div class=\"w-iconbox iconpos_left style_default color_primary align_left no_text\"><div class=\"w-iconbox-icon\" style=\"font-size:1.5rem;\"><i class=\"fas fa-check\"><\/i><\/div><div class=\"w-iconbox-meta\"><div class=\"w-iconbox-title\">Office.<\/div><\/div><\/div><div class=\"w-iconbox iconpos_left style_default color_primary align_left no_text\"><div class=\"w-iconbox-icon\" style=\"font-size:1.5rem;\"><i class=\"fas fa-check\"><\/i><\/div><div class=\"w-iconbox-meta\"><div class=\"w-iconbox-title\">ASL.<\/div><\/div><\/div><\/div><\/div><\/div><\/div><div class=\"w-separator size_medium\"><\/div><\/div><\/div><\/div><\/div><\/section>\n","protected":false},"excerpt":{"rendered":"SECTORESColectividadesNuestro equipo multidisciplinar Grupo Maip\u00fa ofrece una soluci\u00f3n eficiente y especializada para instituciones como colegios, hospitales, empresas y residencias\u2026 Este modelo de externalizaci\u00f3n permite a las organizaciones delegar la gesti\u00f3n de sus comedores o servicios de alimentaci\u00f3n a empresas expertas, optimizando recursos y garantizando un servicio de calidad. VentajasAHORRO DE COSTESFLEXIBILIDAD OPERATIVAREDUCCI\u00d3N DE RIESGOSCALIDAD Y...","protected":false},"author":1,"featured_media":0,"parent":0,"menu_order":0,"comment_status":"closed","ping_status":"closed","template":"","meta":{"_acf_changed":false,"_joinchat":[],"footnotes":""},"class_list":["post-1224","page","type-page","status-publish","hentry"],"acf":[],"yoast_head":"<!-- This site is optimized with the Yoast SEO plugin v23.9 - https:\/\/yoast.com\/wordpress\/plugins\/seo\/ -->\n<title>Colectividades - Grupo Maip\u00fa Chile<\/title>\n<meta name=\"description\" content=\"Subcontrata personal para colectividades con Grupo Maip\u00fa. Cubrimos perfiles como cocineros, ayudantes de cocina u office.\" \/>\n<meta name=\"robots\" content=\"index, follow, max-snippet:-1, max-image-preview:large, max-video-preview:-1\" \/>\n<link rel=\"canonical\" href=\"https:\/\/grupomaipu.com\/es-ch\/colectividades\/\" \/>\n<meta property=\"og:locale\" content=\"es_ES\" \/>\n<meta property=\"og:type\" content=\"article\" \/>\n<meta property=\"og:title\" content=\"Colectividades - Grupo Maip\u00fa Chile\" \/>\n<meta property=\"og:description\" content=\"Subcontrata personal para colectividades con Grupo Maip\u00fa. Cubrimos perfiles como cocineros, ayudantes de cocina u office.\" \/>\n<meta property=\"og:url\" content=\"https:\/\/grupomaipu.com\/es-ch\/colectividades\/\" \/>\n<meta property=\"og:site_name\" content=\"Grupo Maip\u00fa Chile\" \/>\n<meta property=\"article:modified_time\" content=\"2024-11-05T13:26:04+00:00\" \/>\n<meta name=\"twitter:card\" content=\"summary_large_image\" \/>\n<meta name=\"twitter:label1\" content=\"Tiempo de lectura\" \/>\n\t<meta name=\"twitter:data1\" content=\"2 minutos\" \/>\n<script type=\"application\/ld+json\" class=\"yoast-schema-graph\">{\"@context\":\"https:\/\/schema.org\",\"@graph\":[{\"@type\":\"WebPage\",\"@id\":\"https:\/\/grupomaipu.com\/es-ch\/colectividades\/\",\"url\":\"https:\/\/grupomaipu.com\/es-ch\/colectividades\/\",\"name\":\"Colectividades - Grupo Maip\u00fa Chile\",\"isPartOf\":{\"@id\":\"\/#website\"},\"datePublished\":\"2024-09-27T10:02:51+00:00\",\"dateModified\":\"2024-11-05T13:26:04+00:00\",\"description\":\"Subcontrata personal para colectividades con Grupo Maip\u00fa. Cubrimos perfiles como cocineros, ayudantes de cocina u office.\",\"breadcrumb\":{\"@id\":\"https:\/\/grupomaipu.com\/es-ch\/colectividades\/#breadcrumb\"},\"inLanguage\":\"es\",\"potentialAction\":[{\"@type\":\"ReadAction\",\"target\":[\"https:\/\/grupomaipu.com\/es-ch\/colectividades\/\"]}]},{\"@type\":\"BreadcrumbList\",\"@id\":\"https:\/\/grupomaipu.com\/es-ch\/colectividades\/#breadcrumb\",\"itemListElement\":[{\"@type\":\"ListItem\",\"position\":1,\"name\":\"Portada\",\"item\":\"https:\/\/grupomaipu.com\/es-ch\/\"},{\"@type\":\"ListItem\",\"position\":2,\"name\":\"Colectividades\"}]},{\"@type\":\"WebSite\",\"@id\":\"\/#website\",\"url\":\"\/\",\"name\":\"Grupo Maip\u00fa Chile\",\"description\":\"\",\"publisher\":{\"@id\":\"\/#organization\"},\"potentialAction\":[{\"@type\":\"SearchAction\",\"target\":{\"@type\":\"EntryPoint\",\"urlTemplate\":\"\/?s={search_term_string}\"},\"query-input\":{\"@type\":\"PropertyValueSpecification\",\"valueRequired\":true,\"valueName\":\"search_term_string\"}}],\"inLanguage\":\"es\"},{\"@type\":\"Organization\",\"@id\":\"\/#organization\",\"name\":\"Grupo Maip\u00fa Chile\",\"url\":\"\/\",\"logo\":{\"@type\":\"ImageObject\",\"inLanguage\":\"es\",\"@id\":\"\/#\/schema\/logo\/image\/\",\"url\":\"https:\/\/grupomaipu.com\/es-ch\/wp-content\/uploads\/sites\/3\/2024\/08\/Maipu-principal-todosloslogotipos-01.png\",\"contentUrl\":\"https:\/\/grupomaipu.com\/es-ch\/wp-content\/uploads\/sites\/3\/2024\/08\/Maipu-principal-todosloslogotipos-01.png\",\"width\":1612,\"height\":793,\"caption\":\"Grupo Maip\u00fa Chile\"},\"image\":{\"@id\":\"\/#\/schema\/logo\/image\/\"}}]}<\/script>\n<!-- \/ Yoast SEO plugin. -->","yoast_head_json":{"title":"Colectividades - Grupo Maip\u00fa Chile","description":"Subcontrata personal para colectividades con Grupo Maip\u00fa. Cubrimos perfiles como cocineros, ayudantes de cocina u office.","robots":{"index":"index","follow":"follow","max-snippet":"max-snippet:-1","max-image-preview":"max-image-preview:large","max-video-preview":"max-video-preview:-1"},"canonical":"https:\/\/grupomaipu.com\/es-ch\/colectividades\/","og_locale":"es_ES","og_type":"article","og_title":"Colectividades - Grupo Maip\u00fa Chile","og_description":"Subcontrata personal para colectividades con Grupo Maip\u00fa. Cubrimos perfiles como cocineros, ayudantes de cocina u office.","og_url":"https:\/\/grupomaipu.com\/es-ch\/colectividades\/","og_site_name":"Grupo Maip\u00fa Chile","article_modified_time":"2024-11-05T13:26:04+00:00","twitter_card":"summary_large_image","twitter_misc":{"Tiempo de lectura":"2 minutos"},"schema":{"@context":"https:\/\/schema.org","@graph":[{"@type":"WebPage","@id":"https:\/\/grupomaipu.com\/es-ch\/colectividades\/","url":"https:\/\/grupomaipu.com\/es-ch\/colectividades\/","name":"Colectividades - Grupo Maip\u00fa Chile","isPartOf":{"@id":"\/#website"},"datePublished":"2024-09-27T10:02:51+00:00","dateModified":"2024-11-05T13:26:04+00:00","description":"Subcontrata personal para colectividades con Grupo Maip\u00fa. Cubrimos perfiles como cocineros, ayudantes de cocina u office.","breadcrumb":{"@id":"https:\/\/grupomaipu.com\/es-ch\/colectividades\/#breadcrumb"},"inLanguage":"es","potentialAction":[{"@type":"ReadAction","target":["https:\/\/grupomaipu.com\/es-ch\/colectividades\/"]}]},{"@type":"BreadcrumbList","@id":"https:\/\/grupomaipu.com\/es-ch\/colectividades\/#breadcrumb","itemListElement":[{"@type":"ListItem","position":1,"name":"Portada","item":"https:\/\/grupomaipu.com\/es-ch\/"},{"@type":"ListItem","position":2,"name":"Colectividades"}]},{"@type":"WebSite","@id":"\/#website","url":"\/","name":"Grupo Maip\u00fa Chile","description":"","publisher":{"@id":"\/#organization"},"potentialAction":[{"@type":"SearchAction","target":{"@type":"EntryPoint","urlTemplate":"\/?s={search_term_string}"},"query-input":{"@type":"PropertyValueSpecification","valueRequired":true,"valueName":"search_term_string"}}],"inLanguage":"es"},{"@type":"Organization","@id":"\/#organization","name":"Grupo Maip\u00fa Chile","url":"\/","logo":{"@type":"ImageObject","inLanguage":"es","@id":"\/#\/schema\/logo\/image\/","url":"https:\/\/grupomaipu.com\/es-ch\/wp-content\/uploads\/sites\/3\/2024\/08\/Maipu-principal-todosloslogotipos-01.png","contentUrl":"https:\/\/grupomaipu.com\/es-ch\/wp-content\/uploads\/sites\/3\/2024\/08\/Maipu-principal-todosloslogotipos-01.png","width":1612,"height":793,"caption":"Grupo Maip\u00fa Chile"},"image":{"@id":"\/#\/schema\/logo\/image\/"}}]}},"_links":{"self":[{"href":"https:\/\/grupomaipu.com\/es-ch\/wp-json\/wp\/v2\/pages\/1224"}],"collection":[{"href":"https:\/\/grupomaipu.com\/es-ch\/wp-json\/wp\/v2\/pages"}],"about":[{"href":"https:\/\/grupomaipu.com\/es-ch\/wp-json\/wp\/v2\/types\/page"}],"author":[{"embeddable":true,"href":"https:\/\/grupomaipu.com\/es-ch\/wp-json\/wp\/v2\/users\/1"}],"replies":[{"embeddable":true,"href":"https:\/\/grupomaipu.com\/es-ch\/wp-json\/wp\/v2\/comments?post=1224"}],"version-history":[{"count":1,"href":"https:\/\/grupomaipu.com\/es-ch\/wp-json\/wp\/v2\/pages\/1224\/revisions"}],"predecessor-version":[{"id":1488,"href":"https:\/\/grupomaipu.com\/es-ch\/wp-json\/wp\/v2\/pages\/1224\/revisions\/1488"}],"wp:attachment":[{"href":"https:\/\/grupomaipu.com\/es-ch\/wp-json\/wp\/v2\/media?parent=1224"}],"curies":[{"name":"wp","href":"https:\/\/api.w.org\/{rel}","templated":true}]}}