{"id":1160,"date":"2024-09-24T12:10:17","date_gmt":"2024-09-24T10:10:17","guid":{"rendered":"https:\/\/preproduccion.pinkstone.es\/maipu\/?page_id=1160"},"modified":"2024-12-03T14:39:43","modified_gmt":"2024-12-03T13:39:43","slug":"servicio-de-adultos-mayores","status":"publish","type":"page","link":"https:\/\/grupomaipu.com\/es-ch\/servicio-de-adultos-mayores\/","title":{"rendered":"Servicio de adultos mayores"},"content":{"rendered":"<section class=\"l-section wpb_row us_custom_be045166 height_medium with_img parallax_ver with_shape\"><div class=\"l-section-img\" role=\"img\" data-img-width=\"1024\" data-img-height=\"683\" style=\"background-image: url(https:\/\/grupomaipu.com\/es-ch\/wp-content\/uploads\/sites\/3\/2024\/09\/hermosa-pareja-ancianos-paso-tiempo-juntos-casa_1157-28283.jpg);background-repeat: no-repeat;\"><\/div><div class=\"l-section-overlay\" style=\"background:rgba(24,62,115,0.64)\"><\/div><div class=\"l-section-shape type_triangle pos_bottom\" style=\"height:7vmin;\"><svg xmlns=\"http:\/\/www.w3.org\/2000\/svg\" viewBox=\"0 0 64 8\" preserveAspectRatio=\"none\" width=\"100%\" height=\"100%\">\r\n\t<path fill=\"currentColor\" d=\"M64 8 L0 8 L0 0 L32 7.9 L64 0 Z\"\/>\r\n<\/svg><\/div><div class=\"l-section-h i-cf\"><div class=\"g-cols vc_row via_grid cols_1 laptops-cols_inherit tablets-cols_inherit mobiles-cols_1 valign_top type_default stacking_default\"><div class=\"wpb_column vc_column_container us_custom_f3c1321d\"><div class=\"vc_column-inner\"><h2 class=\"w-text us_custom_80657e8f has_text_color\"><span class=\"w-text-h\"><span class=\"w-text-value\">SECTORES<\/span><\/span><\/h2><h1 class=\"w-post-elm post_title us_custom_345590ef has_text_color align_center entry-title color_link_inherit\">Servicio de adultos mayores<\/h1><div class=\"w-separator size_small with_line width_30 thick_1 style_solid color_border align_center\"><div class=\"w-separator-h\"><\/div><\/div><\/div><\/div><\/div><\/div><\/section><section class=\"l-section wpb_row height_medium\"><div class=\"l-section-h i-cf\"><div class=\"g-cols vc_row via_grid cols_1 laptops-cols_inherit tablets-cols_inherit mobiles-cols_1 valign_top type_default stacking_default\"><div class=\"wpb_column vc_column_container\"><div class=\"vc_column-inner\"><div class=\"g-cols wpb_row via_grid cols_2-1 laptops-cols_inherit tablets-cols_inherit mobiles-cols_1 valign_middle type_default stacking_default\" style=\"--gap:3rem;\"><div class=\"wpb_column vc_column_container us_custom_302a2db5 us_animate_this\"><div class=\"vc_column-inner\"><div class=\"wpb_text_column\"><div class=\"wpb_wrapper\"><h2>Nuestro <span style=\"color: #2c96d3;\">objetivo<\/span><\/h2>\n<\/div><\/div><div class=\"w-separator size_small\"><\/div><div class=\"wpb_text_column\"><div class=\"wpb_wrapper\"><p>El cuidado del adulto mayor ya sea en el \u00e1mbito de un residencia o dentro de su hogar es una tarea de alta responsabilidad y requiere de una gesti\u00f3n profesional sin fisuras.<\/p>\n<p>Complementariamente nuestros asistentes son seleccionados por su alto nivel de empat\u00eda que deber\u00e1n brindar a nuestros mayores.<\/p>\n<\/div><\/div><div class=\"w-separator size_small\"><\/div><div class=\"w-image us_custom_4b0951d1 align_center\"><div class=\"w-image-h\"><img decoding=\"async\" width=\"1024\" height=\"504\" src=\"https:\/\/grupomaipu.com\/es-ch\/wp-content\/uploads\/sites\/3\/2024\/08\/Maipu-principal-todosloslogotipos-01-1024x504.png\" class=\"attachment-large size-large\" alt=\"\" loading=\"lazy\" srcset=\"https:\/\/grupomaipu.com\/es-ch\/wp-content\/uploads\/sites\/3\/2024\/08\/Maipu-principal-todosloslogotipos-01-1024x504.png 1024w, https:\/\/grupomaipu.com\/es-ch\/wp-content\/uploads\/sites\/3\/2024\/08\/Maipu-principal-todosloslogotipos-01-300x148.png 300w, https:\/\/grupomaipu.com\/es-ch\/wp-content\/uploads\/sites\/3\/2024\/08\/Maipu-principal-todosloslogotipos-01.png 1612w\" sizes=\"(max-width: 1024px) 100vw, 1024px\" \/><\/div><\/div><\/div><\/div><div class=\"wpb_column vc_column_container us_custom_47474b22 us_animate_this\"><div class=\"vc_column-inner\"><div class=\"w-image us_custom_9cf479d2 has_ratio align_none\"><div class=\"w-image-h\"><div style=\"padding-bottom:100%\"><\/div><img decoding=\"async\" width=\"1024\" height=\"683\" src=\"https:\/\/grupomaipu.com\/es-ch\/wp-content\/uploads\/sites\/3\/2024\/09\/enfermera-sosteniendo-manos-hombre-mayor-mayor-comodidad_23-2148740009.jpg\" class=\"attachment-large size-large\" alt=\"\" loading=\"lazy\" srcset=\"https:\/\/grupomaipu.com\/es-ch\/wp-content\/uploads\/sites\/3\/2024\/09\/enfermera-sosteniendo-manos-hombre-mayor-mayor-comodidad_23-2148740009.jpg 1024w, https:\/\/grupomaipu.com\/es-ch\/wp-content\/uploads\/sites\/3\/2024\/09\/enfermera-sosteniendo-manos-hombre-mayor-mayor-comodidad_23-2148740009-300x200.jpg 300w\" sizes=\"(max-width: 1024px) 100vw, 1024px\" \/><\/div><\/div><\/div><\/div><\/div><\/div><\/div><\/div><\/div><\/section><section class=\"l-section wpb_row us_custom_59cd8b66 us_animate_this height_auto\"><div class=\"l-section-h i-cf\"><div class=\"g-cols vc_row via_grid cols_1 laptops-cols_inherit tablets-cols_inherit mobiles-cols_1 valign_top type_default stacking_default\"><div class=\"wpb_column vc_column_container\"><div class=\"vc_column-inner\"><div class=\"wpb_text_column us_custom_f03ee871\"><div class=\"wpb_wrapper\"><h2 style=\"text-align: center;\">Ventajas<span style=\"color: #2c96d3;\"><br \/>\n<\/span><\/h2>\n<\/div><\/div><div class=\"w-separator size_small with_line width_30 thick_1 style_solid color_primary align_center\"><div class=\"w-separator-h\"><\/div><\/div><\/div><\/div><\/div><\/div><\/section><section class=\"l-section wpb_row height_large\"><div class=\"l-section-h i-cf\"><div class=\"g-cols vc_row via_grid cols_1-2 laptops-cols_inherit tablets-cols_inherit mobiles-cols_1 valign_middle type_default stacking_default\" style=\"--gap:4rem;\"><div class=\"wpb_column vc_column_container us_custom_73afe2ba us_animate_this\"><div class=\"vc_column-inner\"><div class=\"w-image us_custom_9cf479d2 has_ratio align_center\"><div class=\"w-image-h\"><div style=\"padding-bottom:100%\"><\/div><img decoding=\"async\" width=\"1024\" height=\"683\" src=\"https:\/\/grupomaipu.com\/es-ch\/wp-content\/uploads\/sites\/3\/2024\/09\/primer-plano-manos-apoyo_53876-14962.jpg\" class=\"attachment-large size-large\" alt=\"\" loading=\"lazy\" srcset=\"https:\/\/grupomaipu.com\/es-ch\/wp-content\/uploads\/sites\/3\/2024\/09\/primer-plano-manos-apoyo_53876-14962.jpg 1024w, https:\/\/grupomaipu.com\/es-ch\/wp-content\/uploads\/sites\/3\/2024\/09\/primer-plano-manos-apoyo_53876-14962-300x200.jpg 300w\" sizes=\"(max-width: 1024px) 100vw, 1024px\" \/><\/div><\/div><\/div><\/div><div class=\"wpb_column vc_column_container\"><div class=\"vc_column-inner\"><div class=\"g-cols wpb_row via_grid cols_2 laptops-cols_inherit tablets-cols_inherit mobiles-cols_1 valign_top type_default stacking_default\" style=\"--gap:1.1rem;\"><div class=\"wpb_column vc_column_container us_custom_07f600fb has_text_color has_bg_color\"><div class=\"vc_column-inner\"><div class=\"w-iconbox us_custom_2effabe8 has_text_color iconpos_top style_outlined color_light align_center no_text\"><div class=\"w-iconbox-icon\" style=\"font-size:1.5rem;\"><i class=\"fal fa-check\"><\/i><\/div><div class=\"w-iconbox-meta\"><h6 class=\"w-iconbox-title\" style=\"font-size:16px;\">MEJORA LA CALIDAD DE VIDA<\/h6><\/div><\/div><\/div><\/div><div class=\"wpb_column vc_column_container us_custom_1277eea5 has_text_color has_bg_color\"><div class=\"vc_column-inner\"><div class=\"w-iconbox us_custom_2effabe8 has_text_color iconpos_top style_outlined color_light align_center no_text\"><div class=\"w-iconbox-icon\" style=\"font-size:1.5rem;\"><i class=\"fal fa-check\"><\/i><\/div><div class=\"w-iconbox-meta\"><h6 class=\"w-iconbox-title\" style=\"font-size:16px;\">PREVENCI\u00d3N DE ENFERMEDADES<\/h6><\/div><\/div><\/div><\/div><\/div><div class=\"w-separator size_custom\" style=\"height:20px\"><\/div><div class=\"g-cols wpb_row via_grid cols_2 laptops-cols_inherit tablets-cols_inherit mobiles-cols_1 valign_top type_default stacking_default\" style=\"--gap:1.1rem;\"><div class=\"wpb_column vc_column_container us_custom_1277eea5 has_text_color has_bg_color\"><div class=\"vc_column-inner\"><div class=\"w-iconbox us_custom_2effabe8 has_text_color iconpos_top style_outlined color_light align_center no_text\"><div class=\"w-iconbox-icon\" style=\"font-size:1.5rem;\"><i class=\"fal fa-check\"><\/i><\/div><div class=\"w-iconbox-meta\"><h6 class=\"w-iconbox-title\" style=\"font-size:16px;\">MAYOR AUTONOM\u00cdA<\/h6><\/div><\/div><\/div><\/div><div class=\"wpb_column vc_column_container us_custom_1277eea5 has_text_color has_bg_color\"><div class=\"vc_column-inner\"><div class=\"w-iconbox us_custom_2effabe8 has_text_color iconpos_top style_outlined color_light align_center no_text\"><div class=\"w-iconbox-icon\" style=\"font-size:1.5rem;\"><i class=\"fal fa-check\"><\/i><\/div><div class=\"w-iconbox-meta\"><h6 class=\"w-iconbox-title\" style=\"font-size:16px;\">COMPA\u00d1\u00cdA Y APOYO EMOCIONAL<\/h6><\/div><\/div><\/div><\/div><\/div><\/div><\/div><\/div><\/div><\/section><section class=\"l-section wpb_row us_custom_c70c97eb height_medium with_shape\"><div class=\"l-section-shape type_triangle pos_top\" style=\"height:7vmin;color:var(--color-header-middle-bg)\"><svg xmlns=\"http:\/\/www.w3.org\/2000\/svg\" viewBox=\"0 0 64 8\" preserveAspectRatio=\"none\" width=\"100%\" height=\"100%\">\r\n\t<path fill=\"currentColor\" d=\"M64 8 L0 8 L0 0 L32 7.9 L64 0 Z\"\/>\r\n<\/svg><\/div><div class=\"l-section-h i-cf\"><div class=\"g-cols vc_row via_grid cols_1 laptops-cols_inherit tablets-cols_inherit mobiles-cols_1 valign_top type_default stacking_default\"><div class=\"wpb_column vc_column_container\"><div class=\"vc_column-inner\"><div class=\"w-separator size_medium\"><\/div><div class=\"g-cols wpb_row via_grid cols_1-2 laptops-cols_inherit tablets-cols_inherit mobiles-cols_1 valign_middle type_default stacking_default\" style=\"--gap:3rem;\"><div class=\"wpb_column vc_column_container us_custom_47474b22 us_animate_this\"><div class=\"vc_column-inner\"><div class=\"w-image us_custom_9cf479d2 has_ratio align_none\"><div class=\"w-image-h\"><div style=\"padding-bottom:150%\"><\/div><img decoding=\"async\" width=\"1024\" height=\"681\" src=\"https:\/\/grupomaipu.com\/es-ch\/wp-content\/uploads\/sites\/3\/2024\/09\/abuelo-aprendiendo-usar-divice-digital_23-2149214569.jpg\" class=\"attachment-large size-large\" alt=\"\" loading=\"lazy\" srcset=\"https:\/\/grupomaipu.com\/es-ch\/wp-content\/uploads\/sites\/3\/2024\/09\/abuelo-aprendiendo-usar-divice-digital_23-2149214569.jpg 1024w, https:\/\/grupomaipu.com\/es-ch\/wp-content\/uploads\/sites\/3\/2024\/09\/abuelo-aprendiendo-usar-divice-digital_23-2149214569-300x200.jpg 300w\" sizes=\"(max-width: 1024px) 100vw, 1024px\" \/><\/div><\/div><\/div><\/div><div class=\"wpb_column vc_column_container us_custom_302a2db5 us_animate_this\"><div class=\"vc_column-inner\"><div class=\"wpb_text_column\"><div class=\"wpb_wrapper\"><h2>Outsourcing en el <span style=\"color: #2c96d3;\">c<\/span><span style=\"color: #2c96d3;\">uidado<\/span><span style=\"color: #2c96d3;\"> de adultos mayores<\/span> <span style=\"color: #2c96d3;\"><br \/>\n<\/span><\/h2>\n<\/div><\/div><div class=\"w-separator size_small\"><\/div><div class=\"w-vwrapper us_custom_dcd1f6b0 has_text_color align_left valign_top\" style=\"--vwrapper-gap:1rem\"><div class=\"wpb_text_column\"><div class=\"wpb_wrapper\"><p>La coordinaci\u00f3n y el control de nuestro servicio est\u00e1 garantizado por profesionales con alto grado de responsabilidad al servicio del cuidado.<\/p>\n<\/div><\/div><\/div><div class=\"w-separator size_small\"><\/div><div class=\"w-text us_custom_9f219ae3 has_text_color\"><span class=\"w-text-h\"><span class=\"w-text-value\">Cubrimos perfiles como:<\/span><\/span><\/div><div class=\"w-separator size_small\"><\/div><div class=\"w-vwrapper align_left valign_top\"><div class=\"w-iconbox iconpos_left style_default color_primary align_left no_text\"><div class=\"w-iconbox-icon\" style=\"font-size:1.5rem;\"><i class=\"fas fa-check\"><\/i><\/div><div class=\"w-iconbox-meta\"><div class=\"w-iconbox-title\">Cuidadoras Adulto Mayor<\/div><\/div><\/div><div class=\"w-iconbox iconpos_left style_default color_primary align_left no_text\"><div class=\"w-iconbox-icon\" style=\"font-size:1.5rem;\"><i class=\"fas fa-check\"><\/i><\/div><div class=\"w-iconbox-meta\"><div class=\"w-iconbox-title\">TENS<\/div><\/div><\/div><div class=\"w-iconbox iconpos_left style_default color_primary align_left no_text\"><div class=\"w-iconbox-icon\" style=\"font-size:1.5rem;\"><i class=\"fas fa-check\"><\/i><\/div><div class=\"w-iconbox-meta\"><div class=\"w-iconbox-title\">Limpieza<\/div><\/div><\/div><div class=\"w-iconbox iconpos_left style_default color_primary align_left no_text\"><div class=\"w-iconbox-icon\" style=\"font-size:1.5rem;\"><i class=\"fas fa-check\"><\/i><\/div><div class=\"w-iconbox-meta\"><div class=\"w-iconbox-title\">Atenci\u00f3n para ELEAM, residencias privadas y domicilios particulares<\/div><\/div><\/div><div class=\"w-iconbox iconpos_left style_default color_primary align_left no_text\"><div class=\"w-iconbox-icon\" style=\"font-size:1.5rem;\"><i class=\"fas fa-check\"><\/i><\/div><div class=\"w-iconbox-meta\"><div class=\"w-iconbox-title\">Experiencia con SENAMA<\/div><\/div><\/div><\/div><\/div><\/div><\/div><div class=\"w-separator size_medium\"><\/div><\/div><\/div><\/div><\/div><\/section>\n","protected":false},"excerpt":{"rendered":"SECTORESServicio de adultos mayoresNuestro objetivo El cuidado del adulto mayor ya sea en el \u00e1mbito de un residencia o dentro de su hogar es una tarea de alta responsabilidad y requiere de una gesti\u00f3n profesional sin fisuras. Complementariamente nuestros asistentes son seleccionados por su alto nivel de empat\u00eda que deber\u00e1n brindar a nuestros mayores. Ventajas...","protected":false},"author":1,"featured_media":0,"parent":0,"menu_order":0,"comment_status":"closed","ping_status":"closed","template":"","meta":{"_acf_changed":false,"_joinchat":[],"footnotes":""},"class_list":["post-1160","page","type-page","status-publish","hentry"],"acf":[],"yoast_head":"<!-- This site is optimized with the Yoast SEO plugin v23.9 - https:\/\/yoast.com\/wordpress\/plugins\/seo\/ -->\n<title>Servicio de adultos mayores - Grupo Maip\u00fa Chile<\/title>\n<meta name=\"description\" content=\"Ofrecemos personal capacitado para el cuidado profesional de adultos mayores, enfocado en el bienestar y la atenci\u00f3n personalizada.\" \/>\n<meta name=\"robots\" content=\"index, follow, max-snippet:-1, max-image-preview:large, max-video-preview:-1\" \/>\n<link rel=\"canonical\" href=\"https:\/\/grupomaipu.com\/es-ch\/servicio-de-adultos-mayores\/\" \/>\n<meta property=\"og:locale\" content=\"es_ES\" \/>\n<meta property=\"og:type\" content=\"article\" \/>\n<meta property=\"og:title\" content=\"Servicio de adultos mayores - Grupo Maip\u00fa Chile\" \/>\n<meta property=\"og:description\" content=\"Ofrecemos personal capacitado para el cuidado profesional de adultos mayores, enfocado en el bienestar y la atenci\u00f3n personalizada.\" \/>\n<meta property=\"og:url\" content=\"https:\/\/grupomaipu.com\/es-ch\/servicio-de-adultos-mayores\/\" \/>\n<meta property=\"og:site_name\" content=\"Grupo Maip\u00fa Chile\" \/>\n<meta property=\"article:modified_time\" content=\"2024-12-03T13:39:43+00:00\" \/>\n<meta name=\"twitter:card\" content=\"summary_large_image\" \/>\n<meta name=\"twitter:label1\" content=\"Tiempo de lectura\" \/>\n\t<meta name=\"twitter:data1\" content=\"2 minutos\" \/>\n<script type=\"application\/ld+json\" class=\"yoast-schema-graph\">{\"@context\":\"https:\/\/schema.org\",\"@graph\":[{\"@type\":\"WebPage\",\"@id\":\"https:\/\/grupomaipu.com\/es-ch\/servicio-de-adultos-mayores\/\",\"url\":\"https:\/\/grupomaipu.com\/es-ch\/servicio-de-adultos-mayores\/\",\"name\":\"Servicio de adultos mayores - Grupo Maip\u00fa Chile\",\"isPartOf\":{\"@id\":\"\/#website\"},\"datePublished\":\"2024-09-24T10:10:17+00:00\",\"dateModified\":\"2024-12-03T13:39:43+00:00\",\"description\":\"Ofrecemos personal capacitado para el cuidado profesional de adultos mayores, enfocado en el bienestar y la atenci\u00f3n personalizada.\",\"breadcrumb\":{\"@id\":\"https:\/\/grupomaipu.com\/es-ch\/servicio-de-adultos-mayores\/#breadcrumb\"},\"inLanguage\":\"es\",\"potentialAction\":[{\"@type\":\"ReadAction\",\"target\":[\"https:\/\/grupomaipu.com\/es-ch\/servicio-de-adultos-mayores\/\"]}]},{\"@type\":\"BreadcrumbList\",\"@id\":\"https:\/\/grupomaipu.com\/es-ch\/servicio-de-adultos-mayores\/#breadcrumb\",\"itemListElement\":[{\"@type\":\"ListItem\",\"position\":1,\"name\":\"Portada\",\"item\":\"https:\/\/grupomaipu.com\/es-ch\/\"},{\"@type\":\"ListItem\",\"position\":2,\"name\":\"Servicio de adultos mayores\"}]},{\"@type\":\"WebSite\",\"@id\":\"\/#website\",\"url\":\"\/\",\"name\":\"Grupo Maip\u00fa Chile\",\"description\":\"\",\"publisher\":{\"@id\":\"\/#organization\"},\"potentialAction\":[{\"@type\":\"SearchAction\",\"target\":{\"@type\":\"EntryPoint\",\"urlTemplate\":\"\/?s={search_term_string}\"},\"query-input\":{\"@type\":\"PropertyValueSpecification\",\"valueRequired\":true,\"valueName\":\"search_term_string\"}}],\"inLanguage\":\"es\"},{\"@type\":\"Organization\",\"@id\":\"\/#organization\",\"name\":\"Grupo Maip\u00fa Chile\",\"url\":\"\/\",\"logo\":{\"@type\":\"ImageObject\",\"inLanguage\":\"es\",\"@id\":\"\/#\/schema\/logo\/image\/\",\"url\":\"https:\/\/grupomaipu.com\/es-ch\/wp-content\/uploads\/sites\/3\/2024\/08\/Maipu-principal-todosloslogotipos-01.png\",\"contentUrl\":\"https:\/\/grupomaipu.com\/es-ch\/wp-content\/uploads\/sites\/3\/2024\/08\/Maipu-principal-todosloslogotipos-01.png\",\"width\":1612,\"height\":793,\"caption\":\"Grupo Maip\u00fa Chile\"},\"image\":{\"@id\":\"\/#\/schema\/logo\/image\/\"}}]}<\/script>\n<!-- \/ Yoast SEO plugin. -->","yoast_head_json":{"title":"Servicio de adultos mayores - Grupo Maip\u00fa Chile","description":"Ofrecemos personal capacitado para el cuidado profesional de adultos mayores, enfocado en el bienestar y la atenci\u00f3n personalizada.","robots":{"index":"index","follow":"follow","max-snippet":"max-snippet:-1","max-image-preview":"max-image-preview:large","max-video-preview":"max-video-preview:-1"},"canonical":"https:\/\/grupomaipu.com\/es-ch\/servicio-de-adultos-mayores\/","og_locale":"es_ES","og_type":"article","og_title":"Servicio de adultos mayores - Grupo Maip\u00fa Chile","og_description":"Ofrecemos personal capacitado para el cuidado profesional de adultos mayores, enfocado en el bienestar y la atenci\u00f3n personalizada.","og_url":"https:\/\/grupomaipu.com\/es-ch\/servicio-de-adultos-mayores\/","og_site_name":"Grupo Maip\u00fa Chile","article_modified_time":"2024-12-03T13:39:43+00:00","twitter_card":"summary_large_image","twitter_misc":{"Tiempo de lectura":"2 minutos"},"schema":{"@context":"https:\/\/schema.org","@graph":[{"@type":"WebPage","@id":"https:\/\/grupomaipu.com\/es-ch\/servicio-de-adultos-mayores\/","url":"https:\/\/grupomaipu.com\/es-ch\/servicio-de-adultos-mayores\/","name":"Servicio de adultos mayores - Grupo Maip\u00fa Chile","isPartOf":{"@id":"\/#website"},"datePublished":"2024-09-24T10:10:17+00:00","dateModified":"2024-12-03T13:39:43+00:00","description":"Ofrecemos personal capacitado para el cuidado profesional de adultos mayores, enfocado en el bienestar y la atenci\u00f3n personalizada.","breadcrumb":{"@id":"https:\/\/grupomaipu.com\/es-ch\/servicio-de-adultos-mayores\/#breadcrumb"},"inLanguage":"es","potentialAction":[{"@type":"ReadAction","target":["https:\/\/grupomaipu.com\/es-ch\/servicio-de-adultos-mayores\/"]}]},{"@type":"BreadcrumbList","@id":"https:\/\/grupomaipu.com\/es-ch\/servicio-de-adultos-mayores\/#breadcrumb","itemListElement":[{"@type":"ListItem","position":1,"name":"Portada","item":"https:\/\/grupomaipu.com\/es-ch\/"},{"@type":"ListItem","position":2,"name":"Servicio de adultos mayores"}]},{"@type":"WebSite","@id":"\/#website","url":"\/","name":"Grupo Maip\u00fa Chile","description":"","publisher":{"@id":"\/#organization"},"potentialAction":[{"@type":"SearchAction","target":{"@type":"EntryPoint","urlTemplate":"\/?s={search_term_string}"},"query-input":{"@type":"PropertyValueSpecification","valueRequired":true,"valueName":"search_term_string"}}],"inLanguage":"es"},{"@type":"Organization","@id":"\/#organization","name":"Grupo Maip\u00fa Chile","url":"\/","logo":{"@type":"ImageObject","inLanguage":"es","@id":"\/#\/schema\/logo\/image\/","url":"https:\/\/grupomaipu.com\/es-ch\/wp-content\/uploads\/sites\/3\/2024\/08\/Maipu-principal-todosloslogotipos-01.png","contentUrl":"https:\/\/grupomaipu.com\/es-ch\/wp-content\/uploads\/sites\/3\/2024\/08\/Maipu-principal-todosloslogotipos-01.png","width":1612,"height":793,"caption":"Grupo Maip\u00fa Chile"},"image":{"@id":"\/#\/schema\/logo\/image\/"}}]}},"_links":{"self":[{"href":"https:\/\/grupomaipu.com\/es-ch\/wp-json\/wp\/v2\/pages\/1160"}],"collection":[{"href":"https:\/\/grupomaipu.com\/es-ch\/wp-json\/wp\/v2\/pages"}],"about":[{"href":"https:\/\/grupomaipu.com\/es-ch\/wp-json\/wp\/v2\/types\/page"}],"author":[{"embeddable":true,"href":"https:\/\/grupomaipu.com\/es-ch\/wp-json\/wp\/v2\/users\/1"}],"replies":[{"embeddable":true,"href":"https:\/\/grupomaipu.com\/es-ch\/wp-json\/wp\/v2\/comments?post=1160"}],"version-history":[{"count":4,"href":"https:\/\/grupomaipu.com\/es-ch\/wp-json\/wp\/v2\/pages\/1160\/revisions"}],"predecessor-version":[{"id":1592,"href":"https:\/\/grupomaipu.com\/es-ch\/wp-json\/wp\/v2\/pages\/1160\/revisions\/1592"}],"wp:attachment":[{"href":"https:\/\/grupomaipu.com\/es-ch\/wp-json\/wp\/v2\/media?parent=1160"}],"curies":[{"name":"wp","href":"https:\/\/api.w.org\/{rel}","templated":true}]}}