{"id":1132,"date":"2024-09-18T11:29:42","date_gmt":"2024-09-18T09:29:42","guid":{"rendered":"https:\/\/preproduccion.pinkstone.es\/maipu\/?page_id=1132"},"modified":"2024-11-12T20:02:33","modified_gmt":"2024-11-12T19:02:33","slug":"desplazamiento-internacional","status":"publish","type":"page","link":"https:\/\/grupomaipu.com\/es-ch\/desplazamiento-internacional\/","title":{"rendered":"Desplazamiento internacional"},"content":{"rendered":"<section class=\"l-section wpb_row us_custom_aa019f4a height_medium with_img parallax_ver with_shape\"><div class=\"l-section-img\" role=\"img\" data-img-width=\"1024\" data-img-height=\"512\" style=\"background-image: url(https:\/\/grupomaipu.com\/es-ch\/wp-content\/uploads\/sites\/3\/2024\/09\/banner-abstracto-mapa-mundial_1048-12232.jpg);background-repeat: no-repeat;\"><\/div><div class=\"l-section-overlay\" style=\"background:rgba(24,62,115,0.64)\"><\/div><div class=\"l-section-shape type_triangle pos_bottom\" style=\"height:7vmin;\"><svg xmlns=\"http:\/\/www.w3.org\/2000\/svg\" viewBox=\"0 0 64 8\" preserveAspectRatio=\"none\" width=\"100%\" height=\"100%\">\r\n\t<path fill=\"currentColor\" d=\"M64 8 L0 8 L0 0 L32 7.9 L64 0 Z\"\/>\r\n<\/svg><\/div><div class=\"l-section-h i-cf\"><div class=\"g-cols vc_row via_grid cols_1 laptops-cols_inherit tablets-cols_inherit mobiles-cols_1 valign_top type_default stacking_default\"><div class=\"wpb_column vc_column_container\"><div class=\"vc_column-inner\"><h1 class=\"w-post-elm post_title us_custom_345590ef has_text_color align_center entry-title color_link_inherit\">Desplazamiento internacional<\/h1><div class=\"w-separator size_small with_line width_30 thick_1 style_solid color_border align_center\"><div class=\"w-separator-h\"><\/div><\/div><\/div><\/div><\/div><\/div><\/section><section class=\"l-section wpb_row us_custom_aa39583c us_animate_this height_medium\"><div class=\"l-section-h i-cf\"><div class=\"g-cols vc_row via_grid cols_1 laptops-cols_inherit tablets-cols_inherit mobiles-cols_1 valign_top type_default stacking_default\"><div class=\"wpb_column vc_column_container\"><div class=\"vc_column-inner\"><div class=\"g-cols wpb_row us_custom_b2e65e60 via_grid cols_1-3 laptops-cols_inherit tablets-cols_inherit mobiles-cols_1 valign_middle type_default stacking_default\" style=\"--gap:3rem;\"><div class=\"wpb_column vc_column_container\"><div class=\"vc_column-inner\"><div class=\"w-image align_center\"><div class=\"w-image-h\"><img decoding=\"async\" width=\"1024\" height=\"503\" src=\"https:\/\/grupomaipu.com\/es-ch\/wp-content\/uploads\/sites\/3\/2024\/08\/Maipu-principal-todosloslogotipos-05-1024x503.png\" class=\"attachment-large size-large\" alt=\"\" loading=\"lazy\" srcset=\"https:\/\/grupomaipu.com\/es-ch\/wp-content\/uploads\/sites\/3\/2024\/08\/Maipu-principal-todosloslogotipos-05-1024x503.png 1024w, https:\/\/grupomaipu.com\/es-ch\/wp-content\/uploads\/sites\/3\/2024\/08\/Maipu-principal-todosloslogotipos-05-300x147.png 300w, https:\/\/grupomaipu.com\/es-ch\/wp-content\/uploads\/sites\/3\/2024\/08\/Maipu-principal-todosloslogotipos-05.png 1613w\" sizes=\"(max-width: 1024px) 100vw, 1024px\" \/><\/div><\/div><\/div><\/div><div class=\"wpb_column vc_column_container\"><div class=\"vc_column-inner\"><div class=\"wpb_text_column us_custom_8b3d6790 has_text_color\"><div class=\"wpb_wrapper\"><p>Conectamos a los mejores talentos entre Latam y Europa optimizando nuestra estructura de oficinas.Creando equipos a medida para cada desaf\u00edo. Nuestra estructura nos permite adaptar r\u00e1pidamente nuestros recursos, reduciendo costos y maximizando la eficiencia en cada etapa, desde el reclutamiento hasta la gesti\u00f3n migratoria.<\/p>\n<\/div><\/div><\/div><\/div><\/div><\/div><\/div><\/div><\/div><\/section><section class=\"l-section wpb_row height_medium\"><div class=\"l-section-h i-cf\"><div class=\"g-cols vc_row via_grid cols_1 laptops-cols_inherit tablets-cols_inherit mobiles-cols_1 valign_top type_default stacking_default\"><div class=\"wpb_column vc_column_container\"><div class=\"vc_column-inner\"><div class=\"g-cols wpb_row via_grid cols_2-1 laptops-cols_inherit tablets-cols_inherit mobiles-cols_1 valign_middle type_default stacking_default\" style=\"--gap:3rem;\"><div class=\"wpb_column vc_column_container us_custom_302a2db5 us_animate_this\"><div class=\"vc_column-inner\"><div class=\"wpb_text_column\"><div class=\"wpb_wrapper\"><h2>Nuestras soluciones te <span style=\"color: #2c96d3;\">brindan la flexibilidad<\/span><\/h2>\n<\/div><\/div><div class=\"w-separator size_small\"><\/div><div class=\"wpb_text_column\"><div class=\"wpb_wrapper\"><p>Con Grupo Maip\u00fa podr\u00e1s acceder a un talento global gracias a las sinergias entre nuestras filiales en Espa\u00f1a, Andorra, Chile y Argentina obteniendo los mejores equipos de trabajo.<\/p>\n<p>Nuestras soluciones te brindan la flexibilidad necesaria para asignar a los mejores profesionales a los proyectos m\u00e1s estrat\u00e9gicos, sin las complicaciones de la gesti\u00f3n administrativa.<\/p>\n<\/div><\/div><\/div><\/div><div class=\"wpb_column vc_column_container us_custom_47474b22 us_animate_this\"><div class=\"vc_column-inner\"><div class=\"w-image us_custom_9cf479d2 has_ratio align_none\"><div class=\"w-image-h\"><div style=\"padding-bottom:100%\"><\/div><img decoding=\"async\" width=\"1024\" height=\"683\" src=\"https:\/\/grupomaipu.com\/es-ch\/wp-content\/uploads\/sites\/3\/2024\/09\/concepto-negocio-mundo-vidrio-computadora-portatil_1150-17689.jpg\" class=\"attachment-large size-large\" alt=\"\" loading=\"lazy\" srcset=\"https:\/\/grupomaipu.com\/es-ch\/wp-content\/uploads\/sites\/3\/2024\/09\/concepto-negocio-mundo-vidrio-computadora-portatil_1150-17689.jpg 1024w, https:\/\/grupomaipu.com\/es-ch\/wp-content\/uploads\/sites\/3\/2024\/09\/concepto-negocio-mundo-vidrio-computadora-portatil_1150-17689-300x200.jpg 300w\" sizes=\"(max-width: 1024px) 100vw, 1024px\" \/><\/div><\/div><\/div><\/div><\/div><\/div><\/div><\/div><\/div><\/section><section class=\"l-section wpb_row height_medium\"><div class=\"l-section-h i-cf\"><div class=\"g-cols vc_row via_grid cols_1 laptops-cols_inherit tablets-cols_inherit mobiles-cols_1 valign_top type_default stacking_default\"><div class=\"wpb_column vc_column_container\"><div class=\"vc_column-inner\"><div class=\"g-cols wpb_row via_grid cols_1-2 laptops-cols_inherit tablets-cols_inherit mobiles-cols_1 valign_middle type_default stacking_default\" style=\"--gap:3rem;\"><div class=\"wpb_column vc_column_container us_custom_47474b22 us_animate_this\"><div class=\"vc_column-inner\"><div class=\"w-image us_custom_9cf479d2 has_ratio align_none\"><div class=\"w-image-h\"><div style=\"padding-bottom:100%\"><\/div><img decoding=\"async\" width=\"1024\" height=\"683\" src=\"https:\/\/grupomaipu.com\/es-ch\/wp-content\/uploads\/sites\/3\/2024\/09\/equipo-jovenes-empresarios-trabajando-juntos-oficina_23-2149206558.jpg\" class=\"attachment-large size-large\" alt=\"empleo-en-Chile\" loading=\"lazy\" srcset=\"https:\/\/grupomaipu.com\/es-ch\/wp-content\/uploads\/sites\/3\/2024\/09\/equipo-jovenes-empresarios-trabajando-juntos-oficina_23-2149206558.jpg 1024w, https:\/\/grupomaipu.com\/es-ch\/wp-content\/uploads\/sites\/3\/2024\/09\/equipo-jovenes-empresarios-trabajando-juntos-oficina_23-2149206558-300x200.jpg 300w\" sizes=\"(max-width: 1024px) 100vw, 1024px\" \/><\/div><\/div><\/div><\/div><div class=\"wpb_column vc_column_container us_custom_302a2db5 us_animate_this\"><div class=\"vc_column-inner\"><div class=\"wpb_text_column\"><div class=\"wpb_wrapper\"><h2>Con <span style=\"color: #2c96d3;\">a\u00f1os de experiencia<\/span> en desplazamiento internacional<\/h2>\n<\/div><\/div><div class=\"w-separator size_small\"><\/div><div class=\"wpb_text_column\"><div class=\"wpb_wrapper\"><p>La escasez de mano de obra cualificada se ha convertido en uno de los principales retos que enfrentan tanto Espa\u00f1a como el resto de los pa\u00edses europeos.<\/p>\n<p>Esta situaci\u00f3n se debe a una combinaci\u00f3n de factores como el envejecimiento de la poblaci\u00f3n, la jubilaci\u00f3n de una generaci\u00f3n de trabajadores altamente cualificados y la falta de adaptaci\u00f3n de los sistemas educativos a las demandas del mercado laboral actual.<\/p>\n<\/div><\/div><\/div><\/div><\/div><\/div><\/div><\/div><\/div><\/section><section class=\"l-section wpb_row us_custom_59cd8b66 us_animate_this height_auto\"><div class=\"l-section-h i-cf\"><div class=\"g-cols vc_row via_grid cols_1 laptops-cols_inherit tablets-cols_inherit mobiles-cols_1 valign_top type_default stacking_default\"><div class=\"wpb_column vc_column_container\"><div class=\"vc_column-inner\"><div class=\"wpb_text_column us_custom_eb849559\"><div class=\"wpb_wrapper\"><h2 style=\"text-align: center;\">Ventajas<span style=\"color: #2c96d3;\"><br \/>\n<\/span><\/h2>\n<\/div><\/div><div class=\"w-separator size_small with_line width_30 thick_1 style_solid color_primary align_center\"><div class=\"w-separator-h\"><\/div><\/div><\/div><\/div><\/div><\/div><\/section><section class=\"l-section wpb_row height_medium\"><div class=\"l-section-h i-cf\"><div class=\"g-cols vc_row via_grid cols_1 laptops-cols_inherit tablets-cols_inherit mobiles-cols_1 valign_middle type_default stacking_default\" style=\"--gap:4rem;\"><div class=\"wpb_column vc_column_container us_custom_73afe2ba us_animate_this\"><div class=\"vc_column-inner\"><div class=\"g-cols wpb_row via_grid cols_3 laptops-cols_inherit tablets-cols_inherit mobiles-cols_1 valign_top type_default stacking_default\" style=\"--gap:1.1rem;\"><div class=\"wpb_column vc_column_container us_custom_1277eea5 has_text_color has_bg_color\"><div class=\"vc_column-inner\"><div class=\"w-iconbox us_custom_cb119ab5 has_text_color iconpos_top style_outlined color_light align_center no_text\"><div class=\"w-iconbox-icon\" style=\"font-size:1.5rem;\"><i class=\"fal fa-check\"><\/i><\/div><div class=\"w-iconbox-meta\"><h6 class=\"w-iconbox-title\" style=\"font-size:16px;\">ACCESO A<br \/>\nUN TALENTO GLOBAL<\/h6><\/div><\/div><\/div><\/div><div class=\"wpb_column vc_column_container us_custom_1277eea5 has_text_color has_bg_color\"><div class=\"vc_column-inner\"><div class=\"w-iconbox us_custom_cb119ab5 has_text_color iconpos_top style_outlined color_light align_center no_text\"><div class=\"w-iconbox-icon\" style=\"font-size:1.5rem;\"><i class=\"fal fa-check\"><\/i><\/div><div class=\"w-iconbox-meta\"><h6 class=\"w-iconbox-title\" style=\"font-size:16px;\">FLEXIBILIDAD<br \/>\nY ADAPTABILIDAD<\/h6><\/div><\/div><\/div><\/div><div class=\"wpb_column vc_column_container us_custom_1277eea5 has_text_color has_bg_color\"><div class=\"vc_column-inner\"><div class=\"w-iconbox us_custom_cb119ab5 has_text_color iconpos_top style_outlined color_light align_center no_text\"><div class=\"w-iconbox-icon\" style=\"font-size:1.5rem;\"><i class=\"fal fa-check\"><\/i><\/div><div class=\"w-iconbox-meta\"><h6 class=\"w-iconbox-title\" style=\"font-size:16px;\">COSTES<br \/>\nCOMPETITIVOS<\/h6><\/div><\/div><\/div><\/div><\/div><div class=\"w-separator size_custom\" style=\"height:20px\"><\/div><div class=\"g-cols wpb_row via_grid cols_3 laptops-cols_inherit tablets-cols_inherit mobiles-cols_1 valign_top type_default stacking_default\" style=\"--gap:1.1rem;\"><div class=\"wpb_column vc_column_container us_custom_1277eea5 has_text_color has_bg_color\"><div class=\"vc_column-inner\"><div class=\"w-iconbox us_custom_cb119ab5 has_text_color iconpos_top style_outlined color_light align_center no_text\"><div class=\"w-iconbox-icon\" style=\"font-size:1.5rem;\"><i class=\"fal fa-check\"><\/i><\/div><div class=\"w-iconbox-meta\"><h6 class=\"w-iconbox-title\" style=\"font-size:16px;\">AGILIDAD EN LOS PROCESOS DE SELECCI\u00d3N<\/h6><\/div><\/div><\/div><\/div><div class=\"wpb_column vc_column_container us_custom_1277eea5 has_text_color has_bg_color\"><div class=\"vc_column-inner\"><div class=\"w-iconbox us_custom_cb119ab5 has_text_color iconpos_top style_outlined color_light align_center no_text\"><div class=\"w-iconbox-icon\" style=\"font-size:1.5rem;\"><i class=\"fal fa-check\"><\/i><\/div><div class=\"w-iconbox-meta\"><h6 class=\"w-iconbox-title\" style=\"font-size:16px;\">GESTI\u00d3N INTEGRAL DE LOS TRABAJADORES<\/h6><\/div><\/div><\/div><\/div><div class=\"wpb_column vc_column_container us_custom_1277eea5 has_text_color has_bg_color\"><div class=\"vc_column-inner\"><div class=\"w-iconbox us_custom_cb119ab5 has_text_color iconpos_top style_outlined color_light align_center no_text\"><div class=\"w-iconbox-icon\" style=\"font-size:1.5rem;\"><i class=\"fal fa-check\"><\/i><\/div><div class=\"w-iconbox-meta\"><h6 class=\"w-iconbox-title\" style=\"font-size:16px;\">FOMENTO DE LA<br \/>\nDIVERSIDAD CULTURAL<\/h6><\/div><\/div><\/div><\/div><\/div><\/div><\/div><\/div><\/div><\/section><section class=\"l-section wpb_row height_medium\"><div class=\"l-section-h i-cf\"><div class=\"g-cols vc_row via_grid cols_1 laptops-cols_inherit tablets-cols_inherit mobiles-cols_1 valign_top type_default stacking_default\"><div class=\"wpb_column vc_column_container\"><div class=\"vc_column-inner\"><div class=\"g-cols wpb_row via_grid cols_2-1 laptops-cols_inherit tablets-cols_inherit mobiles-cols_1 valign_middle type_default stacking_default\" style=\"--gap:3rem;\"><div class=\"wpb_column vc_column_container us_custom_302a2db5 us_animate_this\"><div class=\"vc_column-inner\"><div class=\"wpb_text_column\"><div class=\"wpb_wrapper\"><h2><span style=\"color: #2c96d3;\">Externalizar<\/span> procesos o tareas<\/h2>\n<\/div><\/div><div class=\"w-separator size_small\"><\/div><div class=\"wpb_text_column\"><div class=\"wpb_wrapper\"><p>Se ha convertido en una estrategia empresarial cada vez m\u00e1s popular para optimizar procesos, reducir costos y acceder a talento especializado a nivel global.<\/p>\n<\/div><\/div><div class=\"w-separator size_small\"><\/div><div class=\"w-vwrapper us_custom_dcd1f6b0 has_text_color align_left valign_top\"><div class=\"wpb_text_column\"><div class=\"wpb_wrapper\"><p>Al externalizar procesos o tareas, las empresas pueden concentrarse en sus competencias principales y ganar una ventaja competitiva en el mercado.<\/p>\n<\/div><\/div><\/div><\/div><\/div><div class=\"wpb_column vc_column_container us_custom_47474b22 us_animate_this\"><div class=\"vc_column-inner\"><div class=\"w-image us_custom_9cf479d2 has_ratio align_none\"><div class=\"w-image-h\"><div style=\"padding-bottom:100%\"><\/div><img decoding=\"async\" width=\"1024\" height=\"683\" src=\"https:\/\/grupomaipu.com\/es-ch\/wp-content\/uploads\/sites\/3\/2024\/09\/tecnologia-red-globalizacion-globo-papel-perforado_53876-16429.jpg\" class=\"attachment-large size-large\" alt=\"\" loading=\"lazy\" srcset=\"https:\/\/grupomaipu.com\/es-ch\/wp-content\/uploads\/sites\/3\/2024\/09\/tecnologia-red-globalizacion-globo-papel-perforado_53876-16429.jpg 1024w, https:\/\/grupomaipu.com\/es-ch\/wp-content\/uploads\/sites\/3\/2024\/09\/tecnologia-red-globalizacion-globo-papel-perforado_53876-16429-300x200.jpg 300w\" sizes=\"(max-width: 1024px) 100vw, 1024px\" \/><\/div><\/div><\/div><\/div><\/div><\/div><\/div><\/div><\/div><\/section>\n","protected":false},"excerpt":{"rendered":"Desplazamiento internacionalConectamos a los mejores talentos entre Latam y Europa optimizando nuestra estructura de oficinas.Creando equipos a medida para cada desaf\u00edo. Nuestra estructura nos permite adaptar r\u00e1pidamente nuestros recursos, reduciendo costos y maximizando la eficiencia en cada etapa, desde el reclutamiento hasta la gesti\u00f3n migratoria. Nuestras soluciones te brindan la flexibilidad Con Grupo Maip\u00fa podr\u00e1s...","protected":false},"author":1,"featured_media":0,"parent":0,"menu_order":0,"comment_status":"closed","ping_status":"closed","template":"","meta":{"_acf_changed":false,"_joinchat":[],"footnotes":""},"class_list":["post-1132","page","type-page","status-publish","hentry"],"acf":[],"yoast_head":"<!-- This site is optimized with the Yoast SEO plugin v23.9 - https:\/\/yoast.com\/wordpress\/plugins\/seo\/ -->\n<title>Desplazamiento internacional - Grupo Maip\u00fa Chile<\/title>\n<meta name=\"robots\" content=\"index, follow, max-snippet:-1, max-image-preview:large, max-video-preview:-1\" \/>\n<link rel=\"canonical\" href=\"https:\/\/grupomaipu.com\/es-ch\/desplazamiento-internacional\/\" \/>\n<meta property=\"og:locale\" content=\"es_ES\" \/>\n<meta property=\"og:type\" content=\"article\" \/>\n<meta property=\"og:title\" content=\"Desplazamiento internacional - Grupo Maip\u00fa Chile\" \/>\n<meta property=\"og:url\" content=\"https:\/\/grupomaipu.com\/es-ch\/desplazamiento-internacional\/\" \/>\n<meta property=\"og:site_name\" content=\"Grupo Maip\u00fa Chile\" \/>\n<meta property=\"article:modified_time\" content=\"2024-11-12T19:02:33+00:00\" \/>\n<meta name=\"twitter:card\" content=\"summary_large_image\" \/>\n<meta name=\"twitter:label1\" content=\"Tiempo de lectura\" \/>\n\t<meta name=\"twitter:data1\" content=\"2 minutos\" \/>\n<script type=\"application\/ld+json\" class=\"yoast-schema-graph\">{\"@context\":\"https:\/\/schema.org\",\"@graph\":[{\"@type\":\"WebPage\",\"@id\":\"https:\/\/grupomaipu.com\/es-ch\/desplazamiento-internacional\/\",\"url\":\"https:\/\/grupomaipu.com\/es-ch\/desplazamiento-internacional\/\",\"name\":\"Desplazamiento internacional - Grupo Maip\u00fa Chile\",\"isPartOf\":{\"@id\":\"\/#website\"},\"datePublished\":\"2024-09-18T09:29:42+00:00\",\"dateModified\":\"2024-11-12T19:02:33+00:00\",\"breadcrumb\":{\"@id\":\"https:\/\/grupomaipu.com\/es-ch\/desplazamiento-internacional\/#breadcrumb\"},\"inLanguage\":\"es\",\"potentialAction\":[{\"@type\":\"ReadAction\",\"target\":[\"https:\/\/grupomaipu.com\/es-ch\/desplazamiento-internacional\/\"]}]},{\"@type\":\"BreadcrumbList\",\"@id\":\"https:\/\/grupomaipu.com\/es-ch\/desplazamiento-internacional\/#breadcrumb\",\"itemListElement\":[{\"@type\":\"ListItem\",\"position\":1,\"name\":\"Portada\",\"item\":\"https:\/\/grupomaipu.com\/es-ch\/\"},{\"@type\":\"ListItem\",\"position\":2,\"name\":\"Desplazamiento internacional\"}]},{\"@type\":\"WebSite\",\"@id\":\"\/#website\",\"url\":\"\/\",\"name\":\"Grupo Maip\u00fa Chile\",\"description\":\"\",\"publisher\":{\"@id\":\"\/#organization\"},\"potentialAction\":[{\"@type\":\"SearchAction\",\"target\":{\"@type\":\"EntryPoint\",\"urlTemplate\":\"\/?s={search_term_string}\"},\"query-input\":{\"@type\":\"PropertyValueSpecification\",\"valueRequired\":true,\"valueName\":\"search_term_string\"}}],\"inLanguage\":\"es\"},{\"@type\":\"Organization\",\"@id\":\"\/#organization\",\"name\":\"Grupo Maip\u00fa Chile\",\"url\":\"\/\",\"logo\":{\"@type\":\"ImageObject\",\"inLanguage\":\"es\",\"@id\":\"\/#\/schema\/logo\/image\/\",\"url\":\"https:\/\/grupomaipu.com\/es-ch\/wp-content\/uploads\/sites\/3\/2024\/08\/Maipu-principal-todosloslogotipos-01.png\",\"contentUrl\":\"https:\/\/grupomaipu.com\/es-ch\/wp-content\/uploads\/sites\/3\/2024\/08\/Maipu-principal-todosloslogotipos-01.png\",\"width\":1612,\"height\":793,\"caption\":\"Grupo Maip\u00fa Chile\"},\"image\":{\"@id\":\"\/#\/schema\/logo\/image\/\"}}]}<\/script>\n<!-- \/ Yoast SEO plugin. -->","yoast_head_json":{"title":"Desplazamiento internacional - Grupo Maip\u00fa Chile","robots":{"index":"index","follow":"follow","max-snippet":"max-snippet:-1","max-image-preview":"max-image-preview:large","max-video-preview":"max-video-preview:-1"},"canonical":"https:\/\/grupomaipu.com\/es-ch\/desplazamiento-internacional\/","og_locale":"es_ES","og_type":"article","og_title":"Desplazamiento internacional - Grupo Maip\u00fa Chile","og_url":"https:\/\/grupomaipu.com\/es-ch\/desplazamiento-internacional\/","og_site_name":"Grupo Maip\u00fa Chile","article_modified_time":"2024-11-12T19:02:33+00:00","twitter_card":"summary_large_image","twitter_misc":{"Tiempo de lectura":"2 minutos"},"schema":{"@context":"https:\/\/schema.org","@graph":[{"@type":"WebPage","@id":"https:\/\/grupomaipu.com\/es-ch\/desplazamiento-internacional\/","url":"https:\/\/grupomaipu.com\/es-ch\/desplazamiento-internacional\/","name":"Desplazamiento internacional - Grupo Maip\u00fa Chile","isPartOf":{"@id":"\/#website"},"datePublished":"2024-09-18T09:29:42+00:00","dateModified":"2024-11-12T19:02:33+00:00","breadcrumb":{"@id":"https:\/\/grupomaipu.com\/es-ch\/desplazamiento-internacional\/#breadcrumb"},"inLanguage":"es","potentialAction":[{"@type":"ReadAction","target":["https:\/\/grupomaipu.com\/es-ch\/desplazamiento-internacional\/"]}]},{"@type":"BreadcrumbList","@id":"https:\/\/grupomaipu.com\/es-ch\/desplazamiento-internacional\/#breadcrumb","itemListElement":[{"@type":"ListItem","position":1,"name":"Portada","item":"https:\/\/grupomaipu.com\/es-ch\/"},{"@type":"ListItem","position":2,"name":"Desplazamiento internacional"}]},{"@type":"WebSite","@id":"\/#website","url":"\/","name":"Grupo Maip\u00fa Chile","description":"","publisher":{"@id":"\/#organization"},"potentialAction":[{"@type":"SearchAction","target":{"@type":"EntryPoint","urlTemplate":"\/?s={search_term_string}"},"query-input":{"@type":"PropertyValueSpecification","valueRequired":true,"valueName":"search_term_string"}}],"inLanguage":"es"},{"@type":"Organization","@id":"\/#organization","name":"Grupo Maip\u00fa Chile","url":"\/","logo":{"@type":"ImageObject","inLanguage":"es","@id":"\/#\/schema\/logo\/image\/","url":"https:\/\/grupomaipu.com\/es-ch\/wp-content\/uploads\/sites\/3\/2024\/08\/Maipu-principal-todosloslogotipos-01.png","contentUrl":"https:\/\/grupomaipu.com\/es-ch\/wp-content\/uploads\/sites\/3\/2024\/08\/Maipu-principal-todosloslogotipos-01.png","width":1612,"height":793,"caption":"Grupo Maip\u00fa Chile"},"image":{"@id":"\/#\/schema\/logo\/image\/"}}]}},"_links":{"self":[{"href":"https:\/\/grupomaipu.com\/es-ch\/wp-json\/wp\/v2\/pages\/1132"}],"collection":[{"href":"https:\/\/grupomaipu.com\/es-ch\/wp-json\/wp\/v2\/pages"}],"about":[{"href":"https:\/\/grupomaipu.com\/es-ch\/wp-json\/wp\/v2\/types\/page"}],"author":[{"embeddable":true,"href":"https:\/\/grupomaipu.com\/es-ch\/wp-json\/wp\/v2\/users\/1"}],"replies":[{"embeddable":true,"href":"https:\/\/grupomaipu.com\/es-ch\/wp-json\/wp\/v2\/comments?post=1132"}],"version-history":[{"count":2,"href":"https:\/\/grupomaipu.com\/es-ch\/wp-json\/wp\/v2\/pages\/1132\/revisions"}],"predecessor-version":[{"id":1569,"href":"https:\/\/grupomaipu.com\/es-ch\/wp-json\/wp\/v2\/pages\/1132\/revisions\/1569"}],"wp:attachment":[{"href":"https:\/\/grupomaipu.com\/es-ch\/wp-json\/wp\/v2\/media?parent=1132"}],"curies":[{"name":"wp","href":"https:\/\/api.w.org\/{rel}","templated":true}]}}