{"id":1021,"date":"2024-09-16T09:41:52","date_gmt":"2024-09-16T07:41:52","guid":{"rendered":"https:\/\/preproduccion.pinkstone.es\/maipu\/?page_id=1021"},"modified":"2024-12-03T14:48:45","modified_gmt":"2024-12-03T13:48:45","slug":"logistica","status":"publish","type":"page","link":"https:\/\/grupomaipu.com\/es-ch\/logistica\/","title":{"rendered":"Log\u00edstica"},"content":{"rendered":"<section class=\"l-section wpb_row us_custom_be045166 height_medium with_img parallax_ver with_shape\"><div class=\"l-section-img\" role=\"img\" data-img-width=\"1024\" data-img-height=\"646\" style=\"background-image: url(https:\/\/grupomaipu.com\/es-ch\/wp-content\/uploads\/sites\/3\/2024\/09\/hombre-casco-trabajando-almacen_23-2148923110.jpg);background-repeat: no-repeat;\"><\/div><div class=\"l-section-overlay\" style=\"background:rgba(24,62,115,0.64)\"><\/div><div class=\"l-section-shape type_triangle pos_bottom\" style=\"height:7vmin;\"><svg xmlns=\"http:\/\/www.w3.org\/2000\/svg\" viewBox=\"0 0 64 8\" preserveAspectRatio=\"none\" width=\"100%\" height=\"100%\">\r\n\t<path fill=\"currentColor\" d=\"M64 8 L0 8 L0 0 L32 7.9 L64 0 Z\"\/>\r\n<\/svg><\/div><div class=\"l-section-h i-cf\"><div class=\"g-cols vc_row via_grid cols_1 laptops-cols_inherit tablets-cols_inherit mobiles-cols_1 valign_top type_default stacking_default\"><div class=\"wpb_column vc_column_container us_custom_f3c1321d\"><div class=\"vc_column-inner\"><h2 class=\"w-text us_custom_80657e8f has_text_color\"><span class=\"w-text-h\"><span class=\"w-text-value\">SECTORES<\/span><\/span><\/h2><h1 class=\"w-post-elm post_title us_custom_345590ef has_text_color align_center entry-title color_link_inherit\">Log\u00edstica<\/h1><div class=\"w-separator size_small with_line width_30 thick_1 style_solid color_border align_center\"><div class=\"w-separator-h\"><\/div><\/div><\/div><\/div><\/div><\/div><\/section><section class=\"l-section wpb_row height_medium\"><div class=\"l-section-h i-cf\"><div class=\"g-cols vc_row via_grid cols_1 laptops-cols_inherit tablets-cols_inherit mobiles-cols_1 valign_top type_default stacking_default\"><div class=\"wpb_column vc_column_container\"><div class=\"vc_column-inner\"><div class=\"g-cols wpb_row via_grid cols_2-1 laptops-cols_inherit tablets-cols_inherit mobiles-cols_1 valign_middle type_default stacking_default\" style=\"--gap:3rem;\"><div class=\"wpb_column vc_column_container us_custom_302a2db5 us_animate_this\"><div class=\"vc_column-inner\"><div class=\"wpb_text_column\"><div class=\"wpb_wrapper\"><h2><b>Delega la b\u00fasqueda de personal log\u00edstico y <span style=\"color: #2c96d3;\">conc\u00e9ntrate en tu negocio<\/span><\/b><\/h2>\n<\/div><\/div><div class=\"w-separator size_small\"><\/div><div class=\"w-text us_custom_9f219ae3 has_text_color\"><span class=\"w-text-h\"><span class=\"w-text-value\">\u00bfCansado de gestionar tu log\u00edstica?<\/span><\/span><\/div><div class=\"w-separator size_small\"><\/div><div class=\"wpb_text_column\"><div class=\"wpb_wrapper\"><p>La tarea de log\u00edstica es estrat\u00e9gica para que nuestros clientes coordinen su producci\u00f3n con la distribuci\u00f3n eficaz de la misma.<\/p>\n<p>El almac\u00e9n es un centro de operaciones donde jugamos un rol determinante apoyando las tareas de carga y descarga, reposici\u00f3n. Picking, transporte y entrega de los materiales.<\/p>\n<\/div><\/div><div class=\"w-separator size_small\"><\/div><\/div><\/div><div class=\"wpb_column vc_column_container us_custom_47474b22 us_animate_this\"><div class=\"vc_column-inner\"><div class=\"w-image us_custom_9cf479d2 has_ratio align_none\"><div class=\"w-image-h\"><div style=\"padding-bottom:100%\"><\/div><img decoding=\"async\" width=\"1024\" height=\"683\" src=\"https:\/\/grupomaipu.com\/es-ch\/wp-content\/uploads\/sites\/3\/2024\/09\/hombre-sonriente-tiro-medio-almacen_23-2149214306.jpg\" class=\"attachment-large size-large\" alt=\"\" loading=\"lazy\" srcset=\"https:\/\/grupomaipu.com\/es-ch\/wp-content\/uploads\/sites\/3\/2024\/09\/hombre-sonriente-tiro-medio-almacen_23-2149214306.jpg 1024w, https:\/\/grupomaipu.com\/es-ch\/wp-content\/uploads\/sites\/3\/2024\/09\/hombre-sonriente-tiro-medio-almacen_23-2149214306-300x200.jpg 300w\" sizes=\"(max-width: 1024px) 100vw, 1024px\" \/><\/div><\/div><\/div><\/div><\/div><\/div><\/div><\/div><\/div><\/section><section class=\"l-section wpb_row height_large\"><div class=\"l-section-h i-cf\"><div class=\"g-cols vc_row via_grid cols_1-2 laptops-cols_inherit tablets-cols_inherit mobiles-cols_1 valign_middle type_default stacking_default\" style=\"--gap:4rem;\"><div class=\"wpb_column vc_column_container us_custom_73afe2ba us_animate_this\"><div class=\"vc_column-inner\"><div class=\"w-image us_custom_9cf479d2 has_ratio align_center\"><div class=\"w-image-h\"><div style=\"padding-bottom:100%\"><\/div><img decoding=\"async\" width=\"1024\" height=\"683\" src=\"https:\/\/grupomaipu.com\/es-ch\/wp-content\/uploads\/sites\/3\/2024\/09\/joven-trabajando-almacen-cajas_1303-16617.jpg\" class=\"attachment-large size-large\" alt=\"\" loading=\"lazy\" srcset=\"https:\/\/grupomaipu.com\/es-ch\/wp-content\/uploads\/sites\/3\/2024\/09\/joven-trabajando-almacen-cajas_1303-16617.jpg 1024w, https:\/\/grupomaipu.com\/es-ch\/wp-content\/uploads\/sites\/3\/2024\/09\/joven-trabajando-almacen-cajas_1303-16617-300x200.jpg 300w\" sizes=\"(max-width: 1024px) 100vw, 1024px\" \/><\/div><\/div><\/div><\/div><div class=\"wpb_column vc_column_container\"><div class=\"vc_column-inner\"><div class=\"g-cols wpb_row via_grid cols_3 laptops-cols_inherit tablets-cols_inherit mobiles-cols_1 valign_top type_default stacking_default\" style=\"--gap:1.1rem;\"><div class=\"wpb_column vc_column_container us_custom_b2c4c7cd has_text_color has_bg_color\"><div class=\"vc_column-inner\"><h2 class=\"w-text us_custom_9e344c1b has_text_color\"><span class=\"w-text-h\"><span class=\"w-text-value\">Ventajas<\/span><\/span><\/h2><div class=\"w-separator size_custom with_line width_50 thick_1 style_solid color_border align_center\" style=\"height:30px\"><div class=\"w-separator-h\"><\/div><\/div><\/div><\/div><div class=\"wpb_column vc_column_container us_custom_1277eea5 has_text_color has_bg_color\"><div class=\"vc_column-inner\"><div class=\"w-iconbox us_custom_2effabe8 has_text_color iconpos_top style_outlined color_light align_center no_text\"><div class=\"w-iconbox-icon\" style=\"font-size:1.5rem;\"><i class=\"fal fa-check\"><\/i><\/div><div class=\"w-iconbox-meta\"><h6 class=\"w-iconbox-title\" style=\"font-size:16px;\">MEJORA DEL SERVICIO<\/h6><\/div><\/div><\/div><\/div><div class=\"wpb_column vc_column_container us_custom_1277eea5 has_text_color has_bg_color\"><div class=\"vc_column-inner\"><div class=\"w-iconbox us_custom_2effabe8 has_text_color iconpos_top style_outlined color_light align_center no_text\"><div class=\"w-iconbox-icon\" style=\"font-size:1.5rem;\"><i class=\"fal fa-check\"><\/i><\/div><div class=\"w-iconbox-meta\"><h6 class=\"w-iconbox-title\" style=\"font-size:16px;\">ESPECIALIZACI\u00d3N<\/h6><\/div><\/div><\/div><\/div><\/div><div class=\"w-separator size_custom\" style=\"height:20px\"><\/div><div class=\"g-cols wpb_row via_grid cols_3 laptops-cols_inherit tablets-cols_inherit mobiles-cols_1 valign_top type_default stacking_default\" style=\"--gap:1.1rem;\"><div class=\"wpb_column vc_column_container us_custom_1277eea5 has_text_color has_bg_color\"><div class=\"vc_column-inner\"><div class=\"w-iconbox us_custom_2effabe8 has_text_color iconpos_top style_outlined color_light align_center no_text\"><div class=\"w-iconbox-icon\" style=\"font-size:1.5rem;\"><i class=\"fal fa-check\"><\/i><\/div><div class=\"w-iconbox-meta\"><h6 class=\"w-iconbox-title\" style=\"font-size:16px;\">ENFOQUE EN EL CORE BUSINESS<\/h6><\/div><\/div><\/div><\/div><div class=\"wpb_column vc_column_container us_custom_1277eea5 has_text_color has_bg_color\"><div class=\"vc_column-inner\"><div class=\"w-iconbox us_custom_2effabe8 has_text_color iconpos_top style_outlined color_light align_center no_text\"><div class=\"w-iconbox-icon\" style=\"font-size:1.5rem;\"><i class=\"fal fa-check\"><\/i><\/div><div class=\"w-iconbox-meta\"><h6 class=\"w-iconbox-title\" style=\"font-size:16px;\">ECONOM\u00cdA DE<br \/>\nESCALA<\/h6><\/div><\/div><\/div><\/div><div class=\"wpb_column vc_column_container us_custom_1277eea5 has_text_color has_bg_color\"><div class=\"vc_column-inner\"><div class=\"w-iconbox us_custom_2effabe8 has_text_color iconpos_top style_outlined color_light align_center no_text\"><div class=\"w-iconbox-icon\" style=\"font-size:1.5rem;\"><i class=\"fal fa-check\"><\/i><\/div><div class=\"w-iconbox-meta\"><h6 class=\"w-iconbox-title\" style=\"font-size:16px;\">REDUCCI\u00d3N DE RIESGOS<\/h6><\/div><\/div><\/div><\/div><\/div><\/div><\/div><\/div><\/div><\/section><section class=\"l-section wpb_row us_custom_c70c97eb height_medium with_shape\"><div class=\"l-section-shape type_triangle pos_top\" style=\"height:7vmin;color:var(--color-header-middle-bg)\"><svg xmlns=\"http:\/\/www.w3.org\/2000\/svg\" viewBox=\"0 0 64 8\" preserveAspectRatio=\"none\" width=\"100%\" height=\"100%\">\r\n\t<path fill=\"currentColor\" d=\"M64 8 L0 8 L0 0 L32 7.9 L64 0 Z\"\/>\r\n<\/svg><\/div><div class=\"l-section-h i-cf\"><div class=\"g-cols vc_row via_grid cols_1 laptops-cols_inherit tablets-cols_inherit mobiles-cols_1 valign_top type_default stacking_default\"><div class=\"wpb_column vc_column_container\"><div class=\"vc_column-inner\"><div class=\"w-separator size_medium\"><\/div><div class=\"g-cols wpb_row via_grid cols_1-2 laptops-cols_inherit tablets-cols_inherit mobiles-cols_1 valign_middle type_default stacking_default\" style=\"--gap:3rem;\"><div class=\"wpb_column vc_column_container us_custom_47474b22 us_animate_this\"><div class=\"vc_column-inner\"><div class=\"w-image us_custom_9cf479d2 has_ratio align_none\"><div class=\"w-image-h\"><div style=\"padding-bottom:177.7778%\"><\/div><img decoding=\"async\" width=\"1024\" height=\"681\" src=\"https:\/\/grupomaipu.com\/es-ch\/wp-content\/uploads\/sites\/3\/2024\/09\/vista-posterior-mujer-hombre-pasillo-almacen_259150-569161.jpg\" class=\"attachment-large size-large\" alt=\"\" loading=\"lazy\" srcset=\"https:\/\/grupomaipu.com\/es-ch\/wp-content\/uploads\/sites\/3\/2024\/09\/vista-posterior-mujer-hombre-pasillo-almacen_259150-569161.jpg 1024w, https:\/\/grupomaipu.com\/es-ch\/wp-content\/uploads\/sites\/3\/2024\/09\/vista-posterior-mujer-hombre-pasillo-almacen_259150-569161-300x200.jpg 300w\" sizes=\"(max-width: 1024px) 100vw, 1024px\" \/><\/div><\/div><\/div><\/div><div class=\"wpb_column vc_column_container us_custom_302a2db5 us_animate_this\"><div class=\"vc_column-inner\"><div class=\"wpb_text_column\"><div class=\"wpb_wrapper\"><h2><b>Cubrimos tus necesidades de <span style=\"color: #2c96d3;\">personal log\u00edstico<\/span><\/b> <span style=\"color: #2c96d3;\"><br \/>\n<\/span><\/h2>\n<\/div><\/div><div class=\"w-separator size_small\"><\/div><div class=\"w-vwrapper us_custom_dcd1f6b0 has_text_color align_left valign_top\" style=\"--vwrapper-gap:1rem\"><div class=\"wpb_text_column\"><div class=\"wpb_wrapper\"><p>Nuestros operarios est\u00e1n preparados para integrarse a la disciplina de nuestro cliente y reforzar a tomar a cargo parte de la estrategia de almac\u00e9n y distribuci\u00f3n. Entendemos sus necesidades y apoyamos su gesti\u00f3n pos producci\u00f3n.<\/p>\n<\/div><\/div><\/div><div class=\"w-separator size_small\"><\/div><div class=\"w-text us_custom_9f219ae3 has_text_color\"><span class=\"w-text-h\"><span class=\"w-text-value\">Cubrimos perfiles como:<\/span><\/span><\/div><div class=\"w-separator size_small\"><\/div><div class=\"w-vwrapper align_left valign_top\"><div class=\"w-iconbox iconpos_left style_default color_primary align_left no_text\"><div class=\"w-iconbox-icon\" style=\"font-size:1.5rem;\"><i class=\"fas fa-check\"><\/i><\/div><div class=\"w-iconbox-meta\"><div class=\"w-iconbox-title\">Bodegueros, Peonetas, carga y descarga, reponedoras, picking.<\/div><\/div><\/div><div class=\"w-iconbox iconpos_left style_default color_primary align_left no_text\"><div class=\"w-iconbox-icon\" style=\"font-size:1.5rem;\"><i class=\"fas fa-check\"><\/i><\/div><div class=\"w-iconbox-meta\"><div class=\"w-iconbox-title\">Conductores gr\u00faa horquilla o elevadoras.<\/div><\/div><\/div><div class=\"w-iconbox iconpos_left style_default color_primary align_left no_text\"><div class=\"w-iconbox-icon\" style=\"font-size:1.5rem;\"><i class=\"fas fa-check\"><\/i><\/div><div class=\"w-iconbox-meta\"><div class=\"w-iconbox-title\">Jefe y supervisor de almac\u00e9n.<\/div><\/div><\/div><div class=\"w-iconbox iconpos_left style_default color_primary align_left no_text\"><div class=\"w-iconbox-icon\" style=\"font-size:1.5rem;\"><i class=\"fas fa-check\"><\/i><\/div><div class=\"w-iconbox-meta\"><div class=\"w-iconbox-title\">Ingeniero de automatizaci\u00f3n.<\/div><\/div><\/div><div class=\"w-iconbox iconpos_left style_default color_primary align_left no_text\"><div class=\"w-iconbox-icon\" style=\"font-size:1.5rem;\"><i class=\"fas fa-check\"><\/i><\/div><div class=\"w-iconbox-meta\"><div class=\"w-iconbox-title\">Planificador de demanda.<\/div><\/div><\/div><div class=\"w-iconbox iconpos_left style_default color_primary align_left no_text\"><div class=\"w-iconbox-icon\" style=\"font-size:1.5rem;\"><i class=\"fas fa-check\"><\/i><\/div><div class=\"w-iconbox-meta\"><div class=\"w-iconbox-title\">Responsable de cadena de suministro.<\/div><\/div><\/div><div class=\"w-iconbox iconpos_left style_default color_primary align_left no_text\"><div class=\"w-iconbox-icon\" style=\"font-size:1.5rem;\"><i class=\"fas fa-check\"><\/i><\/div><div class=\"w-iconbox-meta\"><div class=\"w-iconbox-title\">Analista de inventario.<\/div><\/div><\/div><div class=\"w-iconbox iconpos_left style_default color_primary align_left no_text\"><div class=\"w-iconbox-icon\" style=\"font-size:1.5rem;\"><i class=\"fas fa-check\"><\/i><\/div><div class=\"w-iconbox-meta\"><div class=\"w-iconbox-title\">Preparador de pedidos.<\/div><\/div><\/div><\/div><\/div><\/div><\/div><div class=\"w-separator size_medium\"><\/div><\/div><\/div><\/div><\/div><\/section>\n","protected":false},"excerpt":{"rendered":"SECTORESLog\u00edsticaDelega la b\u00fasqueda de personal log\u00edstico y conc\u00e9ntrate en tu negocio \u00bfCansado de gestionar tu log\u00edstica?La tarea de log\u00edstica es estrat\u00e9gica para que nuestros clientes coordinen su producci\u00f3n con la distribuci\u00f3n eficaz de la misma. El almac\u00e9n es un centro de operaciones donde jugamos un rol determinante apoyando las tareas de carga y descarga, reposici\u00f3n....","protected":false},"author":1,"featured_media":0,"parent":0,"menu_order":0,"comment_status":"closed","ping_status":"closed","template":"","meta":{"_acf_changed":false,"_joinchat":[],"footnotes":""},"class_list":["post-1021","page","type-page","status-publish","hentry"],"acf":[],"yoast_head":"<!-- This site is optimized with the Yoast SEO plugin v23.9 - https:\/\/yoast.com\/wordpress\/plugins\/seo\/ -->\n<title>Log\u00edstica - Grupo Maip\u00fa Chile<\/title>\n<meta name=\"description\" content=\"Maximiza la eficiencia de tu log\u00edstica con el mejor talento. Proporcionamos personal especializado para optimizar tu gesti\u00f3n en almacenes y distribuci\u00f3n.\" \/>\n<meta name=\"robots\" content=\"index, follow, max-snippet:-1, max-image-preview:large, max-video-preview:-1\" \/>\n<link rel=\"canonical\" href=\"https:\/\/grupomaipu.com\/es-ch\/logistica\/\" \/>\n<meta property=\"og:locale\" content=\"es_ES\" \/>\n<meta property=\"og:type\" content=\"article\" \/>\n<meta property=\"og:title\" content=\"Log\u00edstica - Grupo Maip\u00fa Chile\" \/>\n<meta property=\"og:description\" content=\"Maximiza la eficiencia de tu log\u00edstica con el mejor talento. Proporcionamos personal especializado para optimizar tu gesti\u00f3n en almacenes y distribuci\u00f3n.\" \/>\n<meta property=\"og:url\" content=\"https:\/\/grupomaipu.com\/es-ch\/logistica\/\" \/>\n<meta property=\"og:site_name\" content=\"Grupo Maip\u00fa Chile\" \/>\n<meta property=\"article:modified_time\" content=\"2024-12-03T13:48:45+00:00\" \/>\n<meta name=\"twitter:card\" content=\"summary_large_image\" \/>\n<meta name=\"twitter:label1\" content=\"Tiempo de lectura\" \/>\n\t<meta name=\"twitter:data1\" content=\"2 minutos\" \/>\n<script type=\"application\/ld+json\" class=\"yoast-schema-graph\">{\"@context\":\"https:\/\/schema.org\",\"@graph\":[{\"@type\":\"WebPage\",\"@id\":\"https:\/\/grupomaipu.com\/es-ch\/logistica\/\",\"url\":\"https:\/\/grupomaipu.com\/es-ch\/logistica\/\",\"name\":\"Log\u00edstica - Grupo Maip\u00fa Chile\",\"isPartOf\":{\"@id\":\"\/#website\"},\"datePublished\":\"2024-09-16T07:41:52+00:00\",\"dateModified\":\"2024-12-03T13:48:45+00:00\",\"description\":\"Maximiza la eficiencia de tu log\u00edstica con el mejor talento. Proporcionamos personal especializado para optimizar tu gesti\u00f3n en almacenes y distribuci\u00f3n.\",\"breadcrumb\":{\"@id\":\"https:\/\/grupomaipu.com\/es-ch\/logistica\/#breadcrumb\"},\"inLanguage\":\"es\",\"potentialAction\":[{\"@type\":\"ReadAction\",\"target\":[\"https:\/\/grupomaipu.com\/es-ch\/logistica\/\"]}]},{\"@type\":\"BreadcrumbList\",\"@id\":\"https:\/\/grupomaipu.com\/es-ch\/logistica\/#breadcrumb\",\"itemListElement\":[{\"@type\":\"ListItem\",\"position\":1,\"name\":\"Portada\",\"item\":\"https:\/\/grupomaipu.com\/es-ch\/\"},{\"@type\":\"ListItem\",\"position\":2,\"name\":\"Log\u00edstica\"}]},{\"@type\":\"WebSite\",\"@id\":\"\/#website\",\"url\":\"\/\",\"name\":\"Grupo Maip\u00fa Chile\",\"description\":\"\",\"publisher\":{\"@id\":\"\/#organization\"},\"potentialAction\":[{\"@type\":\"SearchAction\",\"target\":{\"@type\":\"EntryPoint\",\"urlTemplate\":\"\/?s={search_term_string}\"},\"query-input\":{\"@type\":\"PropertyValueSpecification\",\"valueRequired\":true,\"valueName\":\"search_term_string\"}}],\"inLanguage\":\"es\"},{\"@type\":\"Organization\",\"@id\":\"\/#organization\",\"name\":\"Grupo Maip\u00fa Chile\",\"url\":\"\/\",\"logo\":{\"@type\":\"ImageObject\",\"inLanguage\":\"es\",\"@id\":\"\/#\/schema\/logo\/image\/\",\"url\":\"https:\/\/grupomaipu.com\/es-ch\/wp-content\/uploads\/sites\/3\/2024\/08\/Maipu-principal-todosloslogotipos-01.png\",\"contentUrl\":\"https:\/\/grupomaipu.com\/es-ch\/wp-content\/uploads\/sites\/3\/2024\/08\/Maipu-principal-todosloslogotipos-01.png\",\"width\":1612,\"height\":793,\"caption\":\"Grupo Maip\u00fa Chile\"},\"image\":{\"@id\":\"\/#\/schema\/logo\/image\/\"}}]}<\/script>\n<!-- \/ Yoast SEO plugin. -->","yoast_head_json":{"title":"Log\u00edstica - Grupo Maip\u00fa Chile","description":"Maximiza la eficiencia de tu log\u00edstica con el mejor talento. Proporcionamos personal especializado para optimizar tu gesti\u00f3n en almacenes y distribuci\u00f3n.","robots":{"index":"index","follow":"follow","max-snippet":"max-snippet:-1","max-image-preview":"max-image-preview:large","max-video-preview":"max-video-preview:-1"},"canonical":"https:\/\/grupomaipu.com\/es-ch\/logistica\/","og_locale":"es_ES","og_type":"article","og_title":"Log\u00edstica - Grupo Maip\u00fa Chile","og_description":"Maximiza la eficiencia de tu log\u00edstica con el mejor talento. Proporcionamos personal especializado para optimizar tu gesti\u00f3n en almacenes y distribuci\u00f3n.","og_url":"https:\/\/grupomaipu.com\/es-ch\/logistica\/","og_site_name":"Grupo Maip\u00fa Chile","article_modified_time":"2024-12-03T13:48:45+00:00","twitter_card":"summary_large_image","twitter_misc":{"Tiempo de lectura":"2 minutos"},"schema":{"@context":"https:\/\/schema.org","@graph":[{"@type":"WebPage","@id":"https:\/\/grupomaipu.com\/es-ch\/logistica\/","url":"https:\/\/grupomaipu.com\/es-ch\/logistica\/","name":"Log\u00edstica - Grupo Maip\u00fa Chile","isPartOf":{"@id":"\/#website"},"datePublished":"2024-09-16T07:41:52+00:00","dateModified":"2024-12-03T13:48:45+00:00","description":"Maximiza la eficiencia de tu log\u00edstica con el mejor talento. Proporcionamos personal especializado para optimizar tu gesti\u00f3n en almacenes y distribuci\u00f3n.","breadcrumb":{"@id":"https:\/\/grupomaipu.com\/es-ch\/logistica\/#breadcrumb"},"inLanguage":"es","potentialAction":[{"@type":"ReadAction","target":["https:\/\/grupomaipu.com\/es-ch\/logistica\/"]}]},{"@type":"BreadcrumbList","@id":"https:\/\/grupomaipu.com\/es-ch\/logistica\/#breadcrumb","itemListElement":[{"@type":"ListItem","position":1,"name":"Portada","item":"https:\/\/grupomaipu.com\/es-ch\/"},{"@type":"ListItem","position":2,"name":"Log\u00edstica"}]},{"@type":"WebSite","@id":"\/#website","url":"\/","name":"Grupo Maip\u00fa Chile","description":"","publisher":{"@id":"\/#organization"},"potentialAction":[{"@type":"SearchAction","target":{"@type":"EntryPoint","urlTemplate":"\/?s={search_term_string}"},"query-input":{"@type":"PropertyValueSpecification","valueRequired":true,"valueName":"search_term_string"}}],"inLanguage":"es"},{"@type":"Organization","@id":"\/#organization","name":"Grupo Maip\u00fa Chile","url":"\/","logo":{"@type":"ImageObject","inLanguage":"es","@id":"\/#\/schema\/logo\/image\/","url":"https:\/\/grupomaipu.com\/es-ch\/wp-content\/uploads\/sites\/3\/2024\/08\/Maipu-principal-todosloslogotipos-01.png","contentUrl":"https:\/\/grupomaipu.com\/es-ch\/wp-content\/uploads\/sites\/3\/2024\/08\/Maipu-principal-todosloslogotipos-01.png","width":1612,"height":793,"caption":"Grupo Maip\u00fa Chile"},"image":{"@id":"\/#\/schema\/logo\/image\/"}}]}},"_links":{"self":[{"href":"https:\/\/grupomaipu.com\/es-ch\/wp-json\/wp\/v2\/pages\/1021"}],"collection":[{"href":"https:\/\/grupomaipu.com\/es-ch\/wp-json\/wp\/v2\/pages"}],"about":[{"href":"https:\/\/grupomaipu.com\/es-ch\/wp-json\/wp\/v2\/types\/page"}],"author":[{"embeddable":true,"href":"https:\/\/grupomaipu.com\/es-ch\/wp-json\/wp\/v2\/users\/1"}],"replies":[{"embeddable":true,"href":"https:\/\/grupomaipu.com\/es-ch\/wp-json\/wp\/v2\/comments?post=1021"}],"version-history":[{"count":5,"href":"https:\/\/grupomaipu.com\/es-ch\/wp-json\/wp\/v2\/pages\/1021\/revisions"}],"predecessor-version":[{"id":1598,"href":"https:\/\/grupomaipu.com\/es-ch\/wp-json\/wp\/v2\/pages\/1021\/revisions\/1598"}],"wp:attachment":[{"href":"https:\/\/grupomaipu.com\/es-ch\/wp-json\/wp\/v2\/media?parent=1021"}],"curies":[{"name":"wp","href":"https:\/\/api.w.org\/{rel}","templated":true}]}}