{"id":942,"date":"2024-08-14T08:00:43","date_gmt":"2024-08-14T08:00:43","guid":{"rendered":"https:\/\/preproduccion.pinkstone.es\/maipu\/?page_id=3"},"modified":"2024-08-14T08:00:43","modified_gmt":"2024-08-14T08:00:43","slug":"politica-de-privacidad","status":"publish","type":"page","link":"https:\/\/grupomaipu.com\/es-ar\/politica-de-privacidad\/","title":{"rendered":"Pol\u00edtica de privacidad"},"content":{"rendered":"<h1>Pol\u00edtica de privacidad<\/h1>\n<p>En cumplimiento de lo dispuesto por el Reglamento (UE) 679\/2016, de 27 de abril de 2016, General de Protecci\u00f3n de Datos Personales, y de lo dispuesto por la Ley Org\u00e1nica 3\/2018, de 5 de diciembre, de Protecci\u00f3n de Datos Personales y garant\u00eda de los derechos digitales, GRUPO MAIP\u00da, S.L. (en adelante, \u201cGRUPO MAIP\u00da\u201d) le informa de que los datos personales que nos facilite con el empleo de los distintos servicios y funcionalidades ofrecidos en nuestra p\u00e1gina web ser\u00e1n tratados por dicha entidad en su condici\u00f3n de Responsable del Tratamiento.<\/p>\n<p>A efectos de tratar dichos datos de car\u00e1cter personal, GRUPO MAIP\u00da le informa de que adopta para ello todas las medidas t\u00e9cnicas y organizativas necesarias para garantizar la seguridad de sus datos personales, as\u00ed como para evitar su robo o p\u00e9rdida, uso indebido, alteraci\u00f3n, acceso no autorizado, siempre teniendo en cuenta el estado de la tecnolog\u00eda en cada momento, la naturaleza de los datos personales objeto del tratamiento y los riesgos a los que estos est\u00e1n expuestos.<\/p>\n<h2><strong><u>\u00bfQui\u00e9nes somos?<\/u><\/strong><\/h2>\n<p>GRUPO MAIP\u00da trata tus datos personales en calidad de Responsable del Tratamiento, lo cual significa que determina los fines y medios a la hora de trata los datos de car\u00e1cter personal que nos facilitas. Nuestros datos identificativos son los siguientes:<\/p>\n<h2><strong><u>\u00bfQu\u00e9 datos personales recabamos?<\/u><\/strong><\/h2>\n<p>GRUPO MAIP\u00da \u00fanicamente recabar\u00e1 por medio web y tratar\u00e1 datos personales de los usuarios que sean adecuados, pertinentes y limitados a lo necesario en relaci\u00f3n con los fines previstos. En este sentido, las categor\u00edas de datos de car\u00e1cter personal que tratar\u00e1n consisten en:<\/p>\n<ul>\n<li>Datos de contacto: tratar\u00e1 los datos personales de los usuarios, identificativos y de contacto, tales como el nombre y apellidos, direcci\u00f3n, n\u00famero de tel\u00e9fono, domicilio y pa\u00eds de residencia, nacionalidad, n\u00famero de identificaci\u00f3n fiscal o direcci\u00f3n de correo electr\u00f3nico.<\/li>\n<li>Datos de facturaci\u00f3n: en su caso, tratar\u00e1 los datos personales de usuarios relacionados con su esfera econ\u00f3mica, tales como, adem\u00e1s de los de contacto, su direcci\u00f3n a efectos fiscales, su identificaci\u00f3n bancaria (IBAN), n\u00famero de tarjeta bancaria y dem\u00e1s datos similares.<br \/>\u00b7 Datos de formaci\u00f3n y experiencia: en caso de que nos remitas tu CV para participar en alguno de los procesos de selecci\u00f3n que realizamos, trataremos los datos en \u00e9l contenidos con el fin de valorar tu perfil.<br \/>\u00b7 Datos de navegaci\u00f3n: analizamos la forma en que navegas por nuestra web con el fin de inferir tus intereses.<\/li>\n<\/ul>\n<h2><strong><u>\u00bfCon qu\u00e9 finalidad tratamos tus datos? \u00bfQu\u00e9 nos legitima a ello?<\/u><\/strong><\/h2>\n<p>GRUPO MAIP\u00da trata las categor\u00edas de datos se\u00f1aladas con las siguientes finalidades:<\/p>\n<ul>\n<li>Mantenimiento de contacto contigo como cliente: tratamos tus datos personales a efectos de gestionar nuestra relaci\u00f3n contigo y de atender cuestiones o dudas. La base que nos legitima a tratar tus datos para esta finalidad ser\u00e1 tu consentimiento, que nos habr\u00e1s otorgado al momento de facilitarnos tus datos a trav\u00e9s del medio que se trate (formulario web, tel\u00e9fono, etc.).<\/li>\n<li>Prestaci\u00f3n de nuestro servicio de intermediaci\u00f3n y selecci\u00f3n de personal: trataremos tus datos de formaci\u00f3n y experiencia para prestarte el servicio solicitado, ello con base en tu consentimiento.<br \/>\u00b7 Gesti\u00f3n de nuestro sitio web: tratamos datos de usuarios para poder mantener nuestro sitio web.<\/li>\n<\/ul>\n<h2><strong><u>\u00bfPor cu\u00e1nto tiempo conservamos los datos personales?<\/u><\/strong><\/h2>\n<p>El plazo de duraci\u00f3n durante el cual conservaremos tus datos depender\u00e1 de la finalidad para la cual los estemos tratando.<\/p>\n<p>En el caso de establecer una relaci\u00f3n contractual, los conservaremos hasta la finalizaci\u00f3n de la misma, salvo que exista alguna obligaci\u00f3n legal susceptible de cumplimiento que obligue a conservarlos por m\u00e1s tiempo.<\/p>\n<p>En el caso de tratar tus datos personales sobre la base de un consentimiento que nos hayas otorgado, los trataremos hasta cumplir con la finalidad informada o hasta que retires el consentimiento otorgado.<\/p>\n<p>Lo anterior aplicar\u00e1 sin perjuicio de que conservemos posteriormente tus datos, debidamente guardados y protegidos, a efectos de cumplir con las obligaciones legales que se nos impone como GRUPO MAIP\u00da de acuerdo con la normativa vigente, o en prevenci\u00f3n de supuestos en que surjan responsabilidades derivadas del tratamiento. Una vez prescritas las eventuales acciones en cada caso., suprimiremos tus datos personales de forma segura.<\/p>\n<h2><strong><u>\u00bfCon qui\u00e9n compartimos tus datos?<\/u><\/strong><\/h2>\n<p>De forma general la \u00fanica cesi\u00f3n que se prev\u00e9 por parte de GRUPO MAIP\u00da de tus datos personales a a alg\u00fan tercero es el supuesto en que tu perfil se adec\u00fae al que busca nuestro cliente, de forma que puedan valorar tu candidatura.<\/p>\n<p>Como excepci\u00f3n a lo anterior, te informamos de que GRUPO MAIP\u00da podr\u00e1 ceder datos de car\u00e1cter personal cuando as\u00ed se lo exija una obligaci\u00f3n legal, o para responder a eventuales reclamaciones y responsabilidades que surjan.<\/p>\n<p>GRUPO MAIP\u00da solo podr\u00e1 ceder tus datos en los casos no recogidos en el p\u00e1rrafo anterior en el caso de que tenga tu consentimiento expreso, espec\u00edfico, informado e inequ\u00edvoco.<\/p>\n<p>Asimismo, te informamos de que terceros podr\u00e1n tratar datos personales de los usuarios por cuenta de GRUPO MAIP\u00da para la prestaci\u00f3n de los servicios solicitados por \u00e9stos. Todo tercero que acceda a datos personales tendr\u00e1 la consideraci\u00f3n de encargado del tratamiento, debiendo ofrecer garant\u00edas suficientes para aplicar medidas t\u00e9cnicas y organizativas apropiadas para el cumplimiento de la normativa vigente en materia de protecci\u00f3n de datos.<\/p>\n<h2><strong><u>\u00bfQu\u00e9 derechos tienes respecto a tus datos?<\/u><\/strong><\/h2>\n<p>Nos comprometemos a garantizar la confidencialidad y seguridad de tus datos personales, as\u00ed como tambi\u00e9n te garantizamos el ejercicio de los derechos que a continuaci\u00f3n se detallan. Puedes ejercitarlos escribi\u00e9ndonos un correo electr\u00f3nico a la direcci\u00f3n comercial@grupomaipu.com, se\u00f1alando el motivo de tu solicitud y derecho concreto que deseas ejercitar, concretando en qu\u00e9 consiste el supuesto; a efectos de poder identificarte, ser\u00e1 necesario que nos facilites una copia adjunta de tu documento acreditativo de identidad. Tambi\u00e9n podr\u00e1s ejercitar tus derechos mediante el env\u00edo de una carta por correo postal ordinario, indicando los mismos extremos se\u00f1alados para el supuesto de la comunicaci\u00f3n por e-mail.<\/p>\n<p>Los derechos que te asisten son:<\/p>\n<p>Derecho de acceso: tienes derecho a obtener confirmaci\u00f3n acerca de si GRUPO MAIP\u00da trata datos personales que te conciernen y, en tal caso, a acceder a los mismos. Asimismo, tendr\u00e1s derecho a obtener una copia de los datos en cuesti\u00f3n.<\/p>\n<p>Derecho de rectificaci\u00f3n: tienes derecho a solicitar la rectificaci\u00f3n de los datos personales inexactos que te conciernan.<\/p>\n<p>Derecho de supresi\u00f3n: tienes derecho a solicitar la supresi\u00f3n de tus datos, entre otros motivos, cuando los datos ya no sean adecuados, necesarios o pertinentes para los fines para los que fueron recogidos.<\/p>\n<p>Derecho de oposici\u00f3n: tienes derecho a oponerte al tratamiento de tus datos personales, por motivos relativos a tu situaci\u00f3n particular. En dicho caso, GRUPO MAIP\u00da cesar\u00e1 en el tratamiento de dichos datos, salvo que existan motivos leg\u00edtimos imperiosos, o para la formulaci\u00f3n, el ejercicio o la defensa de reclamaciones.<\/p>\n<p>Derecho a la limitaci\u00f3n del tratamiento: bajo la premisa de que concurran determinadas condiciones, podr\u00e1s solicitar la limitaci\u00f3n del tratamiento de tus datos, en cuyo caso GRUPO MAIP\u00da \u00fanicamente podr\u00e1 tratarlos, con la excepci\u00f3n de su conservaci\u00f3n, con tu consentimiento, para el ejercicio o defensa de reclamaciones, para la protecci\u00f3n de derechos de terceros o por razones de inter\u00e9s p\u00fablico importante.<\/p>\n<p>Derecho a la portabilidad de los datos: tienes derecho a recibir o, en su caso, a que GRUPO MAIP\u00da facilite a terceros tus datos personales en un formato estructurado, de uso com\u00fan y lectura mec\u00e1nica, siempre y cuando dicho tratamiento se haya basado en tu consentimiento y se haya efectuado por medios automatizados<\/p>\n<p>GRUPO MAIP\u00da se compromete a dar respuesta a todas las solicitudes dentro del plazo establecido en la normativa vigente.<\/p>\n<p>Asimismo, te informamos de que podr\u00e1s recabar la tutela de la Agencia Espa\u00f1ola de Protecci\u00f3n de Datos (AEPD). Puedes encontrar los datos de contacto de la Agencia a trav\u00e9s de la p\u00e1gina web www.aepd.es<\/p>\n<h2><strong><u>Cambios en la Pol\u00edtica de Privacidad<\/u><\/strong><\/h2>\n<p>Es posible que modifiquemos la informaci\u00f3n contenida en esta Pol\u00edtica de Privacidad cuando se d\u00e9 alguna circunstancia que as\u00ed lo motive. Por ello, te sugerimos que revises nuestra Pol\u00edtica para poder estar al tanto de los cambios que pudi\u00e9semos haber realizado.<\/p>\n<p>&nbsp;<\/p>\n","protected":false},"excerpt":{"rendered":"<p>Pol\u00edtica de privacidad En cumplimiento de lo dispuesto por el Reglamento (UE) 679\/2016, de 27 de abril de 2016, General de Protecci\u00f3n de Datos Personales, y de lo dispuesto por la Ley Org\u00e1nica 3\/2018, de 5 de diciembre, de Protecci\u00f3n de Datos Personales y garant\u00eda de los derechos digitales, GRUPO MAIP\u00da, S.L. (en adelante, \u201cGRUPO&#8230;<\/p>\n","protected":false},"author":1,"featured_media":0,"parent":0,"menu_order":0,"comment_status":"closed","ping_status":"open","template":"","meta":{"_acf_changed":false,"_joinchat":[],"footnotes":""},"class_list":["post-942","page","type-page","status-publish","hentry"],"acf":[],"yoast_head":"<!-- This site is optimized with the Yoast SEO plugin v23.9 - https:\/\/yoast.com\/wordpress\/plugins\/seo\/ -->\n<title>Pol\u00edtica de privacidad - Grupo Maip\u00fa Argentina<\/title>\n<meta name=\"robots\" content=\"index, follow, max-snippet:-1, max-image-preview:large, max-video-preview:-1\" \/>\n<link rel=\"canonical\" href=\"https:\/\/grupomaipu.com\/es-ar\/politica-de-privacidad\/\" \/>\n<meta property=\"og:locale\" content=\"es_ES\" \/>\n<meta property=\"og:type\" content=\"article\" \/>\n<meta property=\"og:title\" content=\"Pol\u00edtica de privacidad - Grupo Maip\u00fa Argentina\" \/>\n<meta property=\"og:description\" content=\"Pol\u00edtica de privacidad En cumplimiento de lo dispuesto por el Reglamento (UE) 679\/2016, de 27 de abril de 2016, General de Protecci\u00f3n de Datos Personales, y de lo dispuesto por la Ley Org\u00e1nica 3\/2018, de 5 de diciembre, de Protecci\u00f3n de Datos Personales y garant\u00eda de los derechos digitales, GRUPO MAIP\u00da, S.L. (en adelante, \u201cGRUPO...\" \/>\n<meta property=\"og:url\" content=\"https:\/\/grupomaipu.com\/es-ar\/politica-de-privacidad\/\" \/>\n<meta property=\"og:site_name\" content=\"Grupo Maip\u00fa Argentina\" \/>\n<meta name=\"twitter:card\" content=\"summary_large_image\" \/>\n<meta name=\"twitter:label1\" content=\"Tiempo de lectura\" \/>\n\t<meta name=\"twitter:data1\" content=\"7 minutos\" \/>\n<script type=\"application\/ld+json\" class=\"yoast-schema-graph\">{\"@context\":\"https:\/\/schema.org\",\"@graph\":[{\"@type\":\"WebPage\",\"@id\":\"https:\/\/grupomaipu.com\/es-ar\/politica-de-privacidad\/\",\"url\":\"https:\/\/grupomaipu.com\/es-ar\/politica-de-privacidad\/\",\"name\":\"Pol\u00edtica de privacidad - Grupo Maip\u00fa Argentina\",\"isPartOf\":{\"@id\":\"\/#website\"},\"datePublished\":\"2024-08-14T08:00:43+00:00\",\"dateModified\":\"2024-08-14T08:00:43+00:00\",\"breadcrumb\":{\"@id\":\"https:\/\/grupomaipu.com\/es-ar\/politica-de-privacidad\/#breadcrumb\"},\"inLanguage\":\"es\",\"potentialAction\":[{\"@type\":\"ReadAction\",\"target\":[\"https:\/\/grupomaipu.com\/es-ar\/politica-de-privacidad\/\"]}]},{\"@type\":\"BreadcrumbList\",\"@id\":\"https:\/\/grupomaipu.com\/es-ar\/politica-de-privacidad\/#breadcrumb\",\"itemListElement\":[{\"@type\":\"ListItem\",\"position\":1,\"name\":\"Portada\",\"item\":\"https:\/\/grupomaipu.com\/es-ar\/\"},{\"@type\":\"ListItem\",\"position\":2,\"name\":\"Pol\u00edtica de privacidad\"}]},{\"@type\":\"WebSite\",\"@id\":\"\/#website\",\"url\":\"\/\",\"name\":\"Grupo Maip\u00fa Argentina\",\"description\":\"\",\"publisher\":{\"@id\":\"\/#organization\"},\"potentialAction\":[{\"@type\":\"SearchAction\",\"target\":{\"@type\":\"EntryPoint\",\"urlTemplate\":\"\/?s={search_term_string}\"},\"query-input\":{\"@type\":\"PropertyValueSpecification\",\"valueRequired\":true,\"valueName\":\"search_term_string\"}}],\"inLanguage\":\"es\"},{\"@type\":\"Organization\",\"@id\":\"\/#organization\",\"name\":\"Grupo Maip\u00fa Argentina\",\"url\":\"\/\",\"logo\":{\"@type\":\"ImageObject\",\"inLanguage\":\"es\",\"@id\":\"\/#\/schema\/logo\/image\/\",\"url\":\"https:\/\/grupomaipu.com\/es-ar\/wp-content\/uploads\/sites\/2\/2024\/08\/Maipu-principal-todosloslogotipos-01.png\",\"contentUrl\":\"https:\/\/grupomaipu.com\/es-ar\/wp-content\/uploads\/sites\/2\/2024\/08\/Maipu-principal-todosloslogotipos-01.png\",\"width\":1612,\"height\":793,\"caption\":\"Grupo Maip\u00fa Argentina\"},\"image\":{\"@id\":\"\/#\/schema\/logo\/image\/\"}}]}<\/script>\n<!-- \/ Yoast SEO plugin. -->","yoast_head_json":{"title":"Pol\u00edtica de privacidad - Grupo Maip\u00fa Argentina","robots":{"index":"index","follow":"follow","max-snippet":"max-snippet:-1","max-image-preview":"max-image-preview:large","max-video-preview":"max-video-preview:-1"},"canonical":"https:\/\/grupomaipu.com\/es-ar\/politica-de-privacidad\/","og_locale":"es_ES","og_type":"article","og_title":"Pol\u00edtica de privacidad - Grupo Maip\u00fa Argentina","og_description":"Pol\u00edtica de privacidad En cumplimiento de lo dispuesto por el Reglamento (UE) 679\/2016, de 27 de abril de 2016, General de Protecci\u00f3n de Datos Personales, y de lo dispuesto por la Ley Org\u00e1nica 3\/2018, de 5 de diciembre, de Protecci\u00f3n de Datos Personales y garant\u00eda de los derechos digitales, GRUPO MAIP\u00da, S.L. (en adelante, \u201cGRUPO...","og_url":"https:\/\/grupomaipu.com\/es-ar\/politica-de-privacidad\/","og_site_name":"Grupo Maip\u00fa Argentina","twitter_card":"summary_large_image","twitter_misc":{"Tiempo de lectura":"7 minutos"},"schema":{"@context":"https:\/\/schema.org","@graph":[{"@type":"WebPage","@id":"https:\/\/grupomaipu.com\/es-ar\/politica-de-privacidad\/","url":"https:\/\/grupomaipu.com\/es-ar\/politica-de-privacidad\/","name":"Pol\u00edtica de privacidad - Grupo Maip\u00fa Argentina","isPartOf":{"@id":"\/#website"},"datePublished":"2024-08-14T08:00:43+00:00","dateModified":"2024-08-14T08:00:43+00:00","breadcrumb":{"@id":"https:\/\/grupomaipu.com\/es-ar\/politica-de-privacidad\/#breadcrumb"},"inLanguage":"es","potentialAction":[{"@type":"ReadAction","target":["https:\/\/grupomaipu.com\/es-ar\/politica-de-privacidad\/"]}]},{"@type":"BreadcrumbList","@id":"https:\/\/grupomaipu.com\/es-ar\/politica-de-privacidad\/#breadcrumb","itemListElement":[{"@type":"ListItem","position":1,"name":"Portada","item":"https:\/\/grupomaipu.com\/es-ar\/"},{"@type":"ListItem","position":2,"name":"Pol\u00edtica de privacidad"}]},{"@type":"WebSite","@id":"\/#website","url":"\/","name":"Grupo Maip\u00fa Argentina","description":"","publisher":{"@id":"\/#organization"},"potentialAction":[{"@type":"SearchAction","target":{"@type":"EntryPoint","urlTemplate":"\/?s={search_term_string}"},"query-input":{"@type":"PropertyValueSpecification","valueRequired":true,"valueName":"search_term_string"}}],"inLanguage":"es"},{"@type":"Organization","@id":"\/#organization","name":"Grupo Maip\u00fa Argentina","url":"\/","logo":{"@type":"ImageObject","inLanguage":"es","@id":"\/#\/schema\/logo\/image\/","url":"https:\/\/grupomaipu.com\/es-ar\/wp-content\/uploads\/sites\/2\/2024\/08\/Maipu-principal-todosloslogotipos-01.png","contentUrl":"https:\/\/grupomaipu.com\/es-ar\/wp-content\/uploads\/sites\/2\/2024\/08\/Maipu-principal-todosloslogotipos-01.png","width":1612,"height":793,"caption":"Grupo Maip\u00fa Argentina"},"image":{"@id":"\/#\/schema\/logo\/image\/"}}]}},"_links":{"self":[{"href":"https:\/\/grupomaipu.com\/es-ar\/wp-json\/wp\/v2\/pages\/942"}],"collection":[{"href":"https:\/\/grupomaipu.com\/es-ar\/wp-json\/wp\/v2\/pages"}],"about":[{"href":"https:\/\/grupomaipu.com\/es-ar\/wp-json\/wp\/v2\/types\/page"}],"author":[{"embeddable":true,"href":"https:\/\/grupomaipu.com\/es-ar\/wp-json\/wp\/v2\/users\/1"}],"replies":[{"embeddable":true,"href":"https:\/\/grupomaipu.com\/es-ar\/wp-json\/wp\/v2\/comments?post=942"}],"version-history":[{"count":0,"href":"https:\/\/grupomaipu.com\/es-ar\/wp-json\/wp\/v2\/pages\/942\/revisions"}],"wp:attachment":[{"href":"https:\/\/grupomaipu.com\/es-ar\/wp-json\/wp\/v2\/media?parent=942"}],"curies":[{"name":"wp","href":"https:\/\/api.w.org\/{rel}","templated":true}]}}