{"id":936,"date":"2024-09-13T13:14:22","date_gmt":"2024-09-13T11:14:22","guid":{"rendered":"https:\/\/preproduccion.pinkstone.es\/maipu\/?page_id=936"},"modified":"2024-09-13T13:14:22","modified_gmt":"2024-09-13T11:14:22","slug":"quienes-somos","status":"publish","type":"page","link":"https:\/\/grupomaipu.com\/es-ar\/quienes-somos\/","title":{"rendered":"Quienes somos"},"content":{"rendered":"<section class=\"l-section wpb_row us_custom_332b910c height_medium with_img parallax_ver with_shape\"><div class=\"l-section-img\" role=\"img\" data-img-width=\"1380\" data-img-height=\"920\" style=\"background-image: url(https:\/\/grupomaipu.com\/es-ar\/wp-content\/uploads\/sites\/2\/2024\/09\/vista-angulo-edificio-fachada-vidrio-hermoso-cielo-nublado_181624-6123.jpg);background-repeat: no-repeat;\"><\/div><div class=\"l-section-overlay\" style=\"background:rgba(24,62,115,0.64)\"><\/div><div class=\"l-section-shape type_triangle pos_bottom\" style=\"height:7vmin;\"><svg xmlns=\"http:\/\/www.w3.org\/2000\/svg\" viewBox=\"0 0 64 8\" preserveAspectRatio=\"none\" width=\"100%\" height=\"100%\">\r\n\t<path fill=\"currentColor\" d=\"M64 8 L0 8 L0 0 L32 7.9 L64 0 Z\"\/>\r\n<\/svg><\/div><div class=\"l-section-h i-cf\"><div class=\"g-cols vc_row via_grid cols_1 laptops-cols_inherit tablets-cols_inherit mobiles-cols_1 valign_top type_default stacking_default\"><div class=\"wpb_column vc_column_container\"><div class=\"vc_column-inner\"><h1 class=\"w-post-elm post_title us_custom_345590ef has_text_color align_center entry-title color_link_inherit\">Quienes somos<\/h1><div class=\"w-separator size_small with_line width_30 thick_1 style_solid color_border align_center\"><div class=\"w-separator-h\"><\/div><\/div><\/div><\/div><\/div><\/div><\/section><section class=\"l-section wpb_row us_custom_e01808a3 us_animate_this height_medium\"><div class=\"l-section-h i-cf\"><div class=\"g-cols vc_row via_grid cols_1 laptops-cols_inherit tablets-cols_inherit mobiles-cols_1 valign_top type_default stacking_default\"><div class=\"wpb_column vc_column_container\"><div class=\"vc_column-inner\"><div class=\"g-cols wpb_row us_custom_59946e94 via_grid cols_1-3 laptops-cols_inherit tablets-cols_inherit mobiles-cols_1 valign_middle type_default stacking_default\" style=\"--gap:3rem;\"><div class=\"wpb_column vc_column_container us_custom_0db20381 has_bg_color\"><div class=\"vc_column-inner\"><div class=\"w-image align_center\"><div class=\"w-image-h\"><img decoding=\"async\" width=\"1024\" height=\"503\" src=\"https:\/\/grupomaipu.com\/es-ar\/wp-content\/uploads\/sites\/2\/2024\/08\/Maipu-principal-todosloslogotipos-05-1024x503.png\" class=\"attachment-large size-large\" alt=\"\" loading=\"lazy\" srcset=\"https:\/\/grupomaipu.com\/es-ar\/wp-content\/uploads\/sites\/2\/2024\/08\/Maipu-principal-todosloslogotipos-05-1024x503.png 1024w, https:\/\/grupomaipu.com\/es-ar\/wp-content\/uploads\/sites\/2\/2024\/08\/Maipu-principal-todosloslogotipos-05-300x147.png 300w, https:\/\/grupomaipu.com\/es-ar\/wp-content\/uploads\/sites\/2\/2024\/08\/Maipu-principal-todosloslogotipos-05.png 1613w\" sizes=\"(max-width: 1024px) 100vw, 1024px\" \/><\/div><\/div><\/div><\/div><div class=\"wpb_column vc_column_container us_custom_670347be\"><div class=\"vc_column-inner\"><div class=\"w-text us_custom_21793d49 has_text_color\"><span class=\"w-text-h\"><span class=\"w-text-value\">Inici\u00f3 su andadura hace 25 a\u00f1os, con sedes en Madrid, Barcelona y Gerona.<\/span><\/span><\/div><\/div><\/div><\/div><\/div><\/div><\/div><\/div><\/section><section class=\"l-section wpb_row height_medium\"><div class=\"l-section-h i-cf\"><div class=\"g-cols vc_row via_grid cols_1 laptops-cols_inherit tablets-cols_inherit mobiles-cols_1 valign_top type_default stacking_default\"><div class=\"wpb_column vc_column_container\"><div class=\"vc_column-inner\"><div class=\"wpb_text_column\"><div class=\"wpb_wrapper\"><h2 style=\"text-align: center\">Descubre <span style=\"color: #2c96d3\">nuestra trayectoria<\/span><\/h2>\n<\/div><\/div><div class=\"w-separator size_medium\"><\/div><div class=\"g-cols wpb_row us_custom_4e34ae7d us_animate_this via_grid cols_1-5 laptops-cols_inherit tablets-cols_inherit mobiles-cols_1 valign_middle type_default stacking_default\" style=\"--gap:0rem;\"><div class=\"wpb_column vc_column_container us_custom_a70e43f7 has_bg_color\"><div class=\"vc_column-inner\"><div class=\"w-iconbox iconpos_top style_default color_secondary align_center no_text no_title icontype_img\"><div class=\"w-iconbox-icon\" style=\"font-size:5rem;\"><img loading=\"lazy\" decoding=\"async\" width=\"512\" height=\"512\" src=\"https:\/\/grupomaipu.com\/es-ar\/wp-content\/uploads\/sites\/2\/2024\/09\/statistic_56761351.png\" class=\"attachment-full size-full\" alt=\"\" srcset=\"https:\/\/grupomaipu.com\/es-ar\/wp-content\/uploads\/sites\/2\/2024\/09\/statistic_56761351.png 512w, https:\/\/grupomaipu.com\/es-ar\/wp-content\/uploads\/sites\/2\/2024\/09\/statistic_56761351-300x300.png 300w, https:\/\/grupomaipu.com\/es-ar\/wp-content\/uploads\/sites\/2\/2024\/09\/statistic_56761351-150x150.png 150w\" sizes=\"(max-width: 512px) 100vw, 512px\" \/><\/div><div class=\"w-iconbox-meta\"><\/div><\/div><\/div><\/div><div class=\"wpb_column vc_column_container us_custom_75dd245b has_bg_color\"><div class=\"vc_column-inner\"><div class=\"wpb_text_column\"><div class=\"wpb_wrapper\"><h6><strong>Pryca<\/strong><\/h6>\n<p>Especializados en el sector de la instalaci\u00f3n el\u00e9ctrica y mantenimiento, fue creciendo como Grupo hasta que la multinacional Pryca contrat\u00f3 nuestros servicios y nos brind\u00f3 la oportunidad para expandirnos en\u00a0<strong>Espa\u00f1a y Portugal.<\/strong><\/p>\n<p>Con cobertura nacional e internacional, Grupo Maip\u00fa diversific\u00f3 su negocio, abriendo nuevas l\u00edneas como fontaner\u00eda, alba\u00f1iler\u00eda y soldadura.<\/p>\n<\/div><\/div><\/div><\/div><\/div><div class=\"w-separator size_small\"><\/div><div class=\"g-cols wpb_row us_custom_3e5c6ddd us_animate_this via_grid cols_5-1 laptops-cols_inherit tablets-cols_inherit mobiles-cols_1 valign_middle type_default reversed stacking_default\" style=\"--gap:0rem;\"><div class=\"wpb_column vc_column_container us_custom_05d5009d has_bg_color\"><div class=\"vc_column-inner\"><div class=\"wpb_text_column\"><div class=\"wpb_wrapper\"><h6 style=\"text-align: left\"><strong>2008<\/strong><\/h6>\n<p style=\"text-align: left\">Continuando con la expansi\u00f3n internacional, Grupo Maip\u00fa abri\u00f3 oficina propia en <strong>Chile y Argentina<\/strong>, ejerciendo desde entonces un claro liderazgo dentro del sector.<\/p>\n<\/div><\/div><\/div><\/div><div class=\"wpb_column vc_column_container us_custom_8af14685 has_bg_color\"><div class=\"vc_column-inner\"><div class=\"w-iconbox iconpos_top style_default color_secondary align_center no_text no_title icontype_img\"><div class=\"w-iconbox-icon\" style=\"font-size:5rem;\"><img loading=\"lazy\" decoding=\"async\" width=\"512\" height=\"512\" src=\"https:\/\/grupomaipu.com\/es-ar\/wp-content\/uploads\/sites\/2\/2024\/09\/favorite_157480521.png\" class=\"attachment-full size-full\" alt=\"\" srcset=\"https:\/\/grupomaipu.com\/es-ar\/wp-content\/uploads\/sites\/2\/2024\/09\/favorite_157480521.png 512w, https:\/\/grupomaipu.com\/es-ar\/wp-content\/uploads\/sites\/2\/2024\/09\/favorite_157480521-300x300.png 300w, https:\/\/grupomaipu.com\/es-ar\/wp-content\/uploads\/sites\/2\/2024\/09\/favorite_157480521-150x150.png 150w\" sizes=\"(max-width: 512px) 100vw, 512px\" \/><\/div><div class=\"w-iconbox-meta\"><\/div><\/div><\/div><\/div><\/div><div class=\"w-separator size_small\"><\/div><div class=\"g-cols wpb_row us_custom_4e34ae7d us_animate_this via_grid cols_1-5 laptops-cols_inherit tablets-cols_inherit mobiles-cols_1 valign_middle type_default stacking_default\" style=\"--gap:0rem;\"><div class=\"wpb_column vc_column_container us_custom_a70e43f7 has_bg_color\"><div class=\"vc_column-inner\"><div class=\"w-iconbox iconpos_top style_default color_secondary align_center no_text no_title icontype_img\"><div class=\"w-iconbox-icon\" style=\"font-size:5rem;\"><img loading=\"lazy\" decoding=\"async\" width=\"512\" height=\"512\" src=\"https:\/\/grupomaipu.com\/es-ar\/wp-content\/uploads\/sites\/2\/2024\/09\/agreement_116715051.png\" class=\"attachment-full size-full\" alt=\"\" srcset=\"https:\/\/grupomaipu.com\/es-ar\/wp-content\/uploads\/sites\/2\/2024\/09\/agreement_116715051.png 512w, https:\/\/grupomaipu.com\/es-ar\/wp-content\/uploads\/sites\/2\/2024\/09\/agreement_116715051-300x300.png 300w, https:\/\/grupomaipu.com\/es-ar\/wp-content\/uploads\/sites\/2\/2024\/09\/agreement_116715051-150x150.png 150w\" sizes=\"(max-width: 512px) 100vw, 512px\" \/><\/div><div class=\"w-iconbox-meta\"><\/div><\/div><\/div><\/div><div class=\"wpb_column vc_column_container us_custom_75dd245b has_bg_color\"><div class=\"vc_column-inner\"><div class=\"wpb_text_column\"><div class=\"wpb_wrapper\"><h6><strong>2009<\/strong><\/h6>\n<p>Se crean Maip\u00fa Instalaciones y Maip\u00fa Temporal, ampliando as\u00ed el abanico de servicios tambi\u00e9n al sector productivo \u2013 con clientes como Peugeot y Seat \u2013 y personal eventual.<\/p>\n<\/div><\/div><\/div><\/div><\/div><div class=\"w-separator size_small\"><\/div><div class=\"g-cols wpb_row us_custom_8f7b07a9 us_animate_this via_grid cols_5-1 laptops-cols_inherit tablets-cols_inherit mobiles-cols_1 valign_middle type_default reversed stacking_default\" style=\"--gap:0rem;\"><div class=\"wpb_column vc_column_container us_custom_05d5009d has_bg_color\"><div class=\"vc_column-inner\"><div class=\"wpb_text_column\"><div class=\"wpb_wrapper\"><h6><strong>Nuevas compa\u00f1\u00edas<br \/>\n<\/strong><\/h6>\n<p>Continuando con la expansi\u00f3n internacional, Grupo Maip\u00fa abri\u00f3 oficina propia en <strong>Chile y Argentina<\/strong>, ejerciendo desde entonces un claro liderazgo dentro del sector.<\/p>\n<\/div><\/div><\/div><\/div><div class=\"wpb_column vc_column_container us_custom_8af14685 has_bg_color\"><div class=\"vc_column-inner\"><div class=\"w-iconbox iconpos_top style_default color_secondary align_center no_text no_title icontype_img\"><div class=\"w-iconbox-icon\" style=\"font-size:5rem;\"><img loading=\"lazy\" decoding=\"async\" width=\"512\" height=\"512\" src=\"https:\/\/grupomaipu.com\/es-ar\/wp-content\/uploads\/sites\/2\/2024\/09\/service-tool_1563482721.png\" class=\"attachment-full size-full\" alt=\"\" srcset=\"https:\/\/grupomaipu.com\/es-ar\/wp-content\/uploads\/sites\/2\/2024\/09\/service-tool_1563482721.png 512w, https:\/\/grupomaipu.com\/es-ar\/wp-content\/uploads\/sites\/2\/2024\/09\/service-tool_1563482721-300x300.png 300w, https:\/\/grupomaipu.com\/es-ar\/wp-content\/uploads\/sites\/2\/2024\/09\/service-tool_1563482721-150x150.png 150w\" sizes=\"(max-width: 512px) 100vw, 512px\" \/><\/div><div class=\"w-iconbox-meta\"><\/div><\/div><\/div><\/div><\/div><\/div><\/div><\/div><\/div><\/section><section class=\"l-section wpb_row height_medium\"><div class=\"l-section-h i-cf\"><div class=\"g-cols vc_row via_grid cols_1-2 laptops-cols_inherit tablets-cols_inherit mobiles-cols_1 valign_top type_default stacking_default\"><div class=\"wpb_column vc_column_container\"><div class=\"vc_column-inner\"><div class=\"w-image us_custom_9cf479d2 has_ratio align_none\"><div class=\"w-image-h\"><div style=\"padding-bottom:100%\"><\/div><img decoding=\"async\" width=\"1024\" height=\"636\" src=\"https:\/\/grupomaipu.com\/es-ar\/wp-content\/uploads\/sites\/2\/2024\/09\/WhatsApp-Image-2021-08-06-at-08.28.421-1024x636.png\" class=\"attachment-large size-large\" alt=\"\" loading=\"lazy\" srcset=\"https:\/\/grupomaipu.com\/es-ar\/wp-content\/uploads\/sites\/2\/2024\/09\/WhatsApp-Image-2021-08-06-at-08.28.421-1024x636.png 1024w, https:\/\/grupomaipu.com\/es-ar\/wp-content\/uploads\/sites\/2\/2024\/09\/WhatsApp-Image-2021-08-06-at-08.28.421-300x186.png 300w, https:\/\/grupomaipu.com\/es-ar\/wp-content\/uploads\/sites\/2\/2024\/09\/WhatsApp-Image-2021-08-06-at-08.28.421.png 1461w\" sizes=\"(max-width: 1024px) 100vw, 1024px\" \/><\/div><\/div><\/div><\/div><div class=\"wpb_column vc_column_container\"><div class=\"vc_column-inner\"><div class=\"wpb_text_column\"><div class=\"wpb_wrapper\"><h2>Sobre <span style=\"color: #2c96d3\">Daniel Mateos Talio<\/span><\/h2>\n<\/div><\/div><div class=\"w-separator size_small\"><\/div><div class=\"wpb_text_column\"><div class=\"wpb_wrapper\"><p><strong>Don Daniel Mateos Talio, Director General y Socio Fundador<\/strong>\u00a0del Grupo en Espa\u00f1a y Latinoam\u00e9rica, se licenci\u00f3 en Ciencias Econ\u00f3micas y Empresariales en la Universidad Complutense de Madrid y se especializ\u00f3 en Direcci\u00f3n General con un M\u00e1ster en la Universidad de Navarra, IESE.<\/p>\n<\/div><\/div><div class=\"w-separator size_small\"><\/div><div class=\"w-vwrapper align_none valign_top\"><div class=\"w-iconbox iconpos_left style_default color_primary align_left no_title\"><div class=\"w-iconbox-icon\" style=\"font-size:2rem;\"><i class=\"fas fa-chevron-right\"><\/i><\/div><div class=\"w-iconbox-meta\"><div class=\"w-iconbox-text\"><p>Ha sido\u00a0<strong>pieza clave en la internacionalizaci\u00f3n de la compa\u00f1\u00eda\u00a0<\/strong>y contin\u00faa ejerciendo como principal estratega en la visi\u00f3n y misi\u00f3n de Grupo Maip\u00fa dentro de su pipeline de ventas de los pr\u00f3ximos a\u00f1os.<\/p>\n<\/div><\/div><\/div><div class=\"w-iconbox iconpos_left style_default color_primary align_left no_title\"><div class=\"w-iconbox-icon\" style=\"font-size:2rem;\"><i class=\"fas fa-chevron-right\"><\/i><\/div><div class=\"w-iconbox-meta\"><div class=\"w-iconbox-text\"><p>Adem\u00e1s, ejerce como referente dentro del sector como\u00a0<strong>ponente en FENIE,<\/strong>\u00a0Federaci\u00f3n del Sector de las Instalaciones en Espa\u00f1a, dando su visi\u00f3n sobre temas vinculados al mercado laboral espa\u00f1ol.<\/p>\n<\/div><\/div><\/div><\/div><\/div><\/div><\/div><\/div><\/section>\n","protected":false},"excerpt":{"rendered":"Quienes somosInici\u00f3 su andadura hace 25 a\u00f1os, con sedes en Madrid, Barcelona y Gerona.Descubre nuestra trayectoria Pryca Especializados en el sector de la instalaci\u00f3n el\u00e9ctrica y mantenimiento, fue creciendo como Grupo hasta que la multinacional Pryca contrat\u00f3 nuestros servicios y nos brind\u00f3 la oportunidad para expandirnos en\u00a0Espa\u00f1a y Portugal. Con cobertura nacional e internacional, Grupo...","protected":false},"author":1,"featured_media":0,"parent":0,"menu_order":0,"comment_status":"closed","ping_status":"closed","template":"","meta":{"_acf_changed":false,"_joinchat":[],"footnotes":""},"class_list":["post-936","page","type-page","status-publish","hentry"],"acf":[],"yoast_head":"<!-- This site is optimized with the Yoast SEO plugin v23.9 - https:\/\/yoast.com\/wordpress\/plugins\/seo\/ -->\n<title>\u25b7 Grupo Maip\u00fa Argentina | 25 a\u00f1os de experiencia en Outsourcing<\/title>\n<meta name=\"description\" content=\"Grupo Maip\u00fa Argentina inici\u00f3 su andadura hace 25 a\u00f1os y actualmente est\u00e1 presente tambi\u00e9n en Espa\u00f1a y Chile, con Daniel Mateos Talio al frente \u2705.\" \/>\n<meta name=\"robots\" content=\"index, follow, max-snippet:-1, max-image-preview:large, max-video-preview:-1\" \/>\n<link rel=\"canonical\" href=\"https:\/\/grupomaipu.com\/es-ar\/quienes-somos\/\" \/>\n<meta property=\"og:locale\" content=\"es_ES\" \/>\n<meta property=\"og:type\" content=\"article\" \/>\n<meta property=\"og:title\" content=\"\u25b7 Grupo Maip\u00fa Argentina | 25 a\u00f1os de experiencia en Outsourcing\" \/>\n<meta property=\"og:description\" content=\"Grupo Maip\u00fa Argentina inici\u00f3 su andadura hace 25 a\u00f1os y actualmente est\u00e1 presente tambi\u00e9n en Espa\u00f1a y Chile, con Daniel Mateos Talio al frente \u2705.\" \/>\n<meta property=\"og:url\" content=\"https:\/\/grupomaipu.com\/es-ar\/quienes-somos\/\" \/>\n<meta property=\"og:site_name\" content=\"Grupo Maip\u00fa Argentina\" \/>\n<meta name=\"twitter:card\" content=\"summary_large_image\" \/>\n<meta name=\"twitter:label1\" content=\"Tiempo de lectura\" \/>\n\t<meta name=\"twitter:data1\" content=\"2 minutos\" \/>\n<script type=\"application\/ld+json\" class=\"yoast-schema-graph\">{\"@context\":\"https:\/\/schema.org\",\"@graph\":[{\"@type\":\"WebPage\",\"@id\":\"https:\/\/grupomaipu.com\/es-ar\/quienes-somos\/\",\"url\":\"https:\/\/grupomaipu.com\/es-ar\/quienes-somos\/\",\"name\":\"\u25b7 Grupo Maip\u00fa Argentina | 25 a\u00f1os de experiencia en Outsourcing\",\"isPartOf\":{\"@id\":\"\/#website\"},\"datePublished\":\"2024-09-13T11:14:22+00:00\",\"dateModified\":\"2024-09-13T11:14:22+00:00\",\"description\":\"Grupo Maip\u00fa Argentina inici\u00f3 su andadura hace 25 a\u00f1os y actualmente est\u00e1 presente tambi\u00e9n en Espa\u00f1a y Chile, con Daniel Mateos Talio al frente \u2705.\",\"breadcrumb\":{\"@id\":\"https:\/\/grupomaipu.com\/es-ar\/quienes-somos\/#breadcrumb\"},\"inLanguage\":\"es\",\"potentialAction\":[{\"@type\":\"ReadAction\",\"target\":[\"https:\/\/grupomaipu.com\/es-ar\/quienes-somos\/\"]}]},{\"@type\":\"BreadcrumbList\",\"@id\":\"https:\/\/grupomaipu.com\/es-ar\/quienes-somos\/#breadcrumb\",\"itemListElement\":[{\"@type\":\"ListItem\",\"position\":1,\"name\":\"Portada\",\"item\":\"https:\/\/grupomaipu.com\/es-ar\/\"},{\"@type\":\"ListItem\",\"position\":2,\"name\":\"Quienes somos\"}]},{\"@type\":\"WebSite\",\"@id\":\"\/#website\",\"url\":\"\/\",\"name\":\"Grupo Maip\u00fa Argentina\",\"description\":\"\",\"publisher\":{\"@id\":\"\/#organization\"},\"potentialAction\":[{\"@type\":\"SearchAction\",\"target\":{\"@type\":\"EntryPoint\",\"urlTemplate\":\"\/?s={search_term_string}\"},\"query-input\":{\"@type\":\"PropertyValueSpecification\",\"valueRequired\":true,\"valueName\":\"search_term_string\"}}],\"inLanguage\":\"es\"},{\"@type\":\"Organization\",\"@id\":\"\/#organization\",\"name\":\"Grupo Maip\u00fa Argentina\",\"url\":\"\/\",\"logo\":{\"@type\":\"ImageObject\",\"inLanguage\":\"es\",\"@id\":\"\/#\/schema\/logo\/image\/\",\"url\":\"https:\/\/grupomaipu.com\/es-ar\/wp-content\/uploads\/sites\/2\/2024\/08\/Maipu-principal-todosloslogotipos-01.png\",\"contentUrl\":\"https:\/\/grupomaipu.com\/es-ar\/wp-content\/uploads\/sites\/2\/2024\/08\/Maipu-principal-todosloslogotipos-01.png\",\"width\":1612,\"height\":793,\"caption\":\"Grupo Maip\u00fa Argentina\"},\"image\":{\"@id\":\"\/#\/schema\/logo\/image\/\"}}]}<\/script>\n<!-- \/ Yoast SEO plugin. -->","yoast_head_json":{"title":"\u25b7 Grupo Maip\u00fa Argentina | 25 a\u00f1os de experiencia en Outsourcing","description":"Grupo Maip\u00fa Argentina inici\u00f3 su andadura hace 25 a\u00f1os y actualmente est\u00e1 presente tambi\u00e9n en Espa\u00f1a y Chile, con Daniel Mateos Talio al frente \u2705.","robots":{"index":"index","follow":"follow","max-snippet":"max-snippet:-1","max-image-preview":"max-image-preview:large","max-video-preview":"max-video-preview:-1"},"canonical":"https:\/\/grupomaipu.com\/es-ar\/quienes-somos\/","og_locale":"es_ES","og_type":"article","og_title":"\u25b7 Grupo Maip\u00fa Argentina | 25 a\u00f1os de experiencia en Outsourcing","og_description":"Grupo Maip\u00fa Argentina inici\u00f3 su andadura hace 25 a\u00f1os y actualmente est\u00e1 presente tambi\u00e9n en Espa\u00f1a y Chile, con Daniel Mateos Talio al frente \u2705.","og_url":"https:\/\/grupomaipu.com\/es-ar\/quienes-somos\/","og_site_name":"Grupo Maip\u00fa Argentina","twitter_card":"summary_large_image","twitter_misc":{"Tiempo de lectura":"2 minutos"},"schema":{"@context":"https:\/\/schema.org","@graph":[{"@type":"WebPage","@id":"https:\/\/grupomaipu.com\/es-ar\/quienes-somos\/","url":"https:\/\/grupomaipu.com\/es-ar\/quienes-somos\/","name":"\u25b7 Grupo Maip\u00fa Argentina | 25 a\u00f1os de experiencia en Outsourcing","isPartOf":{"@id":"\/#website"},"datePublished":"2024-09-13T11:14:22+00:00","dateModified":"2024-09-13T11:14:22+00:00","description":"Grupo Maip\u00fa Argentina inici\u00f3 su andadura hace 25 a\u00f1os y actualmente est\u00e1 presente tambi\u00e9n en Espa\u00f1a y Chile, con Daniel Mateos Talio al frente \u2705.","breadcrumb":{"@id":"https:\/\/grupomaipu.com\/es-ar\/quienes-somos\/#breadcrumb"},"inLanguage":"es","potentialAction":[{"@type":"ReadAction","target":["https:\/\/grupomaipu.com\/es-ar\/quienes-somos\/"]}]},{"@type":"BreadcrumbList","@id":"https:\/\/grupomaipu.com\/es-ar\/quienes-somos\/#breadcrumb","itemListElement":[{"@type":"ListItem","position":1,"name":"Portada","item":"https:\/\/grupomaipu.com\/es-ar\/"},{"@type":"ListItem","position":2,"name":"Quienes somos"}]},{"@type":"WebSite","@id":"\/#website","url":"\/","name":"Grupo Maip\u00fa Argentina","description":"","publisher":{"@id":"\/#organization"},"potentialAction":[{"@type":"SearchAction","target":{"@type":"EntryPoint","urlTemplate":"\/?s={search_term_string}"},"query-input":{"@type":"PropertyValueSpecification","valueRequired":true,"valueName":"search_term_string"}}],"inLanguage":"es"},{"@type":"Organization","@id":"\/#organization","name":"Grupo Maip\u00fa Argentina","url":"\/","logo":{"@type":"ImageObject","inLanguage":"es","@id":"\/#\/schema\/logo\/image\/","url":"https:\/\/grupomaipu.com\/es-ar\/wp-content\/uploads\/sites\/2\/2024\/08\/Maipu-principal-todosloslogotipos-01.png","contentUrl":"https:\/\/grupomaipu.com\/es-ar\/wp-content\/uploads\/sites\/2\/2024\/08\/Maipu-principal-todosloslogotipos-01.png","width":1612,"height":793,"caption":"Grupo Maip\u00fa Argentina"},"image":{"@id":"\/#\/schema\/logo\/image\/"}}]}},"_links":{"self":[{"href":"https:\/\/grupomaipu.com\/es-ar\/wp-json\/wp\/v2\/pages\/936"}],"collection":[{"href":"https:\/\/grupomaipu.com\/es-ar\/wp-json\/wp\/v2\/pages"}],"about":[{"href":"https:\/\/grupomaipu.com\/es-ar\/wp-json\/wp\/v2\/types\/page"}],"author":[{"embeddable":true,"href":"https:\/\/grupomaipu.com\/es-ar\/wp-json\/wp\/v2\/users\/1"}],"replies":[{"embeddable":true,"href":"https:\/\/grupomaipu.com\/es-ar\/wp-json\/wp\/v2\/comments?post=936"}],"version-history":[{"count":0,"href":"https:\/\/grupomaipu.com\/es-ar\/wp-json\/wp\/v2\/pages\/936\/revisions"}],"wp:attachment":[{"href":"https:\/\/grupomaipu.com\/es-ar\/wp-json\/wp\/v2\/media?parent=936"}],"curies":[{"name":"wp","href":"https:\/\/api.w.org\/{rel}","templated":true}]}}