{"id":915,"date":"2024-09-13T12:31:58","date_gmt":"2024-09-13T10:31:58","guid":{"rendered":"https:\/\/preproduccion.pinkstone.es\/maipu\/?page_id=915"},"modified":"2024-09-13T12:31:58","modified_gmt":"2024-09-13T10:31:58","slug":"consultoria-rrhh","status":"publish","type":"page","link":"https:\/\/grupomaipu.com\/es-ar\/consultoria-rrhh\/","title":{"rendered":"Consultor\u00eda RRHH"},"content":{"rendered":"<section class=\"l-section wpb_row us_custom_32a2e85a height_medium with_img parallax_ver with_shape\"><div class=\"l-section-img\" role=\"img\" data-img-width=\"1024\" data-img-height=\"701\" style=\"background-image: url(https:\/\/grupomaipu.com\/es-ar\/wp-content\/uploads\/sites\/2\/2024\/09\/gente-negocios-dandose-mano_53876-13391.jpg);background-repeat: no-repeat;\"><\/div><div class=\"l-section-overlay\" style=\"background:rgba(24,62,115,0.64)\"><\/div><div class=\"l-section-shape type_triangle pos_bottom\" style=\"height:7vmin;\"><svg xmlns=\"http:\/\/www.w3.org\/2000\/svg\" viewBox=\"0 0 64 8\" preserveAspectRatio=\"none\" width=\"100%\" height=\"100%\">\r\n\t<path fill=\"currentColor\" d=\"M64 8 L0 8 L0 0 L32 7.9 L64 0 Z\"\/>\r\n<\/svg><\/div><div class=\"l-section-h i-cf\"><div class=\"g-cols vc_row via_grid cols_1 laptops-cols_inherit tablets-cols_inherit mobiles-cols_1 valign_top type_default stacking_default\"><div class=\"wpb_column vc_column_container us_custom_f3c1321d\"><div class=\"vc_column-inner\"><h1 class=\"w-post-elm post_title us_custom_345590ef has_text_color align_center entry-title color_link_inherit\">Consultor\u00eda RRHH<\/h1><div class=\"w-separator size_small with_line width_30 thick_1 style_solid color_border align_center\"><div class=\"w-separator-h\"><\/div><\/div><\/div><\/div><\/div><\/div><\/section><section class=\"l-section wpb_row height_medium\"><div class=\"l-section-h i-cf\"><div class=\"g-cols vc_row via_grid cols_1 laptops-cols_inherit tablets-cols_inherit mobiles-cols_1 valign_top type_default stacking_default\"><div class=\"wpb_column vc_column_container\"><div class=\"vc_column-inner\"><div class=\"g-cols wpb_row via_grid cols_2-1 laptops-cols_inherit tablets-cols_inherit mobiles-cols_1 valign_middle type_default stacking_default\" style=\"--gap:3rem;\"><div class=\"wpb_column vc_column_container us_custom_302a2db5 us_animate_this\"><div class=\"vc_column-inner\"><div class=\"wpb_text_column\"><div class=\"wpb_wrapper\"><h2><span style=\"color: #2c96d3\"><\/span>Equipo de <span style=\"color: #2c96d3\">formadores expertos<\/span><\/h2>\n<\/div><\/div><div class=\"w-separator size_small\"><\/div><div class=\"wpb_text_column\"><div class=\"wpb_wrapper\"><p>En Grupo Maip\u00fa contamos con un equipo de formadores altamente cualificados, tanto a nivel local como internacional, que dise\u00f1an programas a medida para cubrir las necesidades espec\u00edficas de cada \u00e1rea.<\/p>\n<\/div><\/div><div class=\"w-separator size_small\"><\/div><div class=\"w-vwrapper us_custom_dcd1f6b0 has_text_color align_left valign_top\"><div class=\"wpb_text_column\"><div class=\"wpb_wrapper\"><p>A trav\u00e9s de metodolog\u00edas innovadoras, como el <strong>coaching<\/strong>, acompa\u00f1amos a nuestros colaboradores en su crecimiento profesional, impulsando su desarrollo integral.<\/p>\n<\/div><\/div><\/div><\/div><\/div><div class=\"wpb_column vc_column_container us_custom_47474b22 us_animate_this\"><div class=\"vc_column-inner\"><div class=\"w-image us_custom_9cf479d2 has_ratio align_none\"><div class=\"w-image-h\"><div style=\"padding-bottom:100%\"><\/div><img decoding=\"async\" width=\"683\" height=\"1024\" src=\"https:\/\/grupomaipu.com\/es-ar\/wp-content\/uploads\/sites\/2\/2024\/09\/gente-negocios-oficina_144627-37536.jpg\" class=\"attachment-large size-large\" alt=\"\" loading=\"lazy\" srcset=\"https:\/\/grupomaipu.com\/es-ar\/wp-content\/uploads\/sites\/2\/2024\/09\/gente-negocios-oficina_144627-37536.jpg 683w, https:\/\/grupomaipu.com\/es-ar\/wp-content\/uploads\/sites\/2\/2024\/09\/gente-negocios-oficina_144627-37536-200x300.jpg 200w\" sizes=\"(max-width: 683px) 100vw, 683px\" \/><\/div><\/div><\/div><\/div><\/div><\/div><\/div><\/div><\/div><\/section><section class=\"l-section wpb_row height_medium\"><div class=\"l-section-h i-cf\"><div class=\"g-cols vc_row via_grid cols_1 laptops-cols_inherit tablets-cols_inherit mobiles-cols_1 valign_top type_default stacking_default\"><div class=\"wpb_column vc_column_container\"><div class=\"vc_column-inner\"><div class=\"g-cols wpb_row via_grid cols_1-2 laptops-cols_inherit tablets-cols_inherit mobiles-cols_1 valign_middle type_default stacking_default\" style=\"--gap:3rem;\"><div class=\"wpb_column vc_column_container us_custom_47474b22 us_animate_this\"><div class=\"vc_column-inner\"><div class=\"w-image us_custom_9cf479d2 has_ratio align_none\"><div class=\"w-image-h\"><div style=\"padding-bottom:100%\"><\/div><img decoding=\"async\" width=\"1024\" height=\"683\" src=\"https:\/\/grupomaipu.com\/es-ar\/wp-content\/uploads\/sites\/2\/2024\/09\/primer-plano-hombre-negocios-tableta-digital_1098-549.jpg\" class=\"attachment-large size-large\" alt=\"\" loading=\"lazy\" srcset=\"https:\/\/grupomaipu.com\/es-ar\/wp-content\/uploads\/sites\/2\/2024\/09\/primer-plano-hombre-negocios-tableta-digital_1098-549.jpg 1024w, https:\/\/grupomaipu.com\/es-ar\/wp-content\/uploads\/sites\/2\/2024\/09\/primer-plano-hombre-negocios-tableta-digital_1098-549-300x200.jpg 300w\" sizes=\"(max-width: 1024px) 100vw, 1024px\" \/><\/div><\/div><\/div><\/div><div class=\"wpb_column vc_column_container us_custom_302a2db5 us_animate_this\"><div class=\"vc_column-inner\"><div class=\"wpb_text_column\"><div class=\"wpb_wrapper\"><h2>La ventaja competitiva que marca la diferencia:<span style=\"color: #2c96d3\"> la formaci\u00f3n<\/span><\/h2>\n<\/div><\/div><div class=\"w-separator size_small\"><\/div><div class=\"w-vwrapper align_left valign_top\"><div class=\"w-iconbox iconpos_left style_default color_primary align_left no_text\"><div class=\"w-iconbox-icon\" style=\"font-size:1.5rem;\"><i class=\"fas fa-check\"><\/i><\/div><div class=\"w-iconbox-meta\"><div class=\"w-iconbox-title\">Incrementar la satisfacci\u00f3n del cliente<\/div><\/div><\/div><div class=\"w-iconbox iconpos_left style_default color_primary align_left no_text\"><div class=\"w-iconbox-icon\" style=\"font-size:1.5rem;\"><i class=\"fas fa-check\"><\/i><\/div><div class=\"w-iconbox-meta\"><div class=\"w-iconbox-title\">Minimizar p\u00e9rdidas por obsolescencia o faltantes<\/div><\/div><\/div><div class=\"w-iconbox iconpos_left style_default color_primary align_left no_text\"><div class=\"w-iconbox-icon\" style=\"font-size:1.5rem;\"><i class=\"fas fa-check\"><\/i><\/div><div class=\"w-iconbox-meta\"><div class=\"w-iconbox-title\">Agilizar los procesos de comunicaci\u00f3n interna<\/div><\/div><\/div><div class=\"w-iconbox iconpos_left style_default color_primary align_left no_text\"><div class=\"w-iconbox-icon\" style=\"font-size:1.5rem;\"><i class=\"fas fa-check\"><\/i><\/div><div class=\"w-iconbox-meta\"><div class=\"w-iconbox-title\">Prevenir riesgos legales<\/div><\/div><\/div><div class=\"w-iconbox iconpos_left style_default color_primary align_left no_text\"><div class=\"w-iconbox-icon\" style=\"font-size:1.5rem;\"><i class=\"fas fa-check\"><\/i><\/div><div class=\"w-iconbox-meta\"><div class=\"w-iconbox-title\">Fortalecer la estrategia comercial<\/div><\/div><\/div><div class=\"w-iconbox iconpos_left style_default color_primary align_left no_text\"><div class=\"w-iconbox-icon\" style=\"font-size:1.5rem;\"><i class=\"fas fa-check\"><\/i><\/div><div class=\"w-iconbox-meta\"><div class=\"w-iconbox-title\">Mejorar la productividad<\/div><\/div><\/div><\/div><\/div><\/div><\/div><\/div><\/div><\/div><\/div><\/section><section class=\"l-section wpb_row us_custom_f70d789f us_animate_this height_medium\"><div class=\"l-section-h i-cf\"><div class=\"g-cols vc_row via_grid cols_1 laptops-cols_inherit tablets-cols_inherit mobiles-cols_1 valign_top type_default stacking_default\"><div class=\"wpb_column vc_column_container\"><div class=\"vc_column-inner\"><div class=\"g-cols wpb_row us_custom_b8f040a7 via_grid cols_1-3 laptops-cols_inherit tablets-cols_inherit mobiles-cols_1 valign_middle type_default stacking_default\" style=\"--gap:3rem;\"><div class=\"wpb_column vc_column_container\"><div class=\"vc_column-inner\"><div class=\"w-image align_center\"><div class=\"w-image-h\"><img decoding=\"async\" width=\"1024\" height=\"503\" src=\"https:\/\/grupomaipu.com\/es-ar\/wp-content\/uploads\/sites\/2\/2024\/08\/Maipu-principal-todosloslogotipos-05-1024x503.png\" class=\"attachment-large size-large\" alt=\"\" loading=\"lazy\" srcset=\"https:\/\/grupomaipu.com\/es-ar\/wp-content\/uploads\/sites\/2\/2024\/08\/Maipu-principal-todosloslogotipos-05-1024x503.png 1024w, https:\/\/grupomaipu.com\/es-ar\/wp-content\/uploads\/sites\/2\/2024\/08\/Maipu-principal-todosloslogotipos-05-300x147.png 300w, https:\/\/grupomaipu.com\/es-ar\/wp-content\/uploads\/sites\/2\/2024\/08\/Maipu-principal-todosloslogotipos-05.png 1613w\" sizes=\"(max-width: 1024px) 100vw, 1024px\" \/><\/div><\/div><\/div><\/div><div class=\"wpb_column vc_column_container\"><div class=\"vc_column-inner\"><div class=\"w-text us_custom_aac4c110 has_text_color\"><span class=\"w-text-h\"><span class=\"w-text-value\">\u00bfBuscas un valor diferencial para tu empresa?<\/span><\/span><\/div><div class=\"w-separator size_small\"><\/div><div class=\"wpb_text_column us_custom_4a13489a has_text_color\"><div class=\"wpb_wrapper\"><p>Nuestros programas de formaci\u00f3n, que incluyen temas como inteligencia emocional y neurociencia, te permitir\u00e1n desarrollar un equipo de alto rendimiento. Al incorporar las \u00faltimas tendencias en aprendizaje, te posicionar\u00e1s a la vanguardia del mercado.<\/p>\n<\/div><\/div><\/div><\/div><\/div><div class=\"w-separator size_medium\"><\/div><\/div><\/div><\/div><\/div><\/section><section class=\"l-section wpb_row us_custom_5bccbdae height_medium\"><div class=\"l-section-h i-cf\"><div class=\"g-cols vc_row via_grid cols_1 laptops-cols_inherit tablets-cols_inherit mobiles-cols_1 valign_top type_default stacking_default\"><div class=\"wpb_column vc_column_container\"><div class=\"vc_column-inner\"><div class=\"g-cols wpb_row via_grid cols_2-1 laptops-cols_inherit tablets-cols_inherit mobiles-cols_1 valign_middle type_default stacking_default\" style=\"--gap:3rem;\"><div class=\"wpb_column vc_column_container us_custom_302a2db5 us_animate_this\"><div class=\"vc_column-inner\"><div class=\"wpb_text_column\"><div class=\"wpb_wrapper\"><h2><span style=\"color: #2c96d3\"><\/span>Formamos a <span style=\"color: #2c96d3\">tus especialistas<\/span><\/h2>\n<\/div><\/div><div class=\"w-separator size_small\"><\/div><div class=\"w-text us_custom_ca2f1d01 has_text_color\"><span class=\"w-text-h\"><span class=\"w-text-value\">Potencia tu equipo con nuestra formaci\u00f3n a medida.<\/span><\/span><\/div><div class=\"w-separator size_small\"><\/div><div class=\"w-vwrapper us_custom_dcd1f6b0 has_text_color align_left valign_top\"><div class=\"wpb_text_column\"><div class=\"wpb_wrapper\"><p>Conocemos a fondo los desaf\u00edos de los sectores productivos argentinos.<\/p>\n<p>Nuestros expertos dise\u00f1ar\u00e1n programas de capacitaci\u00f3n que se adaptan a las necesidades espec\u00edficas de tu empresa, garantizando un mayor rendimiento y \u00e9xito en el mercado.<\/p>\n<\/div><\/div><\/div><div class=\"w-separator size_small\"><\/div><\/div><\/div><div class=\"wpb_column vc_column_container us_custom_47474b22 us_animate_this\"><div class=\"vc_column-inner\"><div class=\"w-image us_custom_9cf479d2 has_ratio align_none\"><div class=\"w-image-h\"><div style=\"padding-bottom:100%\"><\/div><img decoding=\"async\" width=\"1024\" height=\"683\" src=\"https:\/\/grupomaipu.com\/es-ar\/wp-content\/uploads\/sites\/2\/2024\/09\/analizando-nuevo-plan-marketing-concepto-estadisticas-ventas-cerca_1163-4615.jpg\" class=\"attachment-large size-large\" alt=\"\" loading=\"lazy\" srcset=\"https:\/\/grupomaipu.com\/es-ar\/wp-content\/uploads\/sites\/2\/2024\/09\/analizando-nuevo-plan-marketing-concepto-estadisticas-ventas-cerca_1163-4615.jpg 1024w, https:\/\/grupomaipu.com\/es-ar\/wp-content\/uploads\/sites\/2\/2024\/09\/analizando-nuevo-plan-marketing-concepto-estadisticas-ventas-cerca_1163-4615-300x200.jpg 300w\" sizes=\"(max-width: 1024px) 100vw, 1024px\" \/><\/div><\/div><\/div><\/div><\/div><\/div><\/div><\/div><\/div><\/section>\n","protected":false},"excerpt":{"rendered":"Consultor\u00eda RRHHEquipo de formadores expertos En Grupo Maip\u00fa contamos con un equipo de formadores altamente cualificados, tanto a nivel local como internacional, que dise\u00f1an programas a medida para cubrir las necesidades espec\u00edficas de cada \u00e1rea. A trav\u00e9s de metodolog\u00edas innovadoras, como el coaching, acompa\u00f1amos a nuestros colaboradores en su crecimiento profesional, impulsando su desarrollo integral....","protected":false},"author":1,"featured_media":0,"parent":0,"menu_order":0,"comment_status":"closed","ping_status":"closed","template":"","meta":{"_acf_changed":false,"_joinchat":[],"footnotes":""},"class_list":["post-915","page","type-page","status-publish","hentry"],"acf":[],"yoast_head":"<!-- This site is optimized with the Yoast SEO plugin v23.9 - https:\/\/yoast.com\/wordpress\/plugins\/seo\/ -->\n<title>Grupo Maip\u00fa Argentina | Formamos a los mejores perfiles para tu empresa<\/title>\n<meta name=\"description\" content=\"Consultor\u00eda y formaci\u00f3n para cualquier perfil de tu empresa. Haz crecer tu negocio con LA MEJOR formaci\u00f3n para tus trabajadores \ud83d\ude80.\" \/>\n<meta name=\"robots\" content=\"index, follow, max-snippet:-1, max-image-preview:large, max-video-preview:-1\" \/>\n<link rel=\"canonical\" href=\"https:\/\/grupomaipu.com\/es-ar\/consultoria-rrhh\/\" \/>\n<meta property=\"og:locale\" content=\"es_ES\" \/>\n<meta property=\"og:type\" content=\"article\" \/>\n<meta property=\"og:title\" content=\"Grupo Maip\u00fa Argentina | Formamos a los mejores perfiles para tu empresa\" \/>\n<meta property=\"og:description\" content=\"Consultor\u00eda y formaci\u00f3n para cualquier perfil de tu empresa. Haz crecer tu negocio con LA MEJOR formaci\u00f3n para tus trabajadores \ud83d\ude80.\" \/>\n<meta property=\"og:url\" content=\"https:\/\/grupomaipu.com\/es-ar\/consultoria-rrhh\/\" \/>\n<meta property=\"og:site_name\" content=\"Grupo Maip\u00fa Argentina\" \/>\n<meta name=\"twitter:card\" content=\"summary_large_image\" \/>\n<meta name=\"twitter:label1\" content=\"Tiempo de lectura\" \/>\n\t<meta name=\"twitter:data1\" content=\"2 minutos\" \/>\n<script type=\"application\/ld+json\" class=\"yoast-schema-graph\">{\"@context\":\"https:\/\/schema.org\",\"@graph\":[{\"@type\":\"WebPage\",\"@id\":\"https:\/\/grupomaipu.com\/es-ar\/consultoria-rrhh\/\",\"url\":\"https:\/\/grupomaipu.com\/es-ar\/consultoria-rrhh\/\",\"name\":\"Grupo Maip\u00fa Argentina | Formamos a los mejores perfiles para tu empresa\",\"isPartOf\":{\"@id\":\"\/#website\"},\"datePublished\":\"2024-09-13T10:31:58+00:00\",\"dateModified\":\"2024-09-13T10:31:58+00:00\",\"description\":\"Consultor\u00eda y formaci\u00f3n para cualquier perfil de tu empresa. Haz crecer tu negocio con LA MEJOR formaci\u00f3n para tus trabajadores \ud83d\ude80.\",\"breadcrumb\":{\"@id\":\"https:\/\/grupomaipu.com\/es-ar\/consultoria-rrhh\/#breadcrumb\"},\"inLanguage\":\"es\",\"potentialAction\":[{\"@type\":\"ReadAction\",\"target\":[\"https:\/\/grupomaipu.com\/es-ar\/consultoria-rrhh\/\"]}]},{\"@type\":\"BreadcrumbList\",\"@id\":\"https:\/\/grupomaipu.com\/es-ar\/consultoria-rrhh\/#breadcrumb\",\"itemListElement\":[{\"@type\":\"ListItem\",\"position\":1,\"name\":\"Portada\",\"item\":\"https:\/\/grupomaipu.com\/es-ar\/\"},{\"@type\":\"ListItem\",\"position\":2,\"name\":\"Consultor\u00eda RRHH\"}]},{\"@type\":\"WebSite\",\"@id\":\"\/#website\",\"url\":\"\/\",\"name\":\"Grupo Maip\u00fa Argentina\",\"description\":\"\",\"publisher\":{\"@id\":\"\/#organization\"},\"potentialAction\":[{\"@type\":\"SearchAction\",\"target\":{\"@type\":\"EntryPoint\",\"urlTemplate\":\"\/?s={search_term_string}\"},\"query-input\":{\"@type\":\"PropertyValueSpecification\",\"valueRequired\":true,\"valueName\":\"search_term_string\"}}],\"inLanguage\":\"es\"},{\"@type\":\"Organization\",\"@id\":\"\/#organization\",\"name\":\"Grupo Maip\u00fa Argentina\",\"url\":\"\/\",\"logo\":{\"@type\":\"ImageObject\",\"inLanguage\":\"es\",\"@id\":\"\/#\/schema\/logo\/image\/\",\"url\":\"https:\/\/grupomaipu.com\/es-ar\/wp-content\/uploads\/sites\/2\/2024\/08\/Maipu-principal-todosloslogotipos-01.png\",\"contentUrl\":\"https:\/\/grupomaipu.com\/es-ar\/wp-content\/uploads\/sites\/2\/2024\/08\/Maipu-principal-todosloslogotipos-01.png\",\"width\":1612,\"height\":793,\"caption\":\"Grupo Maip\u00fa Argentina\"},\"image\":{\"@id\":\"\/#\/schema\/logo\/image\/\"}}]}<\/script>\n<!-- \/ Yoast SEO plugin. -->","yoast_head_json":{"title":"Grupo Maip\u00fa Argentina | Formamos a los mejores perfiles para tu empresa","description":"Consultor\u00eda y formaci\u00f3n para cualquier perfil de tu empresa. Haz crecer tu negocio con LA MEJOR formaci\u00f3n para tus trabajadores \ud83d\ude80.","robots":{"index":"index","follow":"follow","max-snippet":"max-snippet:-1","max-image-preview":"max-image-preview:large","max-video-preview":"max-video-preview:-1"},"canonical":"https:\/\/grupomaipu.com\/es-ar\/consultoria-rrhh\/","og_locale":"es_ES","og_type":"article","og_title":"Grupo Maip\u00fa Argentina | Formamos a los mejores perfiles para tu empresa","og_description":"Consultor\u00eda y formaci\u00f3n para cualquier perfil de tu empresa. Haz crecer tu negocio con LA MEJOR formaci\u00f3n para tus trabajadores \ud83d\ude80.","og_url":"https:\/\/grupomaipu.com\/es-ar\/consultoria-rrhh\/","og_site_name":"Grupo Maip\u00fa Argentina","twitter_card":"summary_large_image","twitter_misc":{"Tiempo de lectura":"2 minutos"},"schema":{"@context":"https:\/\/schema.org","@graph":[{"@type":"WebPage","@id":"https:\/\/grupomaipu.com\/es-ar\/consultoria-rrhh\/","url":"https:\/\/grupomaipu.com\/es-ar\/consultoria-rrhh\/","name":"Grupo Maip\u00fa Argentina | Formamos a los mejores perfiles para tu empresa","isPartOf":{"@id":"\/#website"},"datePublished":"2024-09-13T10:31:58+00:00","dateModified":"2024-09-13T10:31:58+00:00","description":"Consultor\u00eda y formaci\u00f3n para cualquier perfil de tu empresa. Haz crecer tu negocio con LA MEJOR formaci\u00f3n para tus trabajadores \ud83d\ude80.","breadcrumb":{"@id":"https:\/\/grupomaipu.com\/es-ar\/consultoria-rrhh\/#breadcrumb"},"inLanguage":"es","potentialAction":[{"@type":"ReadAction","target":["https:\/\/grupomaipu.com\/es-ar\/consultoria-rrhh\/"]}]},{"@type":"BreadcrumbList","@id":"https:\/\/grupomaipu.com\/es-ar\/consultoria-rrhh\/#breadcrumb","itemListElement":[{"@type":"ListItem","position":1,"name":"Portada","item":"https:\/\/grupomaipu.com\/es-ar\/"},{"@type":"ListItem","position":2,"name":"Consultor\u00eda RRHH"}]},{"@type":"WebSite","@id":"\/#website","url":"\/","name":"Grupo Maip\u00fa Argentina","description":"","publisher":{"@id":"\/#organization"},"potentialAction":[{"@type":"SearchAction","target":{"@type":"EntryPoint","urlTemplate":"\/?s={search_term_string}"},"query-input":{"@type":"PropertyValueSpecification","valueRequired":true,"valueName":"search_term_string"}}],"inLanguage":"es"},{"@type":"Organization","@id":"\/#organization","name":"Grupo Maip\u00fa Argentina","url":"\/","logo":{"@type":"ImageObject","inLanguage":"es","@id":"\/#\/schema\/logo\/image\/","url":"https:\/\/grupomaipu.com\/es-ar\/wp-content\/uploads\/sites\/2\/2024\/08\/Maipu-principal-todosloslogotipos-01.png","contentUrl":"https:\/\/grupomaipu.com\/es-ar\/wp-content\/uploads\/sites\/2\/2024\/08\/Maipu-principal-todosloslogotipos-01.png","width":1612,"height":793,"caption":"Grupo Maip\u00fa Argentina"},"image":{"@id":"\/#\/schema\/logo\/image\/"}}]}},"_links":{"self":[{"href":"https:\/\/grupomaipu.com\/es-ar\/wp-json\/wp\/v2\/pages\/915"}],"collection":[{"href":"https:\/\/grupomaipu.com\/es-ar\/wp-json\/wp\/v2\/pages"}],"about":[{"href":"https:\/\/grupomaipu.com\/es-ar\/wp-json\/wp\/v2\/types\/page"}],"author":[{"embeddable":true,"href":"https:\/\/grupomaipu.com\/es-ar\/wp-json\/wp\/v2\/users\/1"}],"replies":[{"embeddable":true,"href":"https:\/\/grupomaipu.com\/es-ar\/wp-json\/wp\/v2\/comments?post=915"}],"version-history":[{"count":0,"href":"https:\/\/grupomaipu.com\/es-ar\/wp-json\/wp\/v2\/pages\/915\/revisions"}],"wp:attachment":[{"href":"https:\/\/grupomaipu.com\/es-ar\/wp-json\/wp\/v2\/media?parent=915"}],"curies":[{"name":"wp","href":"https:\/\/api.w.org\/{rel}","templated":true}]}}