{"id":888,"date":"2024-09-09T09:43:07","date_gmt":"2024-09-09T07:43:07","guid":{"rendered":"https:\/\/preproduccion.pinkstone.es\/maipu\/?page_id=888"},"modified":"2024-11-12T18:58:17","modified_gmt":"2024-11-12T17:58:17","slug":"mantenimiento-y-produccion","status":"publish","type":"page","link":"https:\/\/grupomaipu.com\/es-ar\/mantenimiento-y-produccion\/","title":{"rendered":"Mantenimiento y producci\u00f3n"},"content":{"rendered":"<section class=\"l-section wpb_row us_custom_be045166 height_medium with_img parallax_ver with_shape\"><div class=\"l-section-img\" role=\"img\" data-img-width=\"1024\" data-img-height=\"574\" style=\"background-image: url(https:\/\/grupomaipu.com\/es-ar\/wp-content\/uploads\/sites\/2\/2024\/09\/retrato-ingeniero-sitio-trabajo-horas-trabajo_23-2151589656.jpg);background-repeat: no-repeat;\"><\/div><div class=\"l-section-overlay\" style=\"background:rgba(24,62,115,0.64)\"><\/div><div class=\"l-section-shape type_triangle pos_bottom\" style=\"height:7vmin;\"><svg xmlns=\"http:\/\/www.w3.org\/2000\/svg\" viewBox=\"0 0 64 8\" preserveAspectRatio=\"none\" width=\"100%\" height=\"100%\">\r\n\t<path fill=\"currentColor\" d=\"M64 8 L0 8 L0 0 L32 7.9 L64 0 Z\"\/>\r\n<\/svg><\/div><div class=\"l-section-h i-cf\"><div class=\"g-cols vc_row via_grid cols_1 laptops-cols_inherit tablets-cols_inherit mobiles-cols_1 valign_top type_default stacking_default\"><div class=\"wpb_column vc_column_container us_custom_f3c1321d\"><div class=\"vc_column-inner\"><h2 class=\"w-text us_custom_80657e8f has_text_color\"><span class=\"w-text-h\"><span class=\"w-text-value\">SECTORES<\/span><\/span><\/h2><h1 class=\"w-post-elm post_title us_custom_345590ef has_text_color align_center entry-title color_link_inherit\">Mantenimiento y producci\u00f3n<\/h1><div class=\"w-separator size_small with_line width_30 thick_1 style_solid color_border align_center\"><div class=\"w-separator-h\"><\/div><\/div><\/div><\/div><\/div><\/div><\/section><section class=\"l-section wpb_row height_medium\"><div class=\"l-section-h i-cf\"><div class=\"g-cols vc_row via_grid cols_1 laptops-cols_inherit tablets-cols_inherit mobiles-cols_1 valign_top type_default stacking_default\"><div class=\"wpb_column vc_column_container\"><div class=\"vc_column-inner\"><div class=\"g-cols wpb_row via_grid cols_2-1 laptops-cols_inherit tablets-cols_inherit mobiles-cols_1 valign_middle type_default stacking_default\" style=\"--gap:3rem;\"><div class=\"wpb_column vc_column_container us_custom_302a2db5 us_animate_this\"><div class=\"vc_column-inner\"><div class=\"wpb_text_column\"><div class=\"wpb_wrapper\"><h2>La<span style=\"color: #2c96d3;\"> subcontrataci\u00f3n<\/span> de personal<\/h2>\n<\/div><\/div><div class=\"w-separator size_small\"><\/div><div class=\"wpb_text_column\"><div class=\"wpb_wrapper\"><p>Nos integramos a los procesos productivos de importantes empresas del sector industrial, formando parte del mecanizado de nuestros clientes y asegurando de este modo que el volumen productivo se mantenga sin alteraciones por imponderables.<\/p>\n<p>Este servicio le permite a nuestro cliente dedicarse a su Negocio Principal (core bussines) haci\u00e9ndonos de los colaterales estrat\u00e9gicos que nuestro cliente nos delegue. Asistimos a la Industria Automotor, Textil, Qu\u00edmica, Metal\u00fargica, etc.<\/p>\n<\/div><\/div><div class=\"w-separator size_small\"><\/div><div class=\"w-image us_custom_4b0951d1 align_center\"><div class=\"w-image-h\"><img decoding=\"async\" width=\"1024\" height=\"504\" src=\"https:\/\/grupomaipu.com\/es-ar\/wp-content\/uploads\/sites\/2\/2024\/08\/Maipu-principal-todosloslogotipos-01-1024x504.png\" class=\"attachment-large size-large\" alt=\"\" loading=\"lazy\" srcset=\"https:\/\/grupomaipu.com\/es-ar\/wp-content\/uploads\/sites\/2\/2024\/08\/Maipu-principal-todosloslogotipos-01-1024x504.png 1024w, https:\/\/grupomaipu.com\/es-ar\/wp-content\/uploads\/sites\/2\/2024\/08\/Maipu-principal-todosloslogotipos-01-300x148.png 300w, https:\/\/grupomaipu.com\/es-ar\/wp-content\/uploads\/sites\/2\/2024\/08\/Maipu-principal-todosloslogotipos-01.png 1612w\" sizes=\"(max-width: 1024px) 100vw, 1024px\" \/><\/div><\/div><\/div><\/div><div class=\"wpb_column vc_column_container us_custom_47474b22 us_animate_this\"><div class=\"vc_column-inner\"><div class=\"w-image us_custom_9cf479d2 has_ratio align_none\"><div class=\"w-image-h\"><div style=\"padding-bottom:100%\"><\/div><img decoding=\"async\" width=\"1024\" height=\"683\" src=\"https:\/\/grupomaipu.com\/es-ar\/wp-content\/uploads\/sites\/2\/2024\/09\/joven-tecnologo-uniforme-protector-blanco-que-controla-maquina-industrial-planta-produccion_342744-1163.jpg\" class=\"attachment-large size-large\" alt=\"\" loading=\"lazy\" srcset=\"https:\/\/grupomaipu.com\/es-ar\/wp-content\/uploads\/sites\/2\/2024\/09\/joven-tecnologo-uniforme-protector-blanco-que-controla-maquina-industrial-planta-produccion_342744-1163.jpg 1024w, https:\/\/grupomaipu.com\/es-ar\/wp-content\/uploads\/sites\/2\/2024\/09\/joven-tecnologo-uniforme-protector-blanco-que-controla-maquina-industrial-planta-produccion_342744-1163-300x200.jpg 300w\" sizes=\"(max-width: 1024px) 100vw, 1024px\" \/><\/div><\/div><\/div><\/div><\/div><\/div><\/div><\/div><\/div><\/section><section class=\"l-section wpb_row height_large\"><div class=\"l-section-h i-cf\"><div class=\"g-cols vc_row via_grid cols_1-2 laptops-cols_inherit tablets-cols_inherit mobiles-cols_1 valign_middle type_default stacking_default\" style=\"--gap:4rem;\"><div class=\"wpb_column vc_column_container us_custom_73afe2ba us_animate_this\"><div class=\"vc_column-inner\"><div class=\"w-image us_custom_9cf479d2 has_ratio align_center\"><div class=\"w-image-h\"><div style=\"padding-bottom:100%\"><\/div><img decoding=\"async\" width=\"1024\" height=\"683\" src=\"https:\/\/grupomaipu.com\/es-ar\/wp-content\/uploads\/sites\/2\/2024\/09\/ingeniero-serio-vidrios-que-opera-maquina_74855-54191.jpg\" class=\"attachment-large size-large\" alt=\"\" loading=\"lazy\" srcset=\"https:\/\/grupomaipu.com\/es-ar\/wp-content\/uploads\/sites\/2\/2024\/09\/ingeniero-serio-vidrios-que-opera-maquina_74855-54191.jpg 1024w, https:\/\/grupomaipu.com\/es-ar\/wp-content\/uploads\/sites\/2\/2024\/09\/ingeniero-serio-vidrios-que-opera-maquina_74855-54191-300x200.jpg 300w\" sizes=\"(max-width: 1024px) 100vw, 1024px\" \/><\/div><\/div><\/div><\/div><div class=\"wpb_column vc_column_container\"><div class=\"vc_column-inner\"><div class=\"g-cols wpb_row via_grid cols_3 laptops-cols_inherit tablets-cols_inherit mobiles-cols_1 valign_top type_default stacking_default\" style=\"--gap:1.1rem;\"><div class=\"wpb_column vc_column_container us_custom_b2c4c7cd has_text_color has_bg_color\"><div class=\"vc_column-inner\"><h2 class=\"w-text us_custom_9e344c1b has_text_color\"><span class=\"w-text-h\"><span class=\"w-text-value\">Ventajas<\/span><\/span><\/h2><div class=\"w-separator size_custom with_line width_50 thick_1 style_solid color_border align_center\" style=\"height:30px\"><div class=\"w-separator-h\"><\/div><\/div><\/div><\/div><div class=\"wpb_column vc_column_container us_custom_1277eea5 has_text_color has_bg_color\"><div class=\"vc_column-inner\"><div class=\"w-iconbox us_custom_b44b9982 has_text_color iconpos_top style_outlined color_light align_center no_text\"><div class=\"w-iconbox-icon\" style=\"font-size:1.5rem;\"><i class=\"fal fa-check\"><\/i><\/div><div class=\"w-iconbox-meta\"><h6 class=\"w-iconbox-title\" style=\"font-size:15px;\">FLEXIBILIDAD<br \/>\nY ADAPTACI\u00d3N<\/h6><\/div><\/div><\/div><\/div><div class=\"wpb_column vc_column_container us_custom_1277eea5 has_text_color has_bg_color\"><div class=\"vc_column-inner\"><div class=\"w-iconbox us_custom_b44b9982 has_text_color iconpos_top style_outlined color_light align_center no_text\"><div class=\"w-iconbox-icon\" style=\"font-size:1.5rem;\"><i class=\"fal fa-check\"><\/i><\/div><div class=\"w-iconbox-meta\"><h6 class=\"w-iconbox-title\" style=\"font-size:15px;\">REDUCCI\u00d3N<br \/>\nDE COSTOS<\/h6><\/div><\/div><\/div><\/div><\/div><div class=\"w-separator size_custom\" style=\"height:20px\"><\/div><div class=\"g-cols wpb_row via_grid cols_3 laptops-cols_inherit tablets-cols_inherit mobiles-cols_1 valign_top type_default stacking_default\" style=\"--gap:1.1rem;\"><div class=\"wpb_column vc_column_container us_custom_1277eea5 has_text_color has_bg_color\"><div class=\"vc_column-inner\"><div class=\"w-iconbox us_custom_2effabe8 has_text_color iconpos_top style_outlined color_light align_center no_text\"><div class=\"w-iconbox-icon\" style=\"font-size:1.5rem;\"><i class=\"fal fa-check\"><\/i><\/div><div class=\"w-iconbox-meta\"><h6 class=\"w-iconbox-title\" style=\"font-size:15px;\">TALENTO<br \/>\nESPECIALIZADO<\/h6><\/div><\/div><\/div><\/div><div class=\"wpb_column vc_column_container us_custom_1277eea5 has_text_color has_bg_color\"><div class=\"vc_column-inner\"><div class=\"w-iconbox us_custom_c7a50a16 has_text_color iconpos_top style_outlined color_light align_center no_text\"><div class=\"w-iconbox-icon\" style=\"font-size:1.5rem;\"><i class=\"fal fa-check\"><\/i><\/div><div class=\"w-iconbox-meta\"><h6 class=\"w-iconbox-title\" style=\"font-size:15px;\">REDUCCI\u00d3N DE LA CARGA ADMINISTRATIVA<\/h6><\/div><\/div><\/div><\/div><div class=\"wpb_column vc_column_container us_custom_1277eea5 has_text_color has_bg_color\"><div class=\"vc_column-inner\"><div class=\"w-iconbox us_custom_b44b9982 has_text_color iconpos_top style_outlined color_light align_center no_text\"><div class=\"w-iconbox-icon\" style=\"font-size:1.5rem;\"><i class=\"fal fa-check\"><\/i><\/div><div class=\"w-iconbox-meta\"><h6 class=\"w-iconbox-title\" style=\"font-size:15px;\">RAPIDEZ EN LA CONTRATACI\u00d3N<\/h6><\/div><\/div><\/div><\/div><\/div><\/div><\/div><\/div><\/div><\/section><section class=\"l-section wpb_row us_custom_c70c97eb height_medium with_shape\"><div class=\"l-section-shape type_triangle pos_top\" style=\"height:7vmin;color:var(--color-header-middle-bg)\"><svg xmlns=\"http:\/\/www.w3.org\/2000\/svg\" viewBox=\"0 0 64 8\" preserveAspectRatio=\"none\" width=\"100%\" height=\"100%\">\r\n\t<path fill=\"currentColor\" d=\"M64 8 L0 8 L0 0 L32 7.9 L64 0 Z\"\/>\r\n<\/svg><\/div><div class=\"l-section-h i-cf\"><div class=\"g-cols vc_row via_grid cols_1 laptops-cols_inherit tablets-cols_inherit mobiles-cols_1 valign_top type_default stacking_default\"><div class=\"wpb_column vc_column_container\"><div class=\"vc_column-inner\"><div class=\"w-separator size_medium\"><\/div><div class=\"g-cols wpb_row via_grid cols_1-2 laptops-cols_inherit tablets-cols_inherit mobiles-cols_1 valign_middle type_default stacking_default\" style=\"--gap:3rem;\"><div class=\"wpb_column vc_column_container us_custom_47474b22 us_animate_this\"><div class=\"vc_column-inner\"><div class=\"w-image us_custom_9cf479d2 has_ratio align_none\"><div class=\"w-image-h\"><div style=\"padding-bottom:177.7778%\"><\/div><img decoding=\"async\" width=\"1024\" height=\"681\" src=\"https:\/\/grupomaipu.com\/es-ar\/wp-content\/uploads\/sites\/2\/2024\/09\/hombres-equipo-seguridad-trabajo_23-2148976354.jpg\" class=\"attachment-large size-large\" alt=\"\" loading=\"lazy\" srcset=\"https:\/\/grupomaipu.com\/es-ar\/wp-content\/uploads\/sites\/2\/2024\/09\/hombres-equipo-seguridad-trabajo_23-2148976354.jpg 1024w, https:\/\/grupomaipu.com\/es-ar\/wp-content\/uploads\/sites\/2\/2024\/09\/hombres-equipo-seguridad-trabajo_23-2148976354-300x200.jpg 300w\" sizes=\"(max-width: 1024px) 100vw, 1024px\" \/><\/div><\/div><\/div><\/div><div class=\"wpb_column vc_column_container us_custom_302a2db5 us_animate_this\"><div class=\"vc_column-inner\"><div class=\"wpb_text_column\"><div class=\"wpb_wrapper\"><h2>C\u00f3mo ayuda<span style=\"color: #2c96d3;\"> el outsourcing<\/span> a los negocios<\/h2>\n<\/div><\/div><div class=\"w-separator size_small\"><\/div><div class=\"w-vwrapper us_custom_dcd1f6b0 has_text_color align_left valign_top\" style=\"--vwrapper-gap:1rem\"><div class=\"wpb_text_column\"><div class=\"wpb_wrapper\"><p>Somos capaces de crecer o decrecer en funci\u00f3n de las necesidades de nuestro cliente de producci\u00f3n, facilit\u00e1ndole una flexibilidad de dotaci\u00f3n de personal que resultar\u00eda muy complejo para nuestro cliente poder maniobrar.<\/p>\n<\/div><\/div><\/div><div class=\"w-separator size_small\"><\/div><div class=\"w-text us_custom_9f219ae3 has_text_color\"><span class=\"w-text-h\"><span class=\"w-text-value\">Cubrimos perfiles como:<\/span><\/span><\/div><div class=\"w-separator size_small\"><\/div><div class=\"w-vwrapper align_left valign_top\"><div class=\"w-iconbox iconpos_left style_default color_primary align_left no_text\"><div class=\"w-iconbox-icon\" style=\"font-size:1.5rem;\"><i class=\"fas fa-check\"><\/i><\/div><div class=\"w-iconbox-meta\"><div class=\"w-iconbox-title\">Oficiales electromec\u00e1nicos.<\/div><\/div><\/div><div class=\"w-iconbox iconpos_left style_default color_primary align_left no_text\"><div class=\"w-iconbox-icon\" style=\"font-size:1.5rem;\"><i class=\"fas fa-check\"><\/i><\/div><div class=\"w-iconbox-meta\"><div class=\"w-iconbox-title\">Oficiales torneros.<\/div><\/div><\/div><div class=\"w-iconbox iconpos_left style_default color_primary align_left no_text\"><div class=\"w-iconbox-icon\" style=\"font-size:1.5rem;\"><i class=\"fas fa-check\"><\/i><\/div><div class=\"w-iconbox-meta\"><div class=\"w-iconbox-title\">Oficiales de fresadores.<\/div><\/div><\/div><div class=\"w-iconbox iconpos_left style_default color_primary align_left no_text\"><div class=\"w-iconbox-icon\" style=\"font-size:1.5rem;\"><i class=\"fas fa-check\"><\/i><\/div><div class=\"w-iconbox-meta\"><div class=\"w-iconbox-title\">Operarios de l\u00edneas de producci\u00f3n.<\/div><\/div><\/div><div class=\"w-iconbox iconpos_left style_default color_primary align_left no_text\"><div class=\"w-iconbox-icon\" style=\"font-size:1.5rem;\"><i class=\"fas fa-check\"><\/i><\/div><div class=\"w-iconbox-meta\"><div class=\"w-iconbox-title\">Tornero.<\/div><\/div><\/div><div class=\"w-iconbox iconpos_left style_default color_primary align_left no_text\"><div class=\"w-iconbox-icon\" style=\"font-size:1.5rem;\"><i class=\"fas fa-check\"><\/i><\/div><div class=\"w-iconbox-meta\"><div class=\"w-iconbox-title\">Frisador.<\/div><\/div><\/div><div class=\"w-iconbox iconpos_left style_default color_primary align_left no_text\"><div class=\"w-iconbox-icon\" style=\"font-size:1.5rem;\"><i class=\"fas fa-check\"><\/i><\/div><div class=\"w-iconbox-meta\"><div class=\"w-iconbox-title\">Carpinter\u00eda met\u00e1lica.<\/div><\/div><\/div><\/div><\/div><\/div><\/div><div class=\"w-separator size_medium\"><\/div><\/div><\/div><\/div><\/div><\/section>\n","protected":false},"excerpt":{"rendered":"SECTORESMantenimiento y producci\u00f3nLa subcontrataci\u00f3n de personal Nos integramos a los procesos productivos de importantes empresas del sector industrial, formando parte del mecanizado de nuestros clientes y asegurando de este modo que el volumen productivo se mantenga sin alteraciones por imponderables. Este servicio le permite a nuestro cliente dedicarse a su Negocio Principal (core bussines) haci\u00e9ndonos...","protected":false},"author":1,"featured_media":0,"parent":0,"menu_order":0,"comment_status":"closed","ping_status":"closed","template":"","meta":{"_acf_changed":false,"_joinchat":[],"footnotes":""},"class_list":["post-888","page","type-page","status-publish","hentry"],"acf":[],"yoast_head":"<!-- This site is optimized with the Yoast SEO plugin v23.9 - https:\/\/yoast.com\/wordpress\/plugins\/seo\/ -->\n<title>Mantenimiento y producci\u00f3n - Grupo Maip\u00fa Argentina<\/title>\n<meta name=\"description\" content=\"Impulsa tu producci\u00f3n con personal cualificado. Ofrecemos los mejores talentos especializados en el sector industrial. \u00a1Delega la gesti\u00f3n y enf\u00f3cate en crecer!\" \/>\n<meta name=\"robots\" content=\"index, follow, max-snippet:-1, max-image-preview:large, max-video-preview:-1\" \/>\n<link rel=\"canonical\" href=\"https:\/\/grupomaipu.com\/es-ar\/mantenimiento-y-produccion\/\" \/>\n<meta property=\"og:locale\" content=\"es_ES\" \/>\n<meta property=\"og:type\" content=\"article\" \/>\n<meta property=\"og:title\" content=\"Mantenimiento y producci\u00f3n - Grupo Maip\u00fa Argentina\" \/>\n<meta property=\"og:description\" content=\"Impulsa tu producci\u00f3n con personal cualificado. Ofrecemos los mejores talentos especializados en el sector industrial. \u00a1Delega la gesti\u00f3n y enf\u00f3cate en crecer!\" \/>\n<meta property=\"og:url\" content=\"https:\/\/grupomaipu.com\/es-ar\/mantenimiento-y-produccion\/\" \/>\n<meta property=\"og:site_name\" content=\"Grupo Maip\u00fa Argentina\" \/>\n<meta property=\"article:modified_time\" content=\"2024-11-12T17:58:17+00:00\" \/>\n<meta name=\"twitter:card\" content=\"summary_large_image\" \/>\n<meta name=\"twitter:label1\" content=\"Tiempo de lectura\" \/>\n\t<meta name=\"twitter:data1\" content=\"2 minutos\" \/>\n<script type=\"application\/ld+json\" class=\"yoast-schema-graph\">{\"@context\":\"https:\/\/schema.org\",\"@graph\":[{\"@type\":\"WebPage\",\"@id\":\"https:\/\/grupomaipu.com\/es-ar\/mantenimiento-y-produccion\/\",\"url\":\"https:\/\/grupomaipu.com\/es-ar\/mantenimiento-y-produccion\/\",\"name\":\"Mantenimiento y producci\u00f3n - Grupo Maip\u00fa Argentina\",\"isPartOf\":{\"@id\":\"\/#website\"},\"datePublished\":\"2024-09-09T07:43:07+00:00\",\"dateModified\":\"2024-11-12T17:58:17+00:00\",\"description\":\"Impulsa tu producci\u00f3n con personal cualificado. Ofrecemos los mejores talentos especializados en el sector industrial. \u00a1Delega la gesti\u00f3n y enf\u00f3cate en crecer!\",\"breadcrumb\":{\"@id\":\"https:\/\/grupomaipu.com\/es-ar\/mantenimiento-y-produccion\/#breadcrumb\"},\"inLanguage\":\"es\",\"potentialAction\":[{\"@type\":\"ReadAction\",\"target\":[\"https:\/\/grupomaipu.com\/es-ar\/mantenimiento-y-produccion\/\"]}]},{\"@type\":\"BreadcrumbList\",\"@id\":\"https:\/\/grupomaipu.com\/es-ar\/mantenimiento-y-produccion\/#breadcrumb\",\"itemListElement\":[{\"@type\":\"ListItem\",\"position\":1,\"name\":\"Portada\",\"item\":\"https:\/\/grupomaipu.com\/es-ar\/\"},{\"@type\":\"ListItem\",\"position\":2,\"name\":\"Mantenimiento y producci\u00f3n\"}]},{\"@type\":\"WebSite\",\"@id\":\"\/#website\",\"url\":\"\/\",\"name\":\"Grupo Maip\u00fa Argentina\",\"description\":\"\",\"publisher\":{\"@id\":\"\/#organization\"},\"potentialAction\":[{\"@type\":\"SearchAction\",\"target\":{\"@type\":\"EntryPoint\",\"urlTemplate\":\"\/?s={search_term_string}\"},\"query-input\":{\"@type\":\"PropertyValueSpecification\",\"valueRequired\":true,\"valueName\":\"search_term_string\"}}],\"inLanguage\":\"es\"},{\"@type\":\"Organization\",\"@id\":\"\/#organization\",\"name\":\"Grupo Maip\u00fa Argentina\",\"url\":\"\/\",\"logo\":{\"@type\":\"ImageObject\",\"inLanguage\":\"es\",\"@id\":\"\/#\/schema\/logo\/image\/\",\"url\":\"https:\/\/grupomaipu.com\/es-ar\/wp-content\/uploads\/sites\/2\/2024\/08\/Maipu-principal-todosloslogotipos-01.png\",\"contentUrl\":\"https:\/\/grupomaipu.com\/es-ar\/wp-content\/uploads\/sites\/2\/2024\/08\/Maipu-principal-todosloslogotipos-01.png\",\"width\":1612,\"height\":793,\"caption\":\"Grupo Maip\u00fa Argentina\"},\"image\":{\"@id\":\"\/#\/schema\/logo\/image\/\"}}]}<\/script>\n<!-- \/ Yoast SEO plugin. -->","yoast_head_json":{"title":"Mantenimiento y producci\u00f3n - Grupo Maip\u00fa Argentina","description":"Impulsa tu producci\u00f3n con personal cualificado. Ofrecemos los mejores talentos especializados en el sector industrial. \u00a1Delega la gesti\u00f3n y enf\u00f3cate en crecer!","robots":{"index":"index","follow":"follow","max-snippet":"max-snippet:-1","max-image-preview":"max-image-preview:large","max-video-preview":"max-video-preview:-1"},"canonical":"https:\/\/grupomaipu.com\/es-ar\/mantenimiento-y-produccion\/","og_locale":"es_ES","og_type":"article","og_title":"Mantenimiento y producci\u00f3n - Grupo Maip\u00fa Argentina","og_description":"Impulsa tu producci\u00f3n con personal cualificado. Ofrecemos los mejores talentos especializados en el sector industrial. \u00a1Delega la gesti\u00f3n y enf\u00f3cate en crecer!","og_url":"https:\/\/grupomaipu.com\/es-ar\/mantenimiento-y-produccion\/","og_site_name":"Grupo Maip\u00fa Argentina","article_modified_time":"2024-11-12T17:58:17+00:00","twitter_card":"summary_large_image","twitter_misc":{"Tiempo de lectura":"2 minutos"},"schema":{"@context":"https:\/\/schema.org","@graph":[{"@type":"WebPage","@id":"https:\/\/grupomaipu.com\/es-ar\/mantenimiento-y-produccion\/","url":"https:\/\/grupomaipu.com\/es-ar\/mantenimiento-y-produccion\/","name":"Mantenimiento y producci\u00f3n - Grupo Maip\u00fa Argentina","isPartOf":{"@id":"\/#website"},"datePublished":"2024-09-09T07:43:07+00:00","dateModified":"2024-11-12T17:58:17+00:00","description":"Impulsa tu producci\u00f3n con personal cualificado. Ofrecemos los mejores talentos especializados en el sector industrial. \u00a1Delega la gesti\u00f3n y enf\u00f3cate en crecer!","breadcrumb":{"@id":"https:\/\/grupomaipu.com\/es-ar\/mantenimiento-y-produccion\/#breadcrumb"},"inLanguage":"es","potentialAction":[{"@type":"ReadAction","target":["https:\/\/grupomaipu.com\/es-ar\/mantenimiento-y-produccion\/"]}]},{"@type":"BreadcrumbList","@id":"https:\/\/grupomaipu.com\/es-ar\/mantenimiento-y-produccion\/#breadcrumb","itemListElement":[{"@type":"ListItem","position":1,"name":"Portada","item":"https:\/\/grupomaipu.com\/es-ar\/"},{"@type":"ListItem","position":2,"name":"Mantenimiento y producci\u00f3n"}]},{"@type":"WebSite","@id":"\/#website","url":"\/","name":"Grupo Maip\u00fa Argentina","description":"","publisher":{"@id":"\/#organization"},"potentialAction":[{"@type":"SearchAction","target":{"@type":"EntryPoint","urlTemplate":"\/?s={search_term_string}"},"query-input":{"@type":"PropertyValueSpecification","valueRequired":true,"valueName":"search_term_string"}}],"inLanguage":"es"},{"@type":"Organization","@id":"\/#organization","name":"Grupo Maip\u00fa Argentina","url":"\/","logo":{"@type":"ImageObject","inLanguage":"es","@id":"\/#\/schema\/logo\/image\/","url":"https:\/\/grupomaipu.com\/es-ar\/wp-content\/uploads\/sites\/2\/2024\/08\/Maipu-principal-todosloslogotipos-01.png","contentUrl":"https:\/\/grupomaipu.com\/es-ar\/wp-content\/uploads\/sites\/2\/2024\/08\/Maipu-principal-todosloslogotipos-01.png","width":1612,"height":793,"caption":"Grupo Maip\u00fa Argentina"},"image":{"@id":"\/#\/schema\/logo\/image\/"}}]}},"_links":{"self":[{"href":"https:\/\/grupomaipu.com\/es-ar\/wp-json\/wp\/v2\/pages\/888"}],"collection":[{"href":"https:\/\/grupomaipu.com\/es-ar\/wp-json\/wp\/v2\/pages"}],"about":[{"href":"https:\/\/grupomaipu.com\/es-ar\/wp-json\/wp\/v2\/types\/page"}],"author":[{"embeddable":true,"href":"https:\/\/grupomaipu.com\/es-ar\/wp-json\/wp\/v2\/users\/1"}],"replies":[{"embeddable":true,"href":"https:\/\/grupomaipu.com\/es-ar\/wp-json\/wp\/v2\/comments?post=888"}],"version-history":[{"count":2,"href":"https:\/\/grupomaipu.com\/es-ar\/wp-json\/wp\/v2\/pages\/888\/revisions"}],"predecessor-version":[{"id":1533,"href":"https:\/\/grupomaipu.com\/es-ar\/wp-json\/wp\/v2\/pages\/888\/revisions\/1533"}],"wp:attachment":[{"href":"https:\/\/grupomaipu.com\/es-ar\/wp-json\/wp\/v2\/media?parent=888"}],"curies":[{"name":"wp","href":"https:\/\/api.w.org\/{rel}","templated":true}]}}