{"id":1354,"date":"2024-10-15T06:36:05","date_gmt":"2024-10-15T09:36:05","guid":{"rendered":"https:\/\/preproduccion.pinkstone.es\/maipu\/es-ar\/?page_id=1354"},"modified":"2024-11-12T18:33:35","modified_gmt":"2024-11-12T17:33:35","slug":"trabajo-eventual","status":"publish","type":"page","link":"https:\/\/grupomaipu.com\/es-ar\/trabajo-eventual\/","title":{"rendered":"Trabajo eventual"},"content":{"rendered":"<section class=\"l-section wpb_row us_custom_aa019f4a height_medium with_img parallax_ver with_shape\"><div class=\"l-section-img\" role=\"img\" data-img-width=\"1024\" data-img-height=\"683\" style=\"background-image: url(https:\/\/grupomaipu.com\/es-ar\/wp-content\/uploads\/sites\/2\/2024\/10\/empresario-sosteniendo-reloj-arena-significa-importancia-estar-tiempo_53876-139401.jpg);background-repeat: no-repeat;\"><\/div><div class=\"l-section-overlay\" style=\"background:rgba(24,62,115,0.64)\"><\/div><div class=\"l-section-shape type_triangle pos_bottom\" style=\"height:7vmin;\"><svg xmlns=\"http:\/\/www.w3.org\/2000\/svg\" viewBox=\"0 0 64 8\" preserveAspectRatio=\"none\" width=\"100%\" height=\"100%\">\r\n\t<path fill=\"currentColor\" d=\"M64 8 L0 8 L0 0 L32 7.9 L64 0 Z\"\/>\r\n<\/svg><\/div><div class=\"l-section-h i-cf\"><div class=\"g-cols vc_row via_grid cols_1 laptops-cols_inherit tablets-cols_inherit mobiles-cols_1 valign_top type_default stacking_default\"><div class=\"wpb_column vc_column_container\"><div class=\"vc_column-inner\"><h1 class=\"w-post-elm post_title us_custom_345590ef has_text_color align_center entry-title color_link_inherit\">Trabajo eventual<\/h1><div class=\"w-separator size_small with_line width_30 thick_1 style_solid color_border align_center\"><div class=\"w-separator-h\"><\/div><\/div><\/div><\/div><\/div><\/div><\/section><section class=\"l-section wpb_row us_custom_aa39583c us_animate_this height_medium\"><div class=\"l-section-h i-cf\"><div class=\"g-cols vc_row via_grid cols_1 laptops-cols_inherit tablets-cols_inherit mobiles-cols_1 valign_top type_default stacking_default\"><div class=\"wpb_column vc_column_container\"><div class=\"vc_column-inner\"><div class=\"g-cols wpb_row us_custom_b2e65e60 via_grid cols_1-3 laptops-cols_inherit tablets-cols_inherit mobiles-cols_1 valign_middle type_default stacking_default\" style=\"--gap:3rem;\"><div class=\"wpb_column vc_column_container\"><div class=\"vc_column-inner\"><div class=\"w-image align_center\"><div class=\"w-image-h\"><img decoding=\"async\" width=\"1024\" height=\"503\" src=\"https:\/\/grupomaipu.com\/es-ar\/wp-content\/uploads\/sites\/2\/2024\/08\/Maipu-principal-todosloslogotipos-05-1024x503.png\" class=\"attachment-large size-large\" alt=\"\" loading=\"lazy\" srcset=\"https:\/\/grupomaipu.com\/es-ar\/wp-content\/uploads\/sites\/2\/2024\/08\/Maipu-principal-todosloslogotipos-05-1024x503.png 1024w, https:\/\/grupomaipu.com\/es-ar\/wp-content\/uploads\/sites\/2\/2024\/08\/Maipu-principal-todosloslogotipos-05-300x147.png 300w, https:\/\/grupomaipu.com\/es-ar\/wp-content\/uploads\/sites\/2\/2024\/08\/Maipu-principal-todosloslogotipos-05.png 1613w\" sizes=\"(max-width: 1024px) 100vw, 1024px\" \/><\/div><\/div><\/div><\/div><div class=\"wpb_column vc_column_container\"><div class=\"vc_column-inner\"><div class=\"wpb_text_column us_custom_8b3d6790 has_text_color\"><div class=\"wpb_wrapper\"><p>Nos encargamos en externalizar la gesti\u00f3n de la contrataci\u00f3n y administraci\u00f3n de personal temporal a una empresa especializada.<\/p>\n<\/div><\/div><\/div><\/div><\/div><\/div><\/div><\/div><\/div><\/section><section class=\"l-section wpb_row height_medium\"><div class=\"l-section-h i-cf\"><div class=\"g-cols vc_row via_grid cols_1 laptops-cols_inherit tablets-cols_inherit mobiles-cols_1 valign_top type_default stacking_default\"><div class=\"wpb_column vc_column_container\"><div class=\"vc_column-inner\"><div class=\"g-cols wpb_row via_grid cols_2-1 laptops-cols_inherit tablets-cols_inherit mobiles-cols_1 valign_middle type_default stacking_default\" style=\"--gap:3rem;\"><div class=\"wpb_column vc_column_container us_custom_302a2db5 us_animate_this\"><div class=\"vc_column-inner\"><div class=\"wpb_text_column\"><div class=\"wpb_wrapper\"><h2>Apoyo en recursos humanos para <span style=\"color: #2c96d3;\">demandas<\/span> <span style=\"color: #2c96d3;\">estacionales y eventos<\/span><\/h2>\n<\/div><\/div><div class=\"w-separator size_small\"><\/div><div class=\"wpb_text_column\"><div class=\"wpb_wrapper\"><p>Esta modalidad permite a las empresas adaptarse r\u00e1pidamente a los cambios en la demanda y a los trabajadores encontrar empleo de forma flexible, siempre buscando la soluci\u00f3n perfecta para la situaci\u00f3n de tu empresa, con el objetivo de enfocarse en lo principal del negocio.<\/p>\n<p>Si su empresa se basa en permanentes ciclos de demanda vinculado con la estacionalidad tur\u00edstica, congresos\u00a0 internacionales, eventos sociales&#8230;<\/p>\n<p>En estas\u00a0<b>circunstancias temporales<\/b>\u00a0es donde Grupo Maip\u00fa aporta sus Recursos Humanos para las\u00a0<b>diversas tareas necesarias para el buen hacer de nuestros clientes.<\/b><\/p>\n<\/div><\/div><\/div><\/div><div class=\"wpb_column vc_column_container us_custom_47474b22 us_animate_this\"><div class=\"vc_column-inner\"><div class=\"w-image us_custom_9cf479d2 has_ratio align_none\"><div class=\"w-image-h\"><div style=\"padding-bottom:100%\"><\/div><img decoding=\"async\" width=\"1024\" height=\"683\" src=\"https:\/\/grupomaipu.com\/es-ar\/wp-content\/uploads\/sites\/2\/2024\/10\/oficina-profesional-portatil-lindo-adulto_1301-30771.jpg\" class=\"attachment-large size-large\" alt=\"\" loading=\"lazy\" srcset=\"https:\/\/grupomaipu.com\/es-ar\/wp-content\/uploads\/sites\/2\/2024\/10\/oficina-profesional-portatil-lindo-adulto_1301-30771.jpg 1024w, https:\/\/grupomaipu.com\/es-ar\/wp-content\/uploads\/sites\/2\/2024\/10\/oficina-profesional-portatil-lindo-adulto_1301-30771-300x200.jpg 300w\" sizes=\"(max-width: 1024px) 100vw, 1024px\" \/><\/div><\/div><\/div><\/div><\/div><\/div><\/div><\/div><\/div><\/section><section class=\"l-section wpb_row us_custom_f70d789f us_animate_this height_small\"><div class=\"l-section-h i-cf\"><div class=\"g-cols vc_row via_grid cols_1 laptops-cols_inherit tablets-cols_inherit mobiles-cols_1 valign_top type_default stacking_default\"><div class=\"wpb_column vc_column_container\"><div class=\"vc_column-inner\"><div class=\"g-cols wpb_row us_custom_b8f040a7 via_grid cols_1 laptops-cols_inherit tablets-cols_inherit mobiles-cols_1 valign_middle type_default stacking_default\" style=\"--gap:3rem;\"><div class=\"wpb_column vc_column_container\"><div class=\"vc_column-inner\"><div class=\"w-text us_custom_5188a8fe has_text_color\"><span class=\"w-text-h\"><span class=\"w-text-value\">Cuente con nosotros y disponga de profesionales adecuados para cualquier tipo de baja.<\/span><\/span><\/div><div class=\"w-separator size_small\"><\/div><div class=\"wpb_text_column us_custom_4a13489a has_text_color\"><div class=\"wpb_wrapper\"><p style=\"text-align: center;\">Nuestra empresa le enviar\u00e1 los reemplazos m\u00e1s adecuados por el tiempo que dure esta situaci\u00f3n, ya sea por vacaciones, maternidad\u2026<\/p>\n<\/div><\/div><\/div><\/div><\/div><div class=\"w-separator size_small\"><\/div><\/div><\/div><\/div><\/div><\/section><section class=\"l-section wpb_row height_medium\"><div class=\"l-section-h i-cf\"><div class=\"g-cols vc_row via_grid cols_1 laptops-cols_inherit tablets-cols_inherit mobiles-cols_1 valign_top type_default stacking_default\"><div class=\"wpb_column vc_column_container\"><div class=\"vc_column-inner\"><div class=\"g-cols wpb_row via_grid cols_1-2 laptops-cols_inherit tablets-cols_inherit mobiles-cols_1 valign_middle type_default stacking_default\" style=\"--gap:3rem;\"><div class=\"wpb_column vc_column_container us_custom_47474b22 us_animate_this\"><div class=\"vc_column-inner\"><div class=\"w-image us_custom_9cf479d2 has_ratio align_none\"><div class=\"w-image-h\"><div style=\"padding-bottom:100%\"><\/div><img decoding=\"async\" width=\"683\" height=\"1024\" src=\"https:\/\/grupomaipu.com\/es-ar\/wp-content\/uploads\/sites\/2\/2024\/09\/gente-negocios-oficina_144627-37536.jpg\" class=\"attachment-large size-large\" alt=\"\" loading=\"lazy\" srcset=\"https:\/\/grupomaipu.com\/es-ar\/wp-content\/uploads\/sites\/2\/2024\/09\/gente-negocios-oficina_144627-37536.jpg 683w, https:\/\/grupomaipu.com\/es-ar\/wp-content\/uploads\/sites\/2\/2024\/09\/gente-negocios-oficina_144627-37536-200x300.jpg 200w\" sizes=\"(max-width: 683px) 100vw, 683px\" \/><\/div><\/div><\/div><\/div><div class=\"wpb_column vc_column_container us_custom_302a2db5 us_animate_this\"><div class=\"vc_column-inner\"><div class=\"wpb_text_column\"><div class=\"wpb_wrapper\"><h2><span style=\"color: #2c96d3;\"><\/span>\u00bfNecesitas reforzar tu equipo de forma <span style=\"color: #2c96d3;\">r\u00e1pida y eficaz<\/span>?<\/h2>\n<\/div><\/div><div class=\"w-separator size_small\"><\/div><div class=\"wpb_text_column\"><div class=\"wpb_wrapper\"><p>En <strong>Grupo Maip\u00fa<\/strong> te ofrecemos el personal cualificado que necesitas, cuando lo necesitas, durante el tiempo que lo necesites.<\/p>\n<p>Nuestra amplia red de profesionales y procesos \u00e1giles te permitir\u00e1n ahorrar tiempo y recursos, para que puedas centrarte en lo que realmente importa: hacer crecer tu negocio.<\/p>\n<\/div><\/div><div class=\"w-separator size_small\"><\/div><div class=\"w-btn-wrapper align_none\"><a class=\"w-btn us-btn-style_1\" href=\"https:\/\/grupomaipu.com\/es-ar\/contacta\/\"><span class=\"w-btn-label\">Saber m\u00e1s<\/span><\/a><\/div><\/div><\/div><\/div><div class=\"w-separator size_medium\"><\/div><\/div><\/div><\/div><\/div><\/section>\n","protected":false},"excerpt":{"rendered":"Trabajo eventualNos encargamos en externalizar la gesti\u00f3n de la contrataci\u00f3n y administraci\u00f3n de personal temporal a una empresa especializada. Apoyo en recursos humanos para demandas estacionales y eventos Esta modalidad permite a las empresas adaptarse r\u00e1pidamente a los cambios en la demanda y a los trabajadores encontrar empleo de forma flexible, siempre buscando la soluci\u00f3n...","protected":false},"author":1,"featured_media":0,"parent":0,"menu_order":0,"comment_status":"closed","ping_status":"closed","template":"","meta":{"_acf_changed":false,"_joinchat":[],"footnotes":""},"class_list":["post-1354","page","type-page","status-publish","hentry"],"acf":[],"yoast_head":"<!-- This site is optimized with the Yoast SEO plugin v23.9 - https:\/\/yoast.com\/wordpress\/plugins\/seo\/ -->\n<title>Trabajo eventual - Grupo Maip\u00fa Argentina<\/title>\n<meta name=\"description\" content=\"Optimiza tu fuerza laboral con nuestro servicio de trabajo eventual. Proporcionamos personal capacitado para cubrir tus necesidades temporales.\" \/>\n<meta name=\"robots\" content=\"index, follow, max-snippet:-1, max-image-preview:large, max-video-preview:-1\" \/>\n<link rel=\"canonical\" href=\"https:\/\/grupomaipu.com\/es-ar\/trabajo-eventual\/\" \/>\n<meta property=\"og:locale\" content=\"es_ES\" \/>\n<meta property=\"og:type\" content=\"article\" \/>\n<meta property=\"og:title\" content=\"Trabajo eventual - Grupo Maip\u00fa Argentina\" \/>\n<meta property=\"og:description\" content=\"Optimiza tu fuerza laboral con nuestro servicio de trabajo eventual. Proporcionamos personal capacitado para cubrir tus necesidades temporales.\" \/>\n<meta property=\"og:url\" content=\"https:\/\/grupomaipu.com\/es-ar\/trabajo-eventual\/\" \/>\n<meta property=\"og:site_name\" content=\"Grupo Maip\u00fa Argentina\" \/>\n<meta property=\"article:modified_time\" content=\"2024-11-12T17:33:35+00:00\" \/>\n<meta name=\"twitter:card\" content=\"summary_large_image\" \/>\n<meta name=\"twitter:label1\" content=\"Tiempo de lectura\" \/>\n\t<meta name=\"twitter:data1\" content=\"2 minutos\" \/>\n<script type=\"application\/ld+json\" class=\"yoast-schema-graph\">{\"@context\":\"https:\/\/schema.org\",\"@graph\":[{\"@type\":\"WebPage\",\"@id\":\"https:\/\/grupomaipu.com\/es-ar\/trabajo-eventual\/\",\"url\":\"https:\/\/grupomaipu.com\/es-ar\/trabajo-eventual\/\",\"name\":\"Trabajo eventual - Grupo Maip\u00fa Argentina\",\"isPartOf\":{\"@id\":\"\/#website\"},\"datePublished\":\"2024-10-15T09:36:05+00:00\",\"dateModified\":\"2024-11-12T17:33:35+00:00\",\"description\":\"Optimiza tu fuerza laboral con nuestro servicio de trabajo eventual. Proporcionamos personal capacitado para cubrir tus necesidades temporales.\",\"breadcrumb\":{\"@id\":\"https:\/\/grupomaipu.com\/es-ar\/trabajo-eventual\/#breadcrumb\"},\"inLanguage\":\"es\",\"potentialAction\":[{\"@type\":\"ReadAction\",\"target\":[\"https:\/\/grupomaipu.com\/es-ar\/trabajo-eventual\/\"]}]},{\"@type\":\"BreadcrumbList\",\"@id\":\"https:\/\/grupomaipu.com\/es-ar\/trabajo-eventual\/#breadcrumb\",\"itemListElement\":[{\"@type\":\"ListItem\",\"position\":1,\"name\":\"Portada\",\"item\":\"https:\/\/grupomaipu.com\/es-ar\/\"},{\"@type\":\"ListItem\",\"position\":2,\"name\":\"Trabajo eventual\"}]},{\"@type\":\"WebSite\",\"@id\":\"\/#website\",\"url\":\"\/\",\"name\":\"Grupo Maip\u00fa Argentina\",\"description\":\"\",\"publisher\":{\"@id\":\"\/#organization\"},\"potentialAction\":[{\"@type\":\"SearchAction\",\"target\":{\"@type\":\"EntryPoint\",\"urlTemplate\":\"\/?s={search_term_string}\"},\"query-input\":{\"@type\":\"PropertyValueSpecification\",\"valueRequired\":true,\"valueName\":\"search_term_string\"}}],\"inLanguage\":\"es\"},{\"@type\":\"Organization\",\"@id\":\"\/#organization\",\"name\":\"Grupo Maip\u00fa Argentina\",\"url\":\"\/\",\"logo\":{\"@type\":\"ImageObject\",\"inLanguage\":\"es\",\"@id\":\"\/#\/schema\/logo\/image\/\",\"url\":\"https:\/\/grupomaipu.com\/es-ar\/wp-content\/uploads\/sites\/2\/2024\/08\/Maipu-principal-todosloslogotipos-01.png\",\"contentUrl\":\"https:\/\/grupomaipu.com\/es-ar\/wp-content\/uploads\/sites\/2\/2024\/08\/Maipu-principal-todosloslogotipos-01.png\",\"width\":1612,\"height\":793,\"caption\":\"Grupo Maip\u00fa Argentina\"},\"image\":{\"@id\":\"\/#\/schema\/logo\/image\/\"}}]}<\/script>\n<!-- \/ Yoast SEO plugin. -->","yoast_head_json":{"title":"Trabajo eventual - Grupo Maip\u00fa Argentina","description":"Optimiza tu fuerza laboral con nuestro servicio de trabajo eventual. Proporcionamos personal capacitado para cubrir tus necesidades temporales.","robots":{"index":"index","follow":"follow","max-snippet":"max-snippet:-1","max-image-preview":"max-image-preview:large","max-video-preview":"max-video-preview:-1"},"canonical":"https:\/\/grupomaipu.com\/es-ar\/trabajo-eventual\/","og_locale":"es_ES","og_type":"article","og_title":"Trabajo eventual - Grupo Maip\u00fa Argentina","og_description":"Optimiza tu fuerza laboral con nuestro servicio de trabajo eventual. Proporcionamos personal capacitado para cubrir tus necesidades temporales.","og_url":"https:\/\/grupomaipu.com\/es-ar\/trabajo-eventual\/","og_site_name":"Grupo Maip\u00fa Argentina","article_modified_time":"2024-11-12T17:33:35+00:00","twitter_card":"summary_large_image","twitter_misc":{"Tiempo de lectura":"2 minutos"},"schema":{"@context":"https:\/\/schema.org","@graph":[{"@type":"WebPage","@id":"https:\/\/grupomaipu.com\/es-ar\/trabajo-eventual\/","url":"https:\/\/grupomaipu.com\/es-ar\/trabajo-eventual\/","name":"Trabajo eventual - Grupo Maip\u00fa Argentina","isPartOf":{"@id":"\/#website"},"datePublished":"2024-10-15T09:36:05+00:00","dateModified":"2024-11-12T17:33:35+00:00","description":"Optimiza tu fuerza laboral con nuestro servicio de trabajo eventual. Proporcionamos personal capacitado para cubrir tus necesidades temporales.","breadcrumb":{"@id":"https:\/\/grupomaipu.com\/es-ar\/trabajo-eventual\/#breadcrumb"},"inLanguage":"es","potentialAction":[{"@type":"ReadAction","target":["https:\/\/grupomaipu.com\/es-ar\/trabajo-eventual\/"]}]},{"@type":"BreadcrumbList","@id":"https:\/\/grupomaipu.com\/es-ar\/trabajo-eventual\/#breadcrumb","itemListElement":[{"@type":"ListItem","position":1,"name":"Portada","item":"https:\/\/grupomaipu.com\/es-ar\/"},{"@type":"ListItem","position":2,"name":"Trabajo eventual"}]},{"@type":"WebSite","@id":"\/#website","url":"\/","name":"Grupo Maip\u00fa Argentina","description":"","publisher":{"@id":"\/#organization"},"potentialAction":[{"@type":"SearchAction","target":{"@type":"EntryPoint","urlTemplate":"\/?s={search_term_string}"},"query-input":{"@type":"PropertyValueSpecification","valueRequired":true,"valueName":"search_term_string"}}],"inLanguage":"es"},{"@type":"Organization","@id":"\/#organization","name":"Grupo Maip\u00fa Argentina","url":"\/","logo":{"@type":"ImageObject","inLanguage":"es","@id":"\/#\/schema\/logo\/image\/","url":"https:\/\/grupomaipu.com\/es-ar\/wp-content\/uploads\/sites\/2\/2024\/08\/Maipu-principal-todosloslogotipos-01.png","contentUrl":"https:\/\/grupomaipu.com\/es-ar\/wp-content\/uploads\/sites\/2\/2024\/08\/Maipu-principal-todosloslogotipos-01.png","width":1612,"height":793,"caption":"Grupo Maip\u00fa Argentina"},"image":{"@id":"\/#\/schema\/logo\/image\/"}}]}},"_links":{"self":[{"href":"https:\/\/grupomaipu.com\/es-ar\/wp-json\/wp\/v2\/pages\/1354"}],"collection":[{"href":"https:\/\/grupomaipu.com\/es-ar\/wp-json\/wp\/v2\/pages"}],"about":[{"href":"https:\/\/grupomaipu.com\/es-ar\/wp-json\/wp\/v2\/types\/page"}],"author":[{"embeddable":true,"href":"https:\/\/grupomaipu.com\/es-ar\/wp-json\/wp\/v2\/users\/1"}],"replies":[{"embeddable":true,"href":"https:\/\/grupomaipu.com\/es-ar\/wp-json\/wp\/v2\/comments?post=1354"}],"version-history":[{"count":2,"href":"https:\/\/grupomaipu.com\/es-ar\/wp-json\/wp\/v2\/pages\/1354\/revisions"}],"predecessor-version":[{"id":1523,"href":"https:\/\/grupomaipu.com\/es-ar\/wp-json\/wp\/v2\/pages\/1354\/revisions\/1523"}],"wp:attachment":[{"href":"https:\/\/grupomaipu.com\/es-ar\/wp-json\/wp\/v2\/media?parent=1354"}],"curies":[{"name":"wp","href":"https:\/\/api.w.org\/{rel}","templated":true}]}}