{"id":1107,"date":"2024-09-18T09:28:20","date_gmt":"2024-09-18T07:28:20","guid":{"rendered":"https:\/\/preproduccion.pinkstone.es\/maipu\/?page_id=1107"},"modified":"2024-11-05T14:38:12","modified_gmt":"2024-11-05T13:38:12","slug":"formacion","status":"publish","type":"page","link":"https:\/\/grupomaipu.com\/es-ar\/formacion\/","title":{"rendered":"Formaci\u00f3n"},"content":{"rendered":"<section class=\"l-section wpb_row us_custom_a9e6f439 height_medium with_img parallax_ver with_shape\"><div class=\"l-section-img\" role=\"img\" data-img-width=\"1024\" data-img-height=\"683\" style=\"background-image: url(https:\/\/grupomaipu.com\/es-ar\/wp-content\/uploads\/sites\/2\/2024\/09\/colegas-tiro-medio-trabajando-oficina_23-2149908183.jpg);background-repeat: no-repeat;\"><\/div><div class=\"l-section-overlay\" style=\"background:rgba(24,62,115,0.64)\"><\/div><div class=\"l-section-shape type_triangle pos_bottom\" style=\"height:7vmin;\"><svg xmlns=\"http:\/\/www.w3.org\/2000\/svg\" viewBox=\"0 0 64 8\" preserveAspectRatio=\"none\" width=\"100%\" height=\"100%\">\r\n\t<path fill=\"currentColor\" d=\"M64 8 L0 8 L0 0 L32 7.9 L64 0 Z\"\/>\r\n<\/svg><\/div><div class=\"l-section-h i-cf\"><div class=\"g-cols vc_row via_grid cols_1 laptops-cols_inherit tablets-cols_inherit mobiles-cols_1 valign_top type_default stacking_default\"><div class=\"wpb_column vc_column_container us_custom_f3c1321d\"><div class=\"vc_column-inner\"><h1 class=\"w-post-elm post_title us_custom_345590ef has_text_color align_center entry-title color_link_inherit\">Formaci\u00f3n<\/h1><div class=\"w-separator size_small with_line width_30 thick_1 style_solid color_border align_center\"><div class=\"w-separator-h\"><\/div><\/div><\/div><\/div><\/div><\/div><\/section><section class=\"l-section wpb_row us_custom_aa39583c us_animate_this height_medium\"><div class=\"l-section-h i-cf\"><div class=\"g-cols vc_row via_grid cols_1 laptops-cols_inherit tablets-cols_inherit mobiles-cols_1 valign_top type_default stacking_default\"><div class=\"wpb_column vc_column_container\"><div class=\"vc_column-inner\"><div class=\"g-cols wpb_row us_custom_b2e65e60 via_grid cols_1-3 laptops-cols_inherit tablets-cols_inherit mobiles-cols_1 valign_middle type_default stacking_default\" style=\"--gap:3rem;\"><div class=\"wpb_column vc_column_container\"><div class=\"vc_column-inner\"><div class=\"w-image align_center\"><div class=\"w-image-h\"><img decoding=\"async\" width=\"1024\" height=\"503\" src=\"https:\/\/grupomaipu.com\/es-ar\/wp-content\/uploads\/sites\/2\/2024\/08\/Maipu-principal-todosloslogotipos-05-1024x503.png\" class=\"attachment-large size-large\" alt=\"\" loading=\"lazy\" srcset=\"https:\/\/grupomaipu.com\/es-ar\/wp-content\/uploads\/sites\/2\/2024\/08\/Maipu-principal-todosloslogotipos-05-1024x503.png 1024w, https:\/\/grupomaipu.com\/es-ar\/wp-content\/uploads\/sites\/2\/2024\/08\/Maipu-principal-todosloslogotipos-05-300x147.png 300w, https:\/\/grupomaipu.com\/es-ar\/wp-content\/uploads\/sites\/2\/2024\/08\/Maipu-principal-todosloslogotipos-05.png 1613w\" sizes=\"(max-width: 1024px) 100vw, 1024px\" \/><\/div><\/div><\/div><\/div><div class=\"wpb_column vc_column_container\"><div class=\"vc_column-inner\"><div class=\"w-text us_custom_56051b9e has_text_color\"><span class=\"w-text-h\"><span class=\"w-text-value\">Creemos en el potencial de cada persona<\/span><\/span><\/div><div class=\"w-separator size_small\"><\/div><div class=\"wpb_text_column us_custom_8b3d6790 has_text_color\"><div class=\"wpb_wrapper\"><p>Por eso, vamos m\u00e1s all\u00e1 de la gesti\u00f3n tradicional. Te ayudamos a cultivar un equipo de alto rendimiento, donde cada miembro se sienta valorado y pueda desarrollar todo su talento.<\/p>\n<\/div><\/div><\/div><\/div><\/div><\/div><\/div><\/div><\/div><\/section><section class=\"l-section wpb_row height_medium\"><div class=\"l-section-h i-cf\"><div class=\"g-cols vc_row via_grid cols_1 laptops-cols_inherit tablets-cols_inherit mobiles-cols_1 valign_top type_default stacking_default\"><div class=\"wpb_column vc_column_container\"><div class=\"vc_column-inner\"><div class=\"g-cols wpb_row via_grid cols_1-2 laptops-cols_inherit tablets-cols_inherit mobiles-cols_1 valign_middle type_default reversed stacking_default\" style=\"--gap:3rem;\"><div class=\"wpb_column vc_column_container us_custom_47474b22 us_animate_this\"><div class=\"vc_column-inner\"><div class=\"w-image us_custom_9cf479d2 has_ratio align_none\"><div class=\"w-image-h\"><div style=\"padding-bottom:100%\"><\/div><img decoding=\"async\" width=\"1024\" height=\"683\" src=\"https:\/\/grupomaipu.com\/es-ar\/wp-content\/uploads\/sites\/2\/2024\/09\/companeros-trabajo-masculinos-femeninos-misma-habitacion_23-2148985538.jpg\" class=\"attachment-large size-large\" alt=\"\" loading=\"lazy\" srcset=\"https:\/\/grupomaipu.com\/es-ar\/wp-content\/uploads\/sites\/2\/2024\/09\/companeros-trabajo-masculinos-femeninos-misma-habitacion_23-2148985538.jpg 1024w, https:\/\/grupomaipu.com\/es-ar\/wp-content\/uploads\/sites\/2\/2024\/09\/companeros-trabajo-masculinos-femeninos-misma-habitacion_23-2148985538-300x200.jpg 300w\" sizes=\"(max-width: 1024px) 100vw, 1024px\" \/><\/div><\/div><\/div><\/div><div class=\"wpb_column vc_column_container us_custom_302a2db5 us_animate_this\"><div class=\"vc_column-inner\"><div class=\"wpb_text_column\"><div class=\"wpb_wrapper\"><h2><span style=\"color: #2c96d3;\"><\/span><b><span style=\"color: #2c96d3;\">Conf\u00eda en nuestra experiencia<\/span> para encontrar el talento que tu empresa necesita.<\/b><\/h2>\n<\/div><\/div><div class=\"w-separator size_small\"><\/div><div class=\"wpb_text_column\"><div class=\"wpb_wrapper\"><p>Grupo Maip\u00fa cuenta con una trayectoria comprobada en la selecci\u00f3n de personal. Aplicamos metodolog\u00edas innovadoras y rigurosas para garantizar que cada nuevo integrante sea un aporte valioso para tu organizaci\u00f3n.<\/p>\n<\/div><\/div><div class=\"w-separator size_small\"><\/div><div class=\"w-vwrapper us_custom_dcd1f6b0 has_text_color align_left valign_top\"><div class=\"wpb_text_column\"><div class=\"wpb_wrapper\"><p>Olv\u00eddate de los errores en la selecci\u00f3n: nosotros nos encargamos de encontrar a los mejores candidatos.<\/p>\n<\/div><\/div><\/div><\/div><\/div><\/div><div class=\"w-separator size_small\"><\/div><\/div><\/div><\/div><\/div><\/section><section class=\"l-section wpb_row us_custom_0a5f9d45 height_medium\"><div class=\"l-section-h i-cf\"><div class=\"g-cols vc_row via_grid cols_1 laptops-cols_inherit tablets-cols_inherit mobiles-cols_1 valign_top type_default stacking_default\"><div class=\"wpb_column vc_column_container\"><div class=\"vc_column-inner\"><div class=\"g-cols wpb_row via_grid cols_2-1 laptops-cols_inherit tablets-cols_inherit mobiles-cols_1 valign_middle type_default stacking_default\" style=\"--gap:3rem;\"><div class=\"wpb_column vc_column_container us_custom_302a2db5 us_animate_this\"><div class=\"vc_column-inner\"><div class=\"wpb_text_column\"><div class=\"wpb_wrapper\"><h2><b><span style=\"color: #2c96d3;\">Impulsa<\/span> el crecimiento de tu equipo<\/b><span style=\"color: #2c96d3;\"><b><br \/>\n<\/b><\/span><\/h2>\n<\/div><\/div><div class=\"w-separator size_small\"><\/div><div class=\"wpb_text_column\"><div class=\"wpb_wrapper\"><p>Desarrolla y fortalece las competencias de tus colaboradores con nuestra amplia oferta de formaci\u00f3n.<\/p>\n<\/div><\/div><div class=\"w-separator size_small\"><\/div><div class=\"w-vwrapper us_custom_dcd1f6b0 has_text_color align_left valign_top\"><div class=\"wpb_text_column\"><div class=\"wpb_wrapper\"><p>Ay\u00fadalos a alcanzar su m\u00e1ximo potencial y a adaptarse a los constantes cambios del mercado laboral.<\/p>\n<\/div><\/div><\/div><\/div><\/div><div class=\"wpb_column vc_column_container us_custom_47474b22 us_animate_this\"><div class=\"vc_column-inner\"><div class=\"w-image us_custom_9cf479d2 has_ratio align_none\"><div class=\"w-image-h\"><div style=\"padding-bottom:100%\"><\/div><img decoding=\"async\" width=\"1024\" height=\"683\" src=\"https:\/\/grupomaipu.com\/es-ar\/wp-content\/uploads\/sites\/2\/2024\/09\/diferentes-companeros-trabajo-reunion-trabajo_23-2148985470.jpg\" class=\"attachment-large size-large\" alt=\"\" loading=\"lazy\" srcset=\"https:\/\/grupomaipu.com\/es-ar\/wp-content\/uploads\/sites\/2\/2024\/09\/diferentes-companeros-trabajo-reunion-trabajo_23-2148985470.jpg 1024w, https:\/\/grupomaipu.com\/es-ar\/wp-content\/uploads\/sites\/2\/2024\/09\/diferentes-companeros-trabajo-reunion-trabajo_23-2148985470-300x200.jpg 300w\" sizes=\"(max-width: 1024px) 100vw, 1024px\" \/><\/div><\/div><\/div><\/div><\/div><\/div><\/div><\/div><\/div><\/section><section class=\"l-section wpb_row height_large\"><div class=\"l-section-h i-cf\"><div class=\"g-cols vc_row via_grid cols_1-2 laptops-cols_inherit tablets-cols_inherit mobiles-cols_1 valign_middle type_default stacking_default\" style=\"--gap:4rem;\"><div class=\"wpb_column vc_column_container us_custom_73afe2ba us_animate_this\"><div class=\"vc_column-inner\"><div class=\"w-image us_custom_9cf479d2 has_ratio align_center\"><div class=\"w-image-h\"><div style=\"padding-bottom:100%\"><\/div><img decoding=\"async\" width=\"1024\" height=\"683\" src=\"https:\/\/grupomaipu.com\/es-ar\/wp-content\/uploads\/sites\/2\/2024\/09\/analizando-nuevo-plan-marketing-concepto-estadisticas-ventas-cerca_1163-46151.jpg\" class=\"attachment-large size-large\" alt=\"\" loading=\"lazy\" srcset=\"https:\/\/grupomaipu.com\/es-ar\/wp-content\/uploads\/sites\/2\/2024\/09\/analizando-nuevo-plan-marketing-concepto-estadisticas-ventas-cerca_1163-46151.jpg 1024w, https:\/\/grupomaipu.com\/es-ar\/wp-content\/uploads\/sites\/2\/2024\/09\/analizando-nuevo-plan-marketing-concepto-estadisticas-ventas-cerca_1163-46151-300x200.jpg 300w\" sizes=\"(max-width: 1024px) 100vw, 1024px\" \/><\/div><\/div><\/div><\/div><div class=\"wpb_column vc_column_container\"><div class=\"vc_column-inner\"><div class=\"g-cols wpb_row via_grid cols_3 laptops-cols_inherit tablets-cols_inherit mobiles-cols_1 valign_top type_default stacking_default\" style=\"--gap:1.1rem;\"><div class=\"wpb_column vc_column_container us_custom_b2c4c7cd has_text_color has_bg_color\"><div class=\"vc_column-inner\"><h2 class=\"w-text us_custom_9e344c1b has_text_color\"><span class=\"w-text-h\"><span class=\"w-text-value\">Ventajas<\/span><\/span><\/h2><div class=\"w-separator size_custom with_line width_50 thick_1 style_solid color_border align_center\" style=\"height:30px\"><div class=\"w-separator-h\"><\/div><\/div><\/div><\/div><div class=\"wpb_column vc_column_container us_custom_1277eea5 has_text_color has_bg_color\"><div class=\"vc_column-inner\"><div class=\"w-iconbox us_custom_2effabe8 has_text_color iconpos_top style_outlined color_light align_center no_text\"><div class=\"w-iconbox-icon\" style=\"font-size:1.5rem;\"><i class=\"fal fa-check\"><\/i><\/div><div class=\"w-iconbox-meta\"><h6 class=\"w-iconbox-title\" style=\"font-size:16px;\">CORE BUSINESS<\/h6><\/div><\/div><\/div><\/div><div class=\"wpb_column vc_column_container us_custom_1277eea5 has_text_color has_bg_color\"><div class=\"vc_column-inner\"><div class=\"w-iconbox us_custom_2effabe8 has_text_color iconpos_top style_outlined color_light align_center no_text\"><div class=\"w-iconbox-icon\" style=\"font-size:1.5rem;\"><i class=\"fal fa-check\"><\/i><\/div><div class=\"w-iconbox-meta\"><h6 class=\"w-iconbox-title\" style=\"font-size:16px;\">NETWORKING<\/h6><\/div><\/div><\/div><\/div><\/div><div class=\"w-separator size_custom\" style=\"height:20px\"><\/div><div class=\"g-cols wpb_row via_grid cols_3 laptops-cols_inherit tablets-cols_inherit mobiles-cols_1 valign_top type_default stacking_default\" style=\"--gap:1.1rem;\"><div class=\"wpb_column vc_column_container us_custom_1277eea5 has_text_color has_bg_color\"><div class=\"vc_column-inner\"><div class=\"w-iconbox us_custom_2effabe8 has_text_color iconpos_top style_outlined color_light align_center no_text\"><div class=\"w-iconbox-icon\" style=\"font-size:1.5rem;\"><i class=\"fal fa-check\"><\/i><\/div><div class=\"w-iconbox-meta\"><h6 class=\"w-iconbox-title\" style=\"font-size:16px;\">TALENTO<br \/>\nESPECIALIZADO<\/h6><\/div><\/div><\/div><\/div><div class=\"wpb_column vc_column_container us_custom_1277eea5 has_text_color has_bg_color\"><div class=\"vc_column-inner\"><div class=\"w-iconbox us_custom_2effabe8 has_text_color iconpos_top style_outlined color_light align_center no_text\"><div class=\"w-iconbox-icon\" style=\"font-size:1.5rem;\"><i class=\"fal fa-check\"><\/i><\/div><div class=\"w-iconbox-meta\"><h6 class=\"w-iconbox-title\" style=\"font-size:16px;\">OPTIMIZA TUS<br \/>\nPROYECTOS<\/h6><\/div><\/div><\/div><\/div><div class=\"wpb_column vc_column_container us_custom_1277eea5 has_text_color has_bg_color\"><div class=\"vc_column-inner\"><div class=\"w-iconbox us_custom_2effabe8 has_text_color iconpos_top style_outlined color_light align_center no_text\"><div class=\"w-iconbox-icon\" style=\"font-size:1.5rem;\"><i class=\"fal fa-check\"><\/i><\/div><div class=\"w-iconbox-meta\"><h6 class=\"w-iconbox-title\" style=\"font-size:16px;\">AJUSTA SU<br \/>\nPLANTILLA<\/h6><\/div><\/div><\/div><\/div><\/div><\/div><\/div><\/div><\/div><\/section><section class=\"l-section wpb_row us_custom_5b82bc21 height_medium\"><div class=\"l-section-h i-cf\"><div class=\"g-cols vc_row via_grid cols_1 laptops-cols_inherit tablets-cols_inherit mobiles-cols_1 valign_top type_default stacking_default\"><div class=\"wpb_column vc_column_container\"><div class=\"vc_column-inner\"><div class=\"g-cols wpb_row us_custom_461cd3af via_grid cols_1 laptops-cols_inherit tablets-cols_inherit mobiles-cols_1 valign_top type_default stacking_default\" style=\"--gap:3rem;\"><div class=\"wpb_column vc_column_container\"><div class=\"vc_column-inner\"><div class=\"wpb_text_column us_custom_8b3d6790 has_text_color\"><div class=\"wpb_wrapper\"><h2 style=\"text-align: center;\">La formaci\u00f3n en <span style=\"color: #2c96d3;\">outsourcing<br \/>\n<\/span><\/h2>\n<\/div><\/div><div class=\"w-separator size_small with_line width_50 thick_1 style_solid color_border align_center\"><div class=\"w-separator-h\"><\/div><\/div><div class=\"wpb_text_column us_custom_8b3d6790 has_text_color\"><div class=\"wpb_wrapper\"><p style=\"text-align: center;\">La formaci\u00f3n en outsourcing es esencial para cualquier profesional o empresa que desee comprender y aprovechar al m\u00e1ximo los beneficios de externalizar procesos o servicios.<\/p>\n<\/div><\/div><\/div><\/div><\/div><\/div><\/div><\/div><\/div><\/section><section class=\"l-section wpb_row us_custom_244b9e8e height_large\"><div class=\"l-section-h i-cf\"><div class=\"g-cols vc_row via_grid cols_1 laptops-cols_inherit tablets-cols_inherit mobiles-cols_1 valign_top type_default stacking_default\"><div class=\"wpb_column vc_column_container\"><div class=\"vc_column-inner\"><div class=\"w-separator size_small\"><\/div><div class=\"g-cols wpb_row via_grid cols_2 laptops-cols_inherit tablets-cols_inherit mobiles-cols_1 valign_top type_default stacking_default\" style=\"--gap:2.5rem;\"><div class=\"wpb_column vc_column_container\" id=\"sector\"><div class=\"vc_column-inner\"><div class=\"w-image us_custom_d26587bc has_ratio align_none\"><div class=\"w-image-h\"><div style=\"padding-bottom:56.25%\"><\/div><img decoding=\"async\" width=\"1024\" height=\"683\" src=\"https:\/\/grupomaipu.com\/es-ar\/wp-content\/uploads\/sites\/2\/2024\/09\/3-jovenes-trabajadores-oficina_1301-5354.jpg\" class=\"attachment-large size-large\" alt=\"\" loading=\"lazy\" srcset=\"https:\/\/grupomaipu.com\/es-ar\/wp-content\/uploads\/sites\/2\/2024\/09\/3-jovenes-trabajadores-oficina_1301-5354.jpg 1024w, https:\/\/grupomaipu.com\/es-ar\/wp-content\/uploads\/sites\/2\/2024\/09\/3-jovenes-trabajadores-oficina_1301-5354-300x200.jpg 300w\" sizes=\"(max-width: 1024px) 100vw, 1024px\" \/><\/div><\/div><div class=\"w-vwrapper us_custom_bf51aa33 align_none valign_top\" style=\"--vwrapper-gap:1rem\"><div class=\"wpb_text_column us_custom_f73f4019\"><div class=\"wpb_wrapper\"><p style=\"text-align: center;\">Nosotros nos encargamos de todo el proceso, desde la selecci\u00f3n de perfiles altamente cualificados y formados en las competencias espec\u00edficas que necesitas, hasta la gesti\u00f3n de sus contratos y n\u00f3minas.<\/p>\n<p style=\"text-align: center;\">Con nuestro servicio, tendr\u00e1s acceso a un equipo a medida, sin las complicaciones administrativas. Adem\u00e1s, nuestros profesionales reciben una formaci\u00f3n continua para garantizar que siempre est\u00e9n actualizados y alineados con tus objetivos.<\/p>\n<\/div><\/div><\/div><\/div><\/div><div class=\"wpb_column vc_column_container\" id=\"sector\"><div class=\"vc_column-inner\"><div class=\"w-image us_custom_d26587bc has_ratio align_none\"><div class=\"w-image-h\"><div style=\"padding-bottom:56.25%\"><\/div><img decoding=\"async\" width=\"1024\" height=\"701\" src=\"https:\/\/grupomaipu.com\/es-ar\/wp-content\/uploads\/sites\/2\/2024\/09\/dos-trabajadores-oficina-escritorio-computadora_329181-17660.jpg\" class=\"attachment-large size-large\" alt=\"\" loading=\"lazy\" srcset=\"https:\/\/grupomaipu.com\/es-ar\/wp-content\/uploads\/sites\/2\/2024\/09\/dos-trabajadores-oficina-escritorio-computadora_329181-17660.jpg 1024w, https:\/\/grupomaipu.com\/es-ar\/wp-content\/uploads\/sites\/2\/2024\/09\/dos-trabajadores-oficina-escritorio-computadora_329181-17660-300x205.jpg 300w\" sizes=\"(max-width: 1024px) 100vw, 1024px\" \/><\/div><\/div><div class=\"w-vwrapper us_custom_a27e1920 align_none valign_top\" style=\"--vwrapper-gap:1rem\"><div class=\"wpb_text_column us_custom_f73f4019\"><div class=\"wpb_wrapper\"><p style=\"text-align: center;\">En Grupo Maip\u00fa, dise\u00f1amos soluciones a medida para impulsar tu negocio. Con nuestra amplia experiencia en diversos sectores, conocemos las necesidades \u00fanicas de cada cliente.<\/p>\n<p style=\"text-align: center;\">Gracias a la calidad y dedicaci\u00f3n de nuestro equipo, hemos logrado el \u00e9xito en numerosos proyectos, lo que nos avala como tu socio estrat\u00e9gico para optimizar tus procesos y recursos.<\/p>\n<\/div><\/div><\/div><\/div><\/div><\/div><\/div><\/div><\/div><\/div><\/section>\n","protected":false},"excerpt":{"rendered":"Formaci\u00f3nCreemos en el potencial de cada personaPor eso, vamos m\u00e1s all\u00e1 de la gesti\u00f3n tradicional. Te ayudamos a cultivar un equipo de alto rendimiento, donde cada miembro se sienta valorado y pueda desarrollar todo su talento. Conf\u00eda en nuestra experiencia para encontrar el talento que tu empresa necesita. Grupo Maip\u00fa cuenta con una trayectoria comprobada...","protected":false},"author":1,"featured_media":0,"parent":0,"menu_order":0,"comment_status":"closed","ping_status":"closed","template":"","meta":{"_acf_changed":false,"_joinchat":[],"footnotes":""},"class_list":["post-1107","page","type-page","status-publish","hentry"],"acf":[],"yoast_head":"<!-- This site is optimized with the Yoast SEO plugin v23.9 - https:\/\/yoast.com\/wordpress\/plugins\/seo\/ -->\n<title>Formaci\u00f3n - Grupo Maip\u00fa Argentina<\/title>\n<meta name=\"description\" content=\"Capacita a tu equipo con la formaci\u00f3n innovadora de Grupo Maip\u00fa. Programas dise\u00f1ados para desarrollar habilidades clave.\" \/>\n<meta name=\"robots\" content=\"index, follow, max-snippet:-1, max-image-preview:large, max-video-preview:-1\" \/>\n<link rel=\"canonical\" href=\"https:\/\/grupomaipu.com\/es-ar\/formacion\/\" \/>\n<meta property=\"og:locale\" content=\"es_ES\" \/>\n<meta property=\"og:type\" content=\"article\" \/>\n<meta property=\"og:title\" content=\"Formaci\u00f3n - Grupo Maip\u00fa Argentina\" \/>\n<meta property=\"og:description\" content=\"Capacita a tu equipo con la formaci\u00f3n innovadora de Grupo Maip\u00fa. Programas dise\u00f1ados para desarrollar habilidades clave.\" \/>\n<meta property=\"og:url\" content=\"https:\/\/grupomaipu.com\/es-ar\/formacion\/\" \/>\n<meta property=\"og:site_name\" content=\"Grupo Maip\u00fa Argentina\" \/>\n<meta property=\"article:modified_time\" content=\"2024-11-05T13:38:12+00:00\" \/>\n<meta name=\"twitter:card\" content=\"summary_large_image\" \/>\n<meta name=\"twitter:label1\" content=\"Tiempo de lectura\" \/>\n\t<meta name=\"twitter:data1\" content=\"3 minutos\" \/>\n<script type=\"application\/ld+json\" class=\"yoast-schema-graph\">{\"@context\":\"https:\/\/schema.org\",\"@graph\":[{\"@type\":\"WebPage\",\"@id\":\"https:\/\/grupomaipu.com\/es-ar\/formacion\/\",\"url\":\"https:\/\/grupomaipu.com\/es-ar\/formacion\/\",\"name\":\"Formaci\u00f3n - Grupo Maip\u00fa Argentina\",\"isPartOf\":{\"@id\":\"\/#website\"},\"datePublished\":\"2024-09-18T07:28:20+00:00\",\"dateModified\":\"2024-11-05T13:38:12+00:00\",\"description\":\"Capacita a tu equipo con la formaci\u00f3n innovadora de Grupo Maip\u00fa. Programas dise\u00f1ados para desarrollar habilidades clave.\",\"breadcrumb\":{\"@id\":\"https:\/\/grupomaipu.com\/es-ar\/formacion\/#breadcrumb\"},\"inLanguage\":\"es\",\"potentialAction\":[{\"@type\":\"ReadAction\",\"target\":[\"https:\/\/grupomaipu.com\/es-ar\/formacion\/\"]}]},{\"@type\":\"BreadcrumbList\",\"@id\":\"https:\/\/grupomaipu.com\/es-ar\/formacion\/#breadcrumb\",\"itemListElement\":[{\"@type\":\"ListItem\",\"position\":1,\"name\":\"Portada\",\"item\":\"https:\/\/grupomaipu.com\/es-ar\/\"},{\"@type\":\"ListItem\",\"position\":2,\"name\":\"Formaci\u00f3n\"}]},{\"@type\":\"WebSite\",\"@id\":\"\/#website\",\"url\":\"\/\",\"name\":\"Grupo Maip\u00fa Argentina\",\"description\":\"\",\"publisher\":{\"@id\":\"\/#organization\"},\"potentialAction\":[{\"@type\":\"SearchAction\",\"target\":{\"@type\":\"EntryPoint\",\"urlTemplate\":\"\/?s={search_term_string}\"},\"query-input\":{\"@type\":\"PropertyValueSpecification\",\"valueRequired\":true,\"valueName\":\"search_term_string\"}}],\"inLanguage\":\"es\"},{\"@type\":\"Organization\",\"@id\":\"\/#organization\",\"name\":\"Grupo Maip\u00fa Argentina\",\"url\":\"\/\",\"logo\":{\"@type\":\"ImageObject\",\"inLanguage\":\"es\",\"@id\":\"\/#\/schema\/logo\/image\/\",\"url\":\"https:\/\/grupomaipu.com\/es-ar\/wp-content\/uploads\/sites\/2\/2024\/08\/Maipu-principal-todosloslogotipos-01.png\",\"contentUrl\":\"https:\/\/grupomaipu.com\/es-ar\/wp-content\/uploads\/sites\/2\/2024\/08\/Maipu-principal-todosloslogotipos-01.png\",\"width\":1612,\"height\":793,\"caption\":\"Grupo Maip\u00fa Argentina\"},\"image\":{\"@id\":\"\/#\/schema\/logo\/image\/\"}}]}<\/script>\n<!-- \/ Yoast SEO plugin. -->","yoast_head_json":{"title":"Formaci\u00f3n - Grupo Maip\u00fa Argentina","description":"Capacita a tu equipo con la formaci\u00f3n innovadora de Grupo Maip\u00fa. Programas dise\u00f1ados para desarrollar habilidades clave.","robots":{"index":"index","follow":"follow","max-snippet":"max-snippet:-1","max-image-preview":"max-image-preview:large","max-video-preview":"max-video-preview:-1"},"canonical":"https:\/\/grupomaipu.com\/es-ar\/formacion\/","og_locale":"es_ES","og_type":"article","og_title":"Formaci\u00f3n - Grupo Maip\u00fa Argentina","og_description":"Capacita a tu equipo con la formaci\u00f3n innovadora de Grupo Maip\u00fa. Programas dise\u00f1ados para desarrollar habilidades clave.","og_url":"https:\/\/grupomaipu.com\/es-ar\/formacion\/","og_site_name":"Grupo Maip\u00fa Argentina","article_modified_time":"2024-11-05T13:38:12+00:00","twitter_card":"summary_large_image","twitter_misc":{"Tiempo de lectura":"3 minutos"},"schema":{"@context":"https:\/\/schema.org","@graph":[{"@type":"WebPage","@id":"https:\/\/grupomaipu.com\/es-ar\/formacion\/","url":"https:\/\/grupomaipu.com\/es-ar\/formacion\/","name":"Formaci\u00f3n - Grupo Maip\u00fa Argentina","isPartOf":{"@id":"\/#website"},"datePublished":"2024-09-18T07:28:20+00:00","dateModified":"2024-11-05T13:38:12+00:00","description":"Capacita a tu equipo con la formaci\u00f3n innovadora de Grupo Maip\u00fa. Programas dise\u00f1ados para desarrollar habilidades clave.","breadcrumb":{"@id":"https:\/\/grupomaipu.com\/es-ar\/formacion\/#breadcrumb"},"inLanguage":"es","potentialAction":[{"@type":"ReadAction","target":["https:\/\/grupomaipu.com\/es-ar\/formacion\/"]}]},{"@type":"BreadcrumbList","@id":"https:\/\/grupomaipu.com\/es-ar\/formacion\/#breadcrumb","itemListElement":[{"@type":"ListItem","position":1,"name":"Portada","item":"https:\/\/grupomaipu.com\/es-ar\/"},{"@type":"ListItem","position":2,"name":"Formaci\u00f3n"}]},{"@type":"WebSite","@id":"\/#website","url":"\/","name":"Grupo Maip\u00fa Argentina","description":"","publisher":{"@id":"\/#organization"},"potentialAction":[{"@type":"SearchAction","target":{"@type":"EntryPoint","urlTemplate":"\/?s={search_term_string}"},"query-input":{"@type":"PropertyValueSpecification","valueRequired":true,"valueName":"search_term_string"}}],"inLanguage":"es"},{"@type":"Organization","@id":"\/#organization","name":"Grupo Maip\u00fa Argentina","url":"\/","logo":{"@type":"ImageObject","inLanguage":"es","@id":"\/#\/schema\/logo\/image\/","url":"https:\/\/grupomaipu.com\/es-ar\/wp-content\/uploads\/sites\/2\/2024\/08\/Maipu-principal-todosloslogotipos-01.png","contentUrl":"https:\/\/grupomaipu.com\/es-ar\/wp-content\/uploads\/sites\/2\/2024\/08\/Maipu-principal-todosloslogotipos-01.png","width":1612,"height":793,"caption":"Grupo Maip\u00fa Argentina"},"image":{"@id":"\/#\/schema\/logo\/image\/"}}]}},"_links":{"self":[{"href":"https:\/\/grupomaipu.com\/es-ar\/wp-json\/wp\/v2\/pages\/1107"}],"collection":[{"href":"https:\/\/grupomaipu.com\/es-ar\/wp-json\/wp\/v2\/pages"}],"about":[{"href":"https:\/\/grupomaipu.com\/es-ar\/wp-json\/wp\/v2\/types\/page"}],"author":[{"embeddable":true,"href":"https:\/\/grupomaipu.com\/es-ar\/wp-json\/wp\/v2\/users\/1"}],"replies":[{"embeddable":true,"href":"https:\/\/grupomaipu.com\/es-ar\/wp-json\/wp\/v2\/comments?post=1107"}],"version-history":[{"count":1,"href":"https:\/\/grupomaipu.com\/es-ar\/wp-json\/wp\/v2\/pages\/1107\/revisions"}],"predecessor-version":[{"id":1477,"href":"https:\/\/grupomaipu.com\/es-ar\/wp-json\/wp\/v2\/pages\/1107\/revisions\/1477"}],"wp:attachment":[{"href":"https:\/\/grupomaipu.com\/es-ar\/wp-json\/wp\/v2\/media?parent=1107"}],"curies":[{"name":"wp","href":"https:\/\/api.w.org\/{rel}","templated":true}]}}